{"id":1795,"date":"2017-11-30T11:16:09","date_gmt":"2017-11-30T10:16:09","guid":{"rendered":"http:\/\/pcooa-ev.de\/website\/?page_id=1795"},"modified":"2020-11-06T21:31:22","modified_gmt":"2020-11-06T20:31:22","slug":"jahreshauptversammlung-2017-hattingen-22-10-2017","status":"publish","type":"page","link":"https:\/\/police-car.com\/website\/jahreshauptversammlung-2017-hattingen-22-10-2017\/","title":{"rendered":"Jahreshauptversammlung 2017 &#8211; Hattingen 22.10.2017"},"content":{"rendered":"<p>Zum Ende eines Jahres halten wir traditionell unsere Mitgliederversammlung im Rahmen einer Jahreshauptversammlung ab. Eine j\u00e4hrlich stattfindende Mitgliederversammlung z\u00e4hlt zu den Pflichtaufgaben eines eingetragenen Vereins und dieses Jahr f\u00fchrte uns dazu der Weg ins Ruhrgebiet nach Hattingen.<\/p>\n<p>Der Gro\u00dfteil der Mitglieder reiste bereits am Abend des Vortages an und so bot sich die M\u00f6glichkeit einen Einblick in die private \u201ePolice\u201c Sammlung unseres Mitgliedes Tommy zu bekommen. Den Abend rundeten wir dann mit einem gemeinschaftlichen Essen in einem \u00f6rtlichen Restaurant ab.<\/p>\n<p>Am Sonntagmorgen fand dann unsere Jahreshauptversammlung statt. Im Fokus standen die Neuwahlen des Vorstandes sowie unser Jubil\u00e4umsjahr 2017, in dem wir unser 20-j\u00e4hriges Bestehen feierten.<\/p>\n<div id='gallery-2' class='gallery galleryid-1795 gallery-columns-3 gallery-size-thumbnail'><dl class='gallery-item'>\n\t\t\t<dt class='gallery-icon landscape'>\n\t\t\t\t<a href='https:\/\/police-car.com\/website\/wp-content\/uploads\/2017\/11\/IMG_3210.jpg' title=\"\" data-rl_title=\"\" class=\"rl-gallery-link\" data-rl_caption=\"\" data-rel=\"lightbox-gallery-2\"><img loading=\"lazy\" decoding=\"async\" width=\"245\" height=\"184\" src=\"https:\/\/police-car.com\/website\/wp-content\/uploads\/2017\/11\/IMG_3210-245x184.jpg\" class=\"attachment-thumbnail size-thumbnail\" alt=\"\" srcset=\"https:\/\/police-car.com\/website\/wp-content\/uploads\/2017\/11\/IMG_3210-245x184.jpg 245w, https:\/\/police-car.com\/website\/wp-content\/uploads\/2017\/11\/IMG_3210-300x225.jpg 300w, https:\/\/police-car.com\/website\/wp-content\/uploads\/2017\/11\/IMG_3210.jpg 1024w\" sizes=\"auto, (max-width: 245px) 100vw, 245px\" \/><\/a>\n\t\t\t<\/dt><\/dl><dl class='gallery-item'>\n\t\t\t<dt class='gallery-icon portrait'>\n\t\t\t\t<a href='https:\/\/police-car.com\/website\/wp-content\/uploads\/2017\/12\/IMG_3211.jpg' title=\"\" data-rl_title=\"\" class=\"rl-gallery-link\" data-rl_caption=\"\" data-rel=\"lightbox-gallery-2\"><img loading=\"lazy\" decoding=\"async\" width=\"245\" height=\"184\" src=\"https:\/\/police-car.com\/website\/wp-content\/uploads\/2017\/12\/IMG_3211-245x184.jpg\" class=\"attachment-thumbnail size-thumbnail\" alt=\"\" \/><\/a>\n\t\t\t<\/dt><\/dl><dl class='gallery-item'>\n\t\t\t<dt class='gallery-icon landscape'>\n\t\t\t\t<a href='https:\/\/police-car.com\/website\/wp-content\/uploads\/2017\/11\/IMG_3208.jpg' title=\"\" data-rl_title=\"\" class=\"rl-gallery-link\" data-rl_caption=\"\" data-rel=\"lightbox-gallery-2\"><img loading=\"lazy\" decoding=\"async\" width=\"245\" height=\"184\" src=\"https:\/\/police-car.com\/website\/wp-content\/uploads\/2017\/11\/IMG_3208-245x184.jpg\" class=\"attachment-thumbnail size-thumbnail\" alt=\"\" srcset=\"https:\/\/police-car.com\/website\/wp-content\/uploads\/2017\/11\/IMG_3208-245x184.jpg 245w, https:\/\/police-car.com\/website\/wp-content\/uploads\/2017\/11\/IMG_3208-300x225.jpg 300w, https:\/\/police-car.com\/website\/wp-content\/uploads\/2017\/11\/IMG_3208.jpg 1024w\" sizes=\"auto, (max-width: 245px) 100vw, 245px\" \/><\/a>\n\t\t\t<\/dt><\/dl><br style=\"clear: both\" \/><dl class='gallery-item'>\n\t\t\t<dt class='gallery-icon portrait'>\n\t\t\t\t<a href='https:\/\/police-car.com\/website\/wp-content\/uploads\/2017\/11\/IMG_3212.jpg' title=\"\" data-rl_title=\"\" class=\"rl-gallery-link\" data-rl_caption=\"\" data-rel=\"lightbox-gallery-2\"><img loading=\"lazy\" decoding=\"async\" width=\"245\" height=\"184\" src=\"https:\/\/police-car.com\/website\/wp-content\/uploads\/2017\/11\/IMG_3212-245x184.jpg\" class=\"attachment-thumbnail size-thumbnail\" alt=\"\" \/><\/a>\n\t\t\t<\/dt><\/dl><dl class='gallery-item'>\n\t\t\t<dt class='gallery-icon portrait'>\n\t\t\t\t<a href='https:\/\/police-car.com\/website\/wp-content\/uploads\/2017\/12\/IMG_3331.jpg' title=\"\" data-rl_title=\"\" class=\"rl-gallery-link\" data-rl_caption=\"\" data-rel=\"lightbox-gallery-2\"><img loading=\"lazy\" decoding=\"async\" width=\"245\" height=\"184\" src=\"https:\/\/police-car.com\/website\/wp-content\/uploads\/2017\/12\/IMG_3331-245x184.jpg\" class=\"attachment-thumbnail size-thumbnail\" alt=\"\" \/><\/a>\n\t\t\t<\/dt><\/dl><dl class='gallery-item'>\n\t\t\t<dt class='gallery-icon landscape'>\n\t\t\t\t<a href='https:\/\/police-car.com\/website\/wp-content\/uploads\/2017\/12\/IMG_3330.jpg' title=\"\" data-rl_title=\"\" class=\"rl-gallery-link\" data-rl_caption=\"\" data-rel=\"lightbox-gallery-2\"><img loading=\"lazy\" decoding=\"async\" width=\"245\" height=\"184\" src=\"https:\/\/police-car.com\/website\/wp-content\/uploads\/2017\/12\/IMG_3330-245x184.jpg\" class=\"attachment-thumbnail size-thumbnail\" alt=\"\" srcset=\"https:\/\/police-car.com\/website\/wp-content\/uploads\/2017\/12\/IMG_3330-245x184.jpg 245w, https:\/\/police-car.com\/website\/wp-content\/uploads\/2017\/12\/IMG_3330-300x225.jpg 300w, https:\/\/police-car.com\/website\/wp-content\/uploads\/2017\/12\/IMG_3330.jpg 1024w\" sizes=\"auto, (max-width: 245px) 100vw, 245px\" \/><\/a>\n\t\t\t<\/dt><\/dl><br style=\"clear: both\" \/><dl class='gallery-item'>\n\t\t\t<dt class='gallery-icon landscape'>\n\t\t\t\t<a href='https:\/\/police-car.com\/website\/wp-content\/uploads\/2017\/11\/IMG_3215.jpg' title=\"\" data-rl_title=\"\" class=\"rl-gallery-link\" data-rl_caption=\"\" data-rel=\"lightbox-gallery-2\"><img loading=\"lazy\" decoding=\"async\" width=\"245\" height=\"184\" src=\"https:\/\/police-car.com\/website\/wp-content\/uploads\/2017\/11\/IMG_3215-245x184.jpg\" class=\"attachment-thumbnail size-thumbnail\" alt=\"\" srcset=\"https:\/\/police-car.com\/website\/wp-content\/uploads\/2017\/11\/IMG_3215-245x184.jpg 245w, https:\/\/police-car.com\/website\/wp-content\/uploads\/2017\/11\/IMG_3215-300x225.jpg 300w, https:\/\/police-car.com\/website\/wp-content\/uploads\/2017\/11\/IMG_3215.jpg 1024w\" sizes=\"auto, (max-width: 245px) 100vw, 245px\" \/><\/a>\n\t\t\t<\/dt><\/dl><dl class='gallery-item'>\n\t\t\t<dt class='gallery-icon landscape'>\n\t\t\t\t<a href='https:\/\/police-car.com\/website\/wp-content\/uploads\/2017\/11\/WhatsApp-Image-2017-11-04-at-22.04.30.jpg' title=\"\" data-rl_title=\"\" class=\"rl-gallery-link\" data-rl_caption=\"\" data-rel=\"lightbox-gallery-2\"><img loading=\"lazy\" decoding=\"async\" width=\"245\" height=\"184\" src=\"https:\/\/police-car.com\/website\/wp-content\/uploads\/2017\/11\/WhatsApp-Image-2017-11-04-at-22.04.30-245x184.jpg\" class=\"attachment-thumbnail size-thumbnail\" alt=\"\" srcset=\"https:\/\/police-car.com\/website\/wp-content\/uploads\/2017\/11\/WhatsApp-Image-2017-11-04-at-22.04.30-245x184.jpg 245w, https:\/\/police-car.com\/website\/wp-content\/uploads\/2017\/11\/WhatsApp-Image-2017-11-04-at-22.04.30-300x225.jpg 300w, https:\/\/police-car.com\/website\/wp-content\/uploads\/2017\/11\/WhatsApp-Image-2017-11-04-at-22.04.30.jpg 1024w\" sizes=\"auto, (max-width: 245px) 100vw, 245px\" \/><\/a>\n\t\t\t<\/dt><\/dl><dl class='gallery-item'>\n\t\t\t<dt class='gallery-icon landscape'>\n\t\t\t\t<a href='https:\/\/police-car.com\/website\/wp-content\/uploads\/2017\/11\/WhatsApp-Image-2017-10-22-at-13.35.062.jpg' title=\"\" data-rl_title=\"\" class=\"rl-gallery-link\" data-rl_caption=\"\" data-rel=\"lightbox-gallery-2\"><img loading=\"lazy\" decoding=\"async\" width=\"245\" height=\"184\" src=\"https:\/\/police-car.com\/website\/wp-content\/uploads\/2017\/11\/WhatsApp-Image-2017-10-22-at-13.35.062-245x184.jpg\" class=\"attachment-thumbnail size-thumbnail\" alt=\"\" srcset=\"https:\/\/police-car.com\/website\/wp-content\/uploads\/2017\/11\/WhatsApp-Image-2017-10-22-at-13.35.062-245x184.jpg 245w, https:\/\/police-car.com\/website\/wp-content\/uploads\/2017\/11\/WhatsApp-Image-2017-10-22-at-13.35.062-300x225.jpg 300w, https:\/\/police-car.com\/website\/wp-content\/uploads\/2017\/11\/WhatsApp-Image-2017-10-22-at-13.35.062.jpg 1024w\" sizes=\"auto, (max-width: 245px) 100vw, 245px\" \/><\/a>\n\t\t\t<\/dt><\/dl><br style=\"clear: both\" \/><dl class='gallery-item'>\n\t\t\t<dt class='gallery-icon portrait'>\n\t\t\t\t<a href='https:\/\/police-car.com\/website\/wp-content\/uploads\/2017\/11\/WhatsApp-Image-2017-10-22-at-13.35.05.jpg' title=\"\" data-rl_title=\"\" class=\"rl-gallery-link\" data-rl_caption=\"\" data-rel=\"lightbox-gallery-2\"><img loading=\"lazy\" decoding=\"async\" width=\"245\" height=\"184\" src=\"https:\/\/police-car.com\/website\/wp-content\/uploads\/2017\/11\/WhatsApp-Image-2017-10-22-at-13.35.05-245x184.jpg\" class=\"attachment-thumbnail size-thumbnail\" alt=\"\" \/><\/a>\n\t\t\t<\/dt><\/dl><dl class='gallery-item'>\n\t\t\t<dt class='gallery-icon landscape'>\n\t\t\t\t<a href='https:\/\/police-car.com\/website\/wp-content\/uploads\/2017\/11\/WhatsApp-Image-2017-11-04-at-21.53.29.jpg' title=\"\" data-rl_title=\"\" class=\"rl-gallery-link\" data-rl_caption=\"\" data-rel=\"lightbox-gallery-2\"><img loading=\"lazy\" decoding=\"async\" width=\"245\" height=\"184\" src=\"https:\/\/police-car.com\/website\/wp-content\/uploads\/2017\/11\/WhatsApp-Image-2017-11-04-at-21.53.29-245x184.jpg\" class=\"attachment-thumbnail size-thumbnail\" alt=\"\" srcset=\"https:\/\/police-car.com\/website\/wp-content\/uploads\/2017\/11\/WhatsApp-Image-2017-11-04-at-21.53.29-245x184.jpg 245w, https:\/\/police-car.com\/website\/wp-content\/uploads\/2017\/11\/WhatsApp-Image-2017-11-04-at-21.53.29-300x225.jpg 300w, https:\/\/police-car.com\/website\/wp-content\/uploads\/2017\/11\/WhatsApp-Image-2017-11-04-at-21.53.29.jpg 1024w\" sizes=\"auto, (max-width: 245px) 100vw, 245px\" \/><\/a>\n\t\t\t<\/dt><\/dl><dl class='gallery-item'>\n\t\t\t<dt class='gallery-icon landscape'>\n\t\t\t\t<a href='https:\/\/police-car.com\/website\/wp-content\/uploads\/2017\/11\/WhatsApp-Image-2017-11-04-at-21.53.282.jpg' title=\"\" data-rl_title=\"\" class=\"rl-gallery-link\" data-rl_caption=\"\" data-rel=\"lightbox-gallery-2\"><img loading=\"lazy\" decoding=\"async\" width=\"245\" height=\"184\" src=\"https:\/\/police-car.com\/website\/wp-content\/uploads\/2017\/11\/WhatsApp-Image-2017-11-04-at-21.53.282-245x184.jpg\" class=\"attachment-thumbnail size-thumbnail\" alt=\"\" srcset=\"https:\/\/police-car.com\/website\/wp-content\/uploads\/2017\/11\/WhatsApp-Image-2017-11-04-at-21.53.282-245x184.jpg 245w, https:\/\/police-car.com\/website\/wp-content\/uploads\/2017\/11\/WhatsApp-Image-2017-11-04-at-21.53.282-300x225.jpg 300w, https:\/\/police-car.com\/website\/wp-content\/uploads\/2017\/11\/WhatsApp-Image-2017-11-04-at-21.53.282.jpg 1024w\" sizes=\"auto, (max-width: 245px) 100vw, 245px\" \/><\/a>\n\t\t\t<\/dt><\/dl><br style=\"clear: both\" \/><dl class='gallery-item'>\n\t\t\t<dt class='gallery-icon landscape'>\n\t\t\t\t<a href='https:\/\/police-car.com\/website\/wp-content\/uploads\/2017\/11\/WhatsApp-Image-2017-10-22-at-11.46.31.jpg' title=\"\" data-rl_title=\"\" class=\"rl-gallery-link\" data-rl_caption=\"\" data-rel=\"lightbox-gallery-2\"><img loading=\"lazy\" decoding=\"async\" width=\"245\" height=\"184\" src=\"https:\/\/police-car.com\/website\/wp-content\/uploads\/2017\/11\/WhatsApp-Image-2017-10-22-at-11.46.31-245x184.jpg\" class=\"attachment-thumbnail size-thumbnail\" alt=\"\" srcset=\"https:\/\/police-car.com\/website\/wp-content\/uploads\/2017\/11\/WhatsApp-Image-2017-10-22-at-11.46.31-245x184.jpg 245w, https:\/\/police-car.com\/website\/wp-content\/uploads\/2017\/11\/WhatsApp-Image-2017-10-22-at-11.46.31-300x225.jpg 300w, https:\/\/police-car.com\/website\/wp-content\/uploads\/2017\/11\/WhatsApp-Image-2017-10-22-at-11.46.31.jpg 1024w\" sizes=\"auto, (max-width: 245px) 100vw, 245px\" \/><\/a>\n\t\t\t<\/dt><\/dl><dl class='gallery-item'>\n\t\t\t<dt class='gallery-icon landscape'>\n\t\t\t\t<a href='https:\/\/police-car.com\/website\/wp-content\/uploads\/2017\/11\/WhatsApp-Image-2017-10-22-at-11.46.51.jpg' title=\"\" data-rl_title=\"\" class=\"rl-gallery-link\" data-rl_caption=\"\" data-rel=\"lightbox-gallery-2\"><img loading=\"lazy\" decoding=\"async\" width=\"245\" height=\"184\" src=\"https:\/\/police-car.com\/website\/wp-content\/uploads\/2017\/11\/WhatsApp-Image-2017-10-22-at-11.46.51-245x184.jpg\" class=\"attachment-thumbnail size-thumbnail\" alt=\"\" srcset=\"https:\/\/police-car.com\/website\/wp-content\/uploads\/2017\/11\/WhatsApp-Image-2017-10-22-at-11.46.51-245x184.jpg 245w, https:\/\/police-car.com\/website\/wp-content\/uploads\/2017\/11\/WhatsApp-Image-2017-10-22-at-11.46.51-300x225.jpg 300w, https:\/\/police-car.com\/website\/wp-content\/uploads\/2017\/11\/WhatsApp-Image-2017-10-22-at-11.46.51.jpg 1024w\" sizes=\"auto, (max-width: 245px) 100vw, 245px\" \/><\/a>\n\t\t\t<\/dt><\/dl><dl class='gallery-item'>\n\t\t\t<dt class='gallery-icon landscape'>\n\t\t\t\t<a href='https:\/\/police-car.com\/website\/wp-content\/uploads\/2017\/11\/WhatsApp-Image-2017-11-04-at-21.53.21.jpg' title=\"\" data-rl_title=\"\" class=\"rl-gallery-link\" data-rl_caption=\"\" data-rel=\"lightbox-gallery-2\"><img loading=\"lazy\" decoding=\"async\" width=\"245\" height=\"184\" src=\"https:\/\/police-car.com\/website\/wp-content\/uploads\/2017\/11\/WhatsApp-Image-2017-11-04-at-21.53.21-245x184.jpg\" class=\"attachment-thumbnail size-thumbnail\" alt=\"\" srcset=\"https:\/\/police-car.com\/website\/wp-content\/uploads\/2017\/11\/WhatsApp-Image-2017-11-04-at-21.53.21-245x184.jpg 245w, https:\/\/police-car.com\/website\/wp-content\/uploads\/2017\/11\/WhatsApp-Image-2017-11-04-at-21.53.21-300x225.jpg 300w, https:\/\/police-car.com\/website\/wp-content\/uploads\/2017\/11\/WhatsApp-Image-2017-11-04-at-21.53.21.jpg 1024w\" sizes=\"auto, (max-width: 245px) 100vw, 245px\" \/><\/a>\n\t\t\t<\/dt><\/dl><br style=\"clear: both\" \/><dl class='gallery-item'>\n\t\t\t<dt class='gallery-icon landscape'>\n\t\t\t\t<a href='https:\/\/police-car.com\/website\/wp-content\/uploads\/2017\/11\/WhatsApp-Image-2017-11-04-at-21.53.241.jpg' title=\"\" data-rl_title=\"\" class=\"rl-gallery-link\" data-rl_caption=\"\" data-rel=\"lightbox-gallery-2\"><img loading=\"lazy\" decoding=\"async\" width=\"245\" height=\"184\" src=\"https:\/\/police-car.com\/website\/wp-content\/uploads\/2017\/11\/WhatsApp-Image-2017-11-04-at-21.53.241-245x184.jpg\" class=\"attachment-thumbnail size-thumbnail\" alt=\"\" srcset=\"https:\/\/police-car.com\/website\/wp-content\/uploads\/2017\/11\/WhatsApp-Image-2017-11-04-at-21.53.241-245x184.jpg 245w, https:\/\/police-car.com\/website\/wp-content\/uploads\/2017\/11\/WhatsApp-Image-2017-11-04-at-21.53.241-300x225.jpg 300w, https:\/\/police-car.com\/website\/wp-content\/uploads\/2017\/11\/WhatsApp-Image-2017-11-04-at-21.53.241.jpg 1024w\" sizes=\"auto, (max-width: 245px) 100vw, 245px\" \/><\/a>\n\t\t\t<\/dt><\/dl><dl class='gallery-item'>\n\t\t\t<dt class='gallery-icon landscape'>\n\t\t\t\t<a href='https:\/\/police-car.com\/website\/wp-content\/uploads\/2017\/11\/WhatsApp-Image-2017-11-04-at-21.53.242.jpg' title=\"\" data-rl_title=\"\" class=\"rl-gallery-link\" data-rl_caption=\"\" data-rel=\"lightbox-gallery-2\"><img loading=\"lazy\" decoding=\"async\" width=\"245\" height=\"184\" src=\"https:\/\/police-car.com\/website\/wp-content\/uploads\/2017\/11\/WhatsApp-Image-2017-11-04-at-21.53.242-245x184.jpg\" class=\"attachment-thumbnail size-thumbnail\" alt=\"\" srcset=\"https:\/\/police-car.com\/website\/wp-content\/uploads\/2017\/11\/WhatsApp-Image-2017-11-04-at-21.53.242-245x184.jpg 245w, https:\/\/police-car.com\/website\/wp-content\/uploads\/2017\/11\/WhatsApp-Image-2017-11-04-at-21.53.242-300x225.jpg 300w, https:\/\/police-car.com\/website\/wp-content\/uploads\/2017\/11\/WhatsApp-Image-2017-11-04-at-21.53.242.jpg 1024w\" sizes=\"auto, (max-width: 245px) 100vw, 245px\" \/><\/a>\n\t\t\t<\/dt><\/dl><dl class='gallery-item'>\n\t\t\t<dt class='gallery-icon landscape'>\n\t\t\t\t<a href='https:\/\/police-car.com\/website\/wp-content\/uploads\/2017\/11\/WhatsApp-Image-2017-11-04-at-21.53.261.jpg' title=\"\" data-rl_title=\"\" class=\"rl-gallery-link\" data-rl_caption=\"\" data-rel=\"lightbox-gallery-2\"><img loading=\"lazy\" decoding=\"async\" width=\"245\" height=\"184\" src=\"https:\/\/police-car.com\/website\/wp-content\/uploads\/2017\/11\/WhatsApp-Image-2017-11-04-at-21.53.261-245x184.jpg\" class=\"attachment-thumbnail size-thumbnail\" alt=\"\" srcset=\"https:\/\/police-car.com\/website\/wp-content\/uploads\/2017\/11\/WhatsApp-Image-2017-11-04-at-21.53.261-245x184.jpg 245w, https:\/\/police-car.com\/website\/wp-content\/uploads\/2017\/11\/WhatsApp-Image-2017-11-04-at-21.53.261-300x225.jpg 300w, https:\/\/police-car.com\/website\/wp-content\/uploads\/2017\/11\/WhatsApp-Image-2017-11-04-at-21.53.261.jpg 1024w\" sizes=\"auto, (max-width: 245px) 100vw, 245px\" \/><\/a>\n\t\t\t<\/dt><\/dl><br style=\"clear: both\" \/><dl class='gallery-item'>\n\t\t\t<dt class='gallery-icon landscape'>\n\t\t\t\t<a href='https:\/\/police-car.com\/website\/wp-content\/uploads\/2017\/11\/WhatsApp-Image-2017-11-04-at-21.53.262.jpg' title=\"\" data-rl_title=\"\" class=\"rl-gallery-link\" data-rl_caption=\"\" data-rel=\"lightbox-gallery-2\"><img loading=\"lazy\" decoding=\"async\" width=\"245\" height=\"184\" src=\"https:\/\/police-car.com\/website\/wp-content\/uploads\/2017\/11\/WhatsApp-Image-2017-11-04-at-21.53.262-245x184.jpg\" class=\"attachment-thumbnail size-thumbnail\" alt=\"\" srcset=\"https:\/\/police-car.com\/website\/wp-content\/uploads\/2017\/11\/WhatsApp-Image-2017-11-04-at-21.53.262-245x184.jpg 245w, https:\/\/police-car.com\/website\/wp-content\/uploads\/2017\/11\/WhatsApp-Image-2017-11-04-at-21.53.262-300x225.jpg 300w, https:\/\/police-car.com\/website\/wp-content\/uploads\/2017\/11\/WhatsApp-Image-2017-11-04-at-21.53.262.jpg 1024w\" sizes=\"auto, (max-width: 245px) 100vw, 245px\" \/><\/a>\n\t\t\t<\/dt><\/dl><dl class='gallery-item'>\n\t\t\t<dt class='gallery-icon landscape'>\n\t\t\t\t<a href='https:\/\/police-car.com\/website\/wp-content\/uploads\/2017\/11\/WhatsApp-Image-2017-11-04-at-21.53.26.jpg' title=\"\" data-rl_title=\"\" class=\"rl-gallery-link\" data-rl_caption=\"\" data-rel=\"lightbox-gallery-2\"><img loading=\"lazy\" decoding=\"async\" width=\"245\" height=\"184\" src=\"https:\/\/police-car.com\/website\/wp-content\/uploads\/2017\/11\/WhatsApp-Image-2017-11-04-at-21.53.26-245x184.jpg\" class=\"attachment-thumbnail size-thumbnail\" alt=\"\" srcset=\"https:\/\/police-car.com\/website\/wp-content\/uploads\/2017\/11\/WhatsApp-Image-2017-11-04-at-21.53.26-245x184.jpg 245w, https:\/\/police-car.com\/website\/wp-content\/uploads\/2017\/11\/WhatsApp-Image-2017-11-04-at-21.53.26-300x225.jpg 300w, https:\/\/police-car.com\/website\/wp-content\/uploads\/2017\/11\/WhatsApp-Image-2017-11-04-at-21.53.26.jpg 1024w\" sizes=\"auto, (max-width: 245px) 100vw, 245px\" \/><\/a>\n\t\t\t<\/dt><\/dl><dl class='gallery-item'>\n\t\t\t<dt class='gallery-icon landscape'>\n\t\t\t\t<a href='https:\/\/police-car.com\/website\/wp-content\/uploads\/2017\/11\/WhatsApp-Image-2017-11-04-at-21.53.28.jpg' title=\"\" data-rl_title=\"\" class=\"rl-gallery-link\" data-rl_caption=\"\" data-rel=\"lightbox-gallery-2\"><img loading=\"lazy\" decoding=\"async\" width=\"245\" height=\"184\" src=\"https:\/\/police-car.com\/website\/wp-content\/uploads\/2017\/11\/WhatsApp-Image-2017-11-04-at-21.53.28-245x184.jpg\" class=\"attachment-thumbnail size-thumbnail\" alt=\"\" srcset=\"https:\/\/police-car.com\/website\/wp-content\/uploads\/2017\/11\/WhatsApp-Image-2017-11-04-at-21.53.28-245x184.jpg 245w, https:\/\/police-car.com\/website\/wp-content\/uploads\/2017\/11\/WhatsApp-Image-2017-11-04-at-21.53.28-300x225.jpg 300w, https:\/\/police-car.com\/website\/wp-content\/uploads\/2017\/11\/WhatsApp-Image-2017-11-04-at-21.53.28.jpg 1024w\" sizes=\"auto, (max-width: 245px) 100vw, 245px\" \/><\/a>\n\t\t\t<\/dt><\/dl><br style=\"clear: both\" \/>\n\t\t<\/div>\n\n","protected":false},"excerpt":{"rendered":"<p>Zum Ende eines Jahres halten wir traditionell unsere Mitgliederversammlung im Rahmen einer Jahreshauptversammlung ab. Eine j\u00e4hrlich stattfindende Mitgliederversammlung z\u00e4hlt zu den Pflichtaufgaben eines eingetragenen Vereins und dieses Jahr f\u00fchrte uns dazu der Weg ins Ruhrgebiet&#8230;<\/p>\n","protected":false},"author":3,"featured_media":0,"parent":0,"menu_order":0,"comment_status":"closed","ping_status":"closed","template":"","meta":{"footnotes":""},"class_list":["post-1795","page","type-page","status-publish","hentry"],"_links":{"self":[{"href":"https:\/\/police-car.com\/website\/wp-json\/wp\/v2\/pages\/1795","targetHints":{"allow":["GET"]}}],"collection":[{"href":"https:\/\/police-car.com\/website\/wp-json\/wp\/v2\/pages"}],"about":[{"href":"https:\/\/police-car.com\/website\/wp-json\/wp\/v2\/types\/page"}],"author":[{"embeddable":true,"href":"https:\/\/police-car.com\/website\/wp-json\/wp\/v2\/users\/3"}],"replies":[{"embeddable":true,"href":"https:\/\/police-car.com\/website\/wp-json\/wp\/v2\/comments?post=1795"}],"version-history":[{"count":6,"href":"https:\/\/police-car.com\/website\/wp-json\/wp\/v2\/pages\/1795\/revisions"}],"predecessor-version":[{"id":2468,"href":"https:\/\/police-car.com\/website\/wp-json\/wp\/v2\/pages\/1795\/revisions\/2468"}],"wp:attachment":[{"href":"https:\/\/police-car.com\/website\/wp-json\/wp\/v2\/media?parent=1795"}],"curies":[{"name":"wp","href":"https:\/\/api.w.org\/{rel}","templated":true}]}}