{"id":180,"date":"2015-08-08T23:07:31","date_gmt":"2015-08-08T21:07:31","guid":{"rendered":"http:\/\/pcooa-ev.de\/website\/?page_id=180"},"modified":"2025-08-29T05:15:22","modified_gmt":"2025-08-29T04:15:22","slug":"warum-police-cars","status":"publish","type":"page","link":"https:\/\/police-car.com\/website\/ueber-den-verein\/warum-police-cars\/","title":{"rendered":"Warum Police Cars?"},"content":{"rendered":"<p>Glaubt man der herrschenden Meinung, so muss man unbedingt die Finger von ausgemusterten Einsatzfahrzeugen der Polizei oder auch Feuerwehr lassen. Hohe Laufleistungen, schlechter, ungepflegter Zustand, viele verschiedene Fahrer, die den Fahrzeugen direkt nach dem Anlassen alles abverlangten. Und wer wei\u00df schon, wer in diesen Autos bereits alles auf der R\u00fcckbank gesessen hat\u2026<\/p>\n<p>Dies mag in manchen F\u00e4llen zwar zutreffen, die Regel ist es allerdings nicht. Die Welt der Streifenwagen ist bunt und vielf\u00e4ltig. Es gibt ebenso Beh\u00f6rden, die Ihre Autos nach strengen Vorgaben warten und pflegen oder auch welche, die ihre Fahrzeuge bereits nach kurzer Zeit ausmustern. Diese Fahrzeuge sind nicht selten von \u201everbraucht\u201c noch weit entfernt. Nicht umsonst sind ausgemusterte Streifenwagen beliebte Fahrzeuge bei \u00f6ffentlichen Versteigerungen.<\/p>\n<p>Streifenwagen \u00fcben einen ganz speziellen Reiz aus, dem jeder unserer Vereinsmitglieder erlegen ist. Im n\u00e4chsten Abschnitt wagen wir einen Erkl\u00e4rungsversuch.<\/p>\n<p><strong>Der Reiz eines Police Cars<\/strong><\/p>\n<p>Die Reize eines alten Streifenwagens sind vielf\u00e4ltig! Zum einen w\u00e4re da die Geschichte, die jedes einzelne Auto zu erz\u00e4hlen hat. Die Wagen aus unserem Verein kommen aus den unterschiedlichsten Bundesstaaten und Beh\u00f6rden. Jedes dieser Autos tr\u00e4gt dadurch ein vergleichsweise individuelles Erscheinungsbild und hat seine ganz eigene Geschichte. So mancher hat ein Auto direkt vom Department bekommen, ohne dass dieses abger\u00fcstet worden ist. Andere haben in m\u00fchsamer Recherche und Arbeit die Geschichte ihres Autos von hinten aufgerollt und neben f\u00e4lligen Reparaturarbeiten auch in m\u00fchevoller Kleinarbeit fehlende Ausstattungsgegenst\u00e4nde zusammengetragen.<\/p>\n<p>Die Geschichte jedes einzelnen Fahrzeugs ist einzigartig und die Einsatzzwecke der Fahrzeuge k\u00f6nnten zum Teil nicht unterschiedlicher sein. Vom ganz normalen Streifenwagen \u00fcber Military Police Autos bis hin zu Fahrzeugen mit Sonderaufgaben ist alles dabei. Gerade in der letzten Kategorie hat der Verein einiges zu bieten. Neben einem Streifenwagen, der im \u201eCitizen on Patrol\u201c Programm eines kleinen Sheriff Departments in Nordkalifornien gelaufen ist, befinden sich auch seltene St\u00fccke wie ein originales Kommandofahrzeug der GM Werksfeuerwehr aus Mesa, Arizona in unseren Reihen. Auch unsere \u201enormalen\u201c Streifenwagen haben einiges zu bieten. Zum einen w\u00e4ren da die originalen California Highway Patrol Streifenwagen ebenso wie einer der wenigen \u00fcberlebenden Florida Highway Patrol Chevrolet Camaros, dessen schiere Leistungsf\u00e4higkeit f\u00fcr Angst und Schrecken unter Tempos\u00fcndern sorgten. Eine weitere Besonderheit sind amerikanische Streifenwagen, die gewisserweise au\u00dferhalb der USA bei den Streitkr\u00e4ften in Europa im Dienst waren. Die gr\u00f6\u00dfte europ\u00e4ische Sammlung dieser Fahrzeuge der Military und Security Police befindet sich in den Reihen dieses Vereins.<br \/>\nDabei beschr\u00e4nkt sich unsere Begeisterung nicht nur auf vierr\u00e4drige Fahrzeuge, sondern auch auf Motorr\u00e4der von z.B. der Marke Harley Davidson oder Kawasaki, die ebenso in den Garagen unserer Mitglieder stehen. Und inzwischen befinden sich auch Fire Trucks in unseren Reihen!<\/p>\n<p>Wir haben es uns zur Aufgabe gemacht die Geschichte dieser Fahrzeuge aufzuarbeiten, zu erhalten und weiterzuschreiben. Dies ist nur ein Teil, der den Reiz des Hobbys ausmacht.<\/p>\n<p><a href=\"https:\/\/police-car.com\/website\/wp-content\/uploads\/2015\/08\/chp.jpg\" data-rel=\"lightbox-image-0\" data-rl_title=\"\" data-rl_caption=\"\" title=\"\"><img loading=\"lazy\" decoding=\"async\" class=\"aligncenter wp-image-1736\" src=\"http:\/\/pcooa-ev.de\/website\/wp-content\/uploads\/2015\/08\/chp.jpg\" alt=\"\" width=\"665\" height=\"499\" srcset=\"https:\/\/police-car.com\/website\/wp-content\/uploads\/2015\/08\/chp.jpg 1024w, https:\/\/police-car.com\/website\/wp-content\/uploads\/2015\/08\/chp-245x184.jpg 245w, https:\/\/police-car.com\/website\/wp-content\/uploads\/2015\/08\/chp-300x225.jpg 300w\" sizes=\"auto, (max-width: 665px) 100vw, 665px\" \/><\/a><\/p>\n<h6 style=\"text-align: center;\">1987 Dodge Diplomat California Highway Patrol<\/h6>\n<p><strong>Die Technik<\/strong><\/p>\n<p>Egal ob es eine pers\u00f6nlich zugewiesene Take Home Unit, oder eine rund um die Uhr auf den Stra\u00dfen laufenden Beat Unit war. Ob es eines von wenigen Fahrzeugen einer kleinen County Beh\u00f6rde, oder eines von vielen aus einer riesigen Metropole ist. Police Officers haben eine ganz besondere Beziehung zu ihrem Auto. Es ist mehr als ein Arbeitsmittel, mehr als ein rollendes B\u00fcro. In ihnen verbringen sie einen gro\u00dfen Teil des Tages, es ist praktisch ein zweites Zuhause. Egal ob man zu Notrufen eilt oder pr\u00e4ventive Ma\u00dfnahmen umsetzt, den Kontakt zur Bev\u00f6lkerung sucht, ja gar repr\u00e4sentative Aufgaben \u00fcbernimmt. Es findet mit dem Streifenwagen statt. Man muss sich auf sein Gef\u00e4hrt unter allen Umst\u00e4nden verlassen k\u00f6nnen. Die teils extrem harten Einsatzbedingungen spielen dabei eine gro\u00dfe Rolle. Stundenlanger Leerlauf bei der Verkehrs\u00fcberwachung unter sengender Hitze, st\u00e4ndiges \u00dcberfahren von Bordsteinen und Schlagl\u00f6chern schlecht geflickter Stra\u00dfen, eisige Blizzards in schwach besiedelten Gegenden, Verfolgungsjagden auf f\u00fcnfspurigen Interstates. Der Streifenwagen muss das tun was er von ihm verlangt wird und darf seinen Fahrer, der anderes als in Europa oft alleine unterwegs ist, nicht im Stich lassen. Daf\u00fcr werden die Fahrzeuge von den Automobilherstellern besonders vorbereitet.<\/p>\n<p>Was amerikanische Streifenwagen von ihren deutschen Pendants unterscheidet ist nicht allein die Optik, sondern auch die Technik. Denn diese Autos werden in der Regel mit dem sogenannten \u201ePolice Package\u201c ausger\u00fcstet. Hierbei handelt es sich um ein auf den Einsatzzweck zugeschnittenes Technikpaket. Dieses enth\u00e4lt oftmals spezielle Motoren, Fahrwerke, Lenkungen, Bremsen und K\u00fchlsysteme damit die Fahrzeuge auch unter h\u00e4rtesten Bedingungen bestehen k\u00f6nnen. Im Vergleich zu den Serienfahrzeugen, auf denen sie basieren, sind viele dieser Komponenten verst\u00e4rkt, worauf auch die legend\u00e4re Haltbarkeit der Streifenwagen zur\u00fcckzuf\u00fchren ist. Nicht umsonst erfreuen sich ausgemusterte Streifenwagen auf Beh\u00f6rdenauktionen bei Privatk\u00e4ufern und Taxi-Unternehmen einer gewissen Beliebtheit.<\/p>\n<p>Neben all diesen Sachen geh\u00f6ren nat\u00fcrlich auch diverse Vorbereitungen f\u00fcr die Polizeiausstattung dazu, welche von vielen Herstellern bereits ab Werk angeboten werden. Darunter fallen beispielsweise st\u00e4rkere Lichtmaschinen, zus\u00e4tzliche Sicherungsk\u00e4sten oder auch einfach Dinge wie Suchscheinwerfer, welche oft vom Hersteller direkt als Option ab Werk angeboten werden. Auff\u00e4llig ist auch die oftmals unterschiedliche Serienausstattung. Wo zivile Modelle oft im Luxus schwelgen, sind Police Package Autos nicht selten deutlich pragmatischer ausgestattet. So unterscheiden sich meist schon die Polster von den zivilen Versionen. Wo es bei zivilen Modellen Lederpolster gibt, ist bei den Beh\u00f6rdenautos eine leicht abwaschbare Vinylsitzbank das H\u00f6chste der Gef\u00fchle. Wer schon mal das Vergn\u00fcgen hatte ein Police Package Fahrzeug und sein ziviles Pendant miteinander zu vergleichen, wird ebenso feststellen, dass sich trotz der gleichen Basis das Fahrverhalten deutlich unterscheidet. Andere Motoren, Hinterachs\u00fcbersetzungen und auch Fahrwerkabstimmungen sorgen daf\u00fcr, dass sich Police Package Autos deutlich dynamischer bewegen lassen. Das alles sind f\u00fcr uns Gr\u00fcnde, ausschlie\u00dflich auf originale Police Package Fahrzeuge zur\u00fcckzugreifen.<\/p>\n<p><a href=\"https:\/\/police-car.com\/website\/wp-content\/uploads\/2017\/11\/1996-Caprice-LT1.jpg\" data-rel=\"lightbox-image-1\" data-rl_title=\"\" data-rl_caption=\"\" title=\"\"><img loading=\"lazy\" decoding=\"async\" class=\"aligncenter wp-image-1788\" src=\"http:\/\/pcooa-ev.de\/website\/wp-content\/uploads\/2017\/11\/1996-Caprice-LT1.jpg\" alt=\"\" width=\"665\" height=\"499\" srcset=\"https:\/\/police-car.com\/website\/wp-content\/uploads\/2017\/11\/1996-Caprice-LT1.jpg 1024w, https:\/\/police-car.com\/website\/wp-content\/uploads\/2017\/11\/1996-Caprice-LT1-245x184.jpg 245w, https:\/\/police-car.com\/website\/wp-content\/uploads\/2017\/11\/1996-Caprice-LT1-300x225.jpg 300w\" sizes=\"auto, (max-width: 665px) 100vw, 665px\" \/><\/a><\/p>\n<h6 style=\"text-align: center;\">5,7L V8 LT1 Motor im 1996 Chevrolet Caprice 9C1<\/h6>\n<p><strong>Die Ausstattung<\/strong><\/p>\n<p>Aber nicht nur die Fahrzeuge selbst, sondern auch die Polizeiausstattung ist ein interessantes Thema, mit dem man ganze Enzyklop\u00e4dien f\u00fcllen k\u00f6nnte! Wie bereits erw\u00e4hnt werden bestimmte Teile wie Suchscheinwerfer oder Pushbars direkt vom Hersteller ab Werk angeboten. Andere Teile wiederum beziehen die Beh\u00f6rden direkt von den spezialisierten Zulieferern. Darunter fallen Lichtbalken, Zusatzbeleuchtung, Sirenen, Funkger\u00e4te, Konsolen, Trenngitter, K\u00e4fige und anderes Zubeh\u00f6r, was speziell auf die Bed\u00fcrfnisse von Polizeibeh\u00f6rden zugeschnitten ist. Gr\u00f6\u00dfere Beh\u00f6rden haben sogar eigene Werkst\u00e4tten, in denen die Wagen nicht nur gewartet sondern auch aufgebaut werden. Allein an diesem Thema k\u00f6nnte sich der Hobbyist ein Leben lang austoben (und das tun er zum Teil auch!) ohne dass ihm langweilig werden w\u00fcrde. Das Thema Ausstattung ist untrennbar mit dem Hobby verbunden und nicht wenige unserer Mitglieder zeigen auch ein starkes Interesse an diesem Police Equipment. Dies ist definitiv ein Teil, der zum Reiz des gro\u00dfen Ganzen beitr\u00e4gt.<\/p>\n<p>Es ist die Kombination aus einzigartiger Geschichte und spezieller Technik, die f\u00fcr unsere Mitglieder den Reiz des Hobbys ausmacht. In Form des Vereins haben wir die M\u00f6glichkeit diese Leidenschaft und unser Wissen miteinander zu teilen. Dazu kommt, dass man sich gegenseitig viel besser unterst\u00fctzen kann, wenn man untereinander organisiert ist. Wie sagte Mark Twain schon so sch\u00f6n:<\/p>\n<p>\u201eFreude l\u00e4sst sich nur voll auskosten, wenn sich ein anderer mitfreut.\u201c<\/p>\n","protected":false},"excerpt":{"rendered":"<p>Glaubt man der herrschenden Meinung, so muss man unbedingt die Finger von ausgemusterten Einsatzfahrzeugen der Polizei oder auch Feuerwehr lassen. Hohe Laufleistungen, schlechter, ungepflegter Zustand, viele verschiedene Fahrer, die den Fahrzeugen direkt nach dem Anlassen&#8230;<\/p>\n","protected":false},"author":2,"featured_media":0,"parent":177,"menu_order":2,"comment_status":"closed","ping_status":"closed","template":"","meta":{"footnotes":""},"class_list":["post-180","page","type-page","status-publish","hentry"],"_links":{"self":[{"href":"https:\/\/police-car.com\/website\/wp-json\/wp\/v2\/pages\/180","targetHints":{"allow":["GET"]}}],"collection":[{"href":"https:\/\/police-car.com\/website\/wp-json\/wp\/v2\/pages"}],"about":[{"href":"https:\/\/police-car.com\/website\/wp-json\/wp\/v2\/types\/page"}],"author":[{"embeddable":true,"href":"https:\/\/police-car.com\/website\/wp-json\/wp\/v2\/users\/2"}],"replies":[{"embeddable":true,"href":"https:\/\/police-car.com\/website\/wp-json\/wp\/v2\/comments?post=180"}],"version-history":[{"count":32,"href":"https:\/\/police-car.com\/website\/wp-json\/wp\/v2\/pages\/180\/revisions"}],"predecessor-version":[{"id":4656,"href":"https:\/\/police-car.com\/website\/wp-json\/wp\/v2\/pages\/180\/revisions\/4656"}],"up":[{"embeddable":true,"href":"https:\/\/police-car.com\/website\/wp-json\/wp\/v2\/pages\/177"}],"wp:attachment":[{"href":"https:\/\/police-car.com\/website\/wp-json\/wp\/v2\/media?parent=180"}],"curies":[{"name":"wp","href":"https:\/\/api.w.org\/{rel}","templated":true}]}}