{"id":1843,"date":"2017-12-01T12:04:24","date_gmt":"2017-12-01T11:04:24","guid":{"rendered":"http:\/\/pcooa-ev.de\/website\/?page_id=1843"},"modified":"2020-11-06T21:27:34","modified_gmt":"2020-11-06T20:27:34","slug":"familientag-freiwillige-feuerwehr-muelheim-an-der-ruhr-16-09-2017","status":"publish","type":"page","link":"https:\/\/police-car.com\/website\/familientag-freiwillige-feuerwehr-muelheim-an-der-ruhr-16-09-2017\/","title":{"rendered":"Familientag &#8211; FFW M\u00fclheim an der Ruhr 16.09.2017"},"content":{"rendered":"<p>Einige unserer Mitglieder sind neben dem Police Car Hobby auch ehrenamtlich t\u00e4tig.<br \/>\nSo auch unser Mitglied Philipp, der aktiv beim L\u00f6schzug Hei\u00dfen der Freiwilligen Feuerwehr M\u00fclheim an der Ruhr mitwirkt.<\/p>\n<p>Am dritten September Wochenende bot sich die M\u00f6glichkeit f\u00fcr ihn beide Hobbys zu verbinden. Zusammen mit weiteren Vereinskollegen pr\u00e4sentierten wir unsere Streifenwagen auf einer Fahrzeugschau zum Familientag bei der Freiwilligen Feuerwehr M\u00fclheim an der Ruhr.<\/p>\n<p>Mit drei realistischen Einsatz\u00fcbungen zeigte die Jugend- sowie die aktive Feuerwehr ihr K\u00f6nnen. Im obersten Stockwerk gab es ein kleines Museum \u00fcber die Geschichte der Freiwilligen Feuerwehr M\u00fclheim an der Ruhr und nat\u00fcrlich f\u00fcr die Kids auch Kinderschminken.<\/p>\n<p>Highlights f\u00fcr alle waren die gro\u00dfen L\u00f6schfahrzeuge sowie unsere ausgestellten Police Cars.<\/p>\n<p>Rundum war es ein sehr gelungener Tag. Wir konnten viele interessierte Fragen zu unseren Fahrzeugen beantworten und haben so manches Kinderlachen herbei gezaubert!<\/p>\n<div id='gallery-2' class='gallery galleryid-1843 gallery-columns-3 gallery-size-thumbnail'><dl class='gallery-item'>\n\t\t\t<dt class='gallery-icon landscape'>\n\t\t\t\t<a href='https:\/\/police-car.com\/website\/wp-content\/uploads\/2017\/12\/WhatsApp-Image-2017-09-16-at-16.57.191.jpg' title=\"\" data-rl_title=\"\" class=\"rl-gallery-link\" data-rl_caption=\"\" data-rel=\"lightbox-gallery-2\"><img loading=\"lazy\" decoding=\"async\" width=\"245\" height=\"184\" src=\"https:\/\/police-car.com\/website\/wp-content\/uploads\/2017\/12\/WhatsApp-Image-2017-09-16-at-16.57.191-245x184.jpg\" class=\"attachment-thumbnail size-thumbnail\" alt=\"\" srcset=\"https:\/\/police-car.com\/website\/wp-content\/uploads\/2017\/12\/WhatsApp-Image-2017-09-16-at-16.57.191-245x184.jpg 245w, https:\/\/police-car.com\/website\/wp-content\/uploads\/2017\/12\/WhatsApp-Image-2017-09-16-at-16.57.191-300x225.jpg 300w, https:\/\/police-car.com\/website\/wp-content\/uploads\/2017\/12\/WhatsApp-Image-2017-09-16-at-16.57.191.jpg 1024w\" sizes=\"auto, (max-width: 245px) 100vw, 245px\" \/><\/a>\n\t\t\t<\/dt><\/dl><dl class='gallery-item'>\n\t\t\t<dt class='gallery-icon landscape'>\n\t\t\t\t<a href='https:\/\/police-car.com\/website\/wp-content\/uploads\/2017\/12\/IMG_3052.jpg' title=\"\" data-rl_title=\"\" class=\"rl-gallery-link\" data-rl_caption=\"\" data-rel=\"lightbox-gallery-2\"><img loading=\"lazy\" decoding=\"async\" width=\"245\" height=\"184\" src=\"https:\/\/police-car.com\/website\/wp-content\/uploads\/2017\/12\/IMG_3052-245x184.jpg\" class=\"attachment-thumbnail size-thumbnail\" alt=\"\" srcset=\"https:\/\/police-car.com\/website\/wp-content\/uploads\/2017\/12\/IMG_3052-245x184.jpg 245w, https:\/\/police-car.com\/website\/wp-content\/uploads\/2017\/12\/IMG_3052-300x225.jpg 300w, https:\/\/police-car.com\/website\/wp-content\/uploads\/2017\/12\/IMG_3052.jpg 1024w\" sizes=\"auto, (max-width: 245px) 100vw, 245px\" \/><\/a>\n\t\t\t<\/dt><\/dl><dl class='gallery-item'>\n\t\t\t<dt class='gallery-icon landscape'>\n\t\t\t\t<a href='https:\/\/police-car.com\/website\/wp-content\/uploads\/2017\/12\/IMG_3067.jpg' title=\"\" data-rl_title=\"\" class=\"rl-gallery-link\" data-rl_caption=\"\" data-rel=\"lightbox-gallery-2\"><img loading=\"lazy\" decoding=\"async\" width=\"245\" height=\"184\" src=\"https:\/\/police-car.com\/website\/wp-content\/uploads\/2017\/12\/IMG_3067-245x184.jpg\" class=\"attachment-thumbnail size-thumbnail\" alt=\"\" srcset=\"https:\/\/police-car.com\/website\/wp-content\/uploads\/2017\/12\/IMG_3067-245x184.jpg 245w, https:\/\/police-car.com\/website\/wp-content\/uploads\/2017\/12\/IMG_3067-300x225.jpg 300w, https:\/\/police-car.com\/website\/wp-content\/uploads\/2017\/12\/IMG_3067.jpg 1024w\" sizes=\"auto, (max-width: 245px) 100vw, 245px\" \/><\/a>\n\t\t\t<\/dt><\/dl><br style=\"clear: both\" \/><dl class='gallery-item'>\n\t\t\t<dt class='gallery-icon landscape'>\n\t\t\t\t<a href='https:\/\/police-car.com\/website\/wp-content\/uploads\/2017\/12\/IMG_3068.jpg' title=\"\" data-rl_title=\"\" class=\"rl-gallery-link\" data-rl_caption=\"\" data-rel=\"lightbox-gallery-2\"><img loading=\"lazy\" decoding=\"async\" width=\"245\" height=\"184\" src=\"https:\/\/police-car.com\/website\/wp-content\/uploads\/2017\/12\/IMG_3068-245x184.jpg\" class=\"attachment-thumbnail size-thumbnail\" alt=\"\" srcset=\"https:\/\/police-car.com\/website\/wp-content\/uploads\/2017\/12\/IMG_3068-245x184.jpg 245w, https:\/\/police-car.com\/website\/wp-content\/uploads\/2017\/12\/IMG_3068-300x225.jpg 300w, https:\/\/police-car.com\/website\/wp-content\/uploads\/2017\/12\/IMG_3068.jpg 1024w\" sizes=\"auto, (max-width: 245px) 100vw, 245px\" \/><\/a>\n\t\t\t<\/dt><\/dl><dl class='gallery-item'>\n\t\t\t<dt class='gallery-icon landscape'>\n\t\t\t\t<a href='https:\/\/police-car.com\/website\/wp-content\/uploads\/2017\/12\/IMG_3053.jpg' title=\"\" data-rl_title=\"\" class=\"rl-gallery-link\" data-rl_caption=\"\" data-rel=\"lightbox-gallery-2\"><img loading=\"lazy\" decoding=\"async\" width=\"245\" height=\"184\" src=\"https:\/\/police-car.com\/website\/wp-content\/uploads\/2017\/12\/IMG_3053-245x184.jpg\" class=\"attachment-thumbnail size-thumbnail\" alt=\"\" srcset=\"https:\/\/police-car.com\/website\/wp-content\/uploads\/2017\/12\/IMG_3053-245x184.jpg 245w, https:\/\/police-car.com\/website\/wp-content\/uploads\/2017\/12\/IMG_3053-300x225.jpg 300w, https:\/\/police-car.com\/website\/wp-content\/uploads\/2017\/12\/IMG_3053.jpg 1024w\" sizes=\"auto, (max-width: 245px) 100vw, 245px\" \/><\/a>\n\t\t\t<\/dt><\/dl><dl class='gallery-item'>\n\t\t\t<dt class='gallery-icon landscape'>\n\t\t\t\t<a href='https:\/\/police-car.com\/website\/wp-content\/uploads\/2017\/12\/IMG_3054.jpg' title=\"\" data-rl_title=\"\" class=\"rl-gallery-link\" data-rl_caption=\"\" data-rel=\"lightbox-gallery-2\"><img loading=\"lazy\" decoding=\"async\" width=\"245\" height=\"184\" src=\"https:\/\/police-car.com\/website\/wp-content\/uploads\/2017\/12\/IMG_3054-245x184.jpg\" class=\"attachment-thumbnail size-thumbnail\" alt=\"\" srcset=\"https:\/\/police-car.com\/website\/wp-content\/uploads\/2017\/12\/IMG_3054-245x184.jpg 245w, https:\/\/police-car.com\/website\/wp-content\/uploads\/2017\/12\/IMG_3054-300x225.jpg 300w, https:\/\/police-car.com\/website\/wp-content\/uploads\/2017\/12\/IMG_3054.jpg 1024w\" sizes=\"auto, (max-width: 245px) 100vw, 245px\" \/><\/a>\n\t\t\t<\/dt><\/dl><br style=\"clear: both\" \/><dl class='gallery-item'>\n\t\t\t<dt class='gallery-icon landscape'>\n\t\t\t\t<a href='https:\/\/police-car.com\/website\/wp-content\/uploads\/2017\/12\/IMG_3056.jpg' title=\"\" data-rl_title=\"\" class=\"rl-gallery-link\" data-rl_caption=\"\" data-rel=\"lightbox-gallery-2\"><img loading=\"lazy\" decoding=\"async\" width=\"245\" height=\"184\" src=\"https:\/\/police-car.com\/website\/wp-content\/uploads\/2017\/12\/IMG_3056-245x184.jpg\" class=\"attachment-thumbnail size-thumbnail\" alt=\"\" srcset=\"https:\/\/police-car.com\/website\/wp-content\/uploads\/2017\/12\/IMG_3056-245x184.jpg 245w, https:\/\/police-car.com\/website\/wp-content\/uploads\/2017\/12\/IMG_3056-300x225.jpg 300w, https:\/\/police-car.com\/website\/wp-content\/uploads\/2017\/12\/IMG_3056.jpg 1024w\" sizes=\"auto, (max-width: 245px) 100vw, 245px\" \/><\/a>\n\t\t\t<\/dt><\/dl><dl class='gallery-item'>\n\t\t\t<dt class='gallery-icon landscape'>\n\t\t\t\t<a href='https:\/\/police-car.com\/website\/wp-content\/uploads\/2017\/12\/IMG_3066.jpg' title=\"\" data-rl_title=\"\" class=\"rl-gallery-link\" data-rl_caption=\"\" data-rel=\"lightbox-gallery-2\"><img loading=\"lazy\" decoding=\"async\" width=\"245\" height=\"184\" src=\"https:\/\/police-car.com\/website\/wp-content\/uploads\/2017\/12\/IMG_3066-245x184.jpg\" class=\"attachment-thumbnail size-thumbnail\" alt=\"\" srcset=\"https:\/\/police-car.com\/website\/wp-content\/uploads\/2017\/12\/IMG_3066-245x184.jpg 245w, https:\/\/police-car.com\/website\/wp-content\/uploads\/2017\/12\/IMG_3066-300x225.jpg 300w, https:\/\/police-car.com\/website\/wp-content\/uploads\/2017\/12\/IMG_3066.jpg 1024w\" sizes=\"auto, (max-width: 245px) 100vw, 245px\" \/><\/a>\n\t\t\t<\/dt><\/dl><dl class='gallery-item'>\n\t\t\t<dt class='gallery-icon landscape'>\n\t\t\t\t<a href='https:\/\/police-car.com\/website\/wp-content\/uploads\/2017\/12\/IMG_3058.jpg' title=\"\" data-rl_title=\"\" class=\"rl-gallery-link\" data-rl_caption=\"\" data-rel=\"lightbox-gallery-2\"><img loading=\"lazy\" decoding=\"async\" width=\"245\" height=\"184\" src=\"https:\/\/police-car.com\/website\/wp-content\/uploads\/2017\/12\/IMG_3058-245x184.jpg\" class=\"attachment-thumbnail size-thumbnail\" alt=\"\" srcset=\"https:\/\/police-car.com\/website\/wp-content\/uploads\/2017\/12\/IMG_3058-245x184.jpg 245w, https:\/\/police-car.com\/website\/wp-content\/uploads\/2017\/12\/IMG_3058-300x225.jpg 300w, https:\/\/police-car.com\/website\/wp-content\/uploads\/2017\/12\/IMG_3058.jpg 1024w\" sizes=\"auto, (max-width: 245px) 100vw, 245px\" \/><\/a>\n\t\t\t<\/dt><\/dl><br style=\"clear: both\" \/><dl class='gallery-item'>\n\t\t\t<dt class='gallery-icon landscape'>\n\t\t\t\t<a href='https:\/\/police-car.com\/website\/wp-content\/uploads\/2017\/12\/IMG_3059.jpg' title=\"\" data-rl_title=\"\" class=\"rl-gallery-link\" data-rl_caption=\"\" data-rel=\"lightbox-gallery-2\"><img loading=\"lazy\" decoding=\"async\" width=\"245\" height=\"184\" src=\"https:\/\/police-car.com\/website\/wp-content\/uploads\/2017\/12\/IMG_3059-245x184.jpg\" class=\"attachment-thumbnail size-thumbnail\" alt=\"\" srcset=\"https:\/\/police-car.com\/website\/wp-content\/uploads\/2017\/12\/IMG_3059-245x184.jpg 245w, https:\/\/police-car.com\/website\/wp-content\/uploads\/2017\/12\/IMG_3059-300x225.jpg 300w, https:\/\/police-car.com\/website\/wp-content\/uploads\/2017\/12\/IMG_3059.jpg 1024w\" sizes=\"auto, (max-width: 245px) 100vw, 245px\" \/><\/a>\n\t\t\t<\/dt><\/dl><dl class='gallery-item'>\n\t\t\t<dt class='gallery-icon landscape'>\n\t\t\t\t<a href='https:\/\/police-car.com\/website\/wp-content\/uploads\/2017\/12\/IMG_3060.jpg' title=\"\" data-rl_title=\"\" class=\"rl-gallery-link\" data-rl_caption=\"\" data-rel=\"lightbox-gallery-2\"><img loading=\"lazy\" decoding=\"async\" width=\"245\" height=\"184\" src=\"https:\/\/police-car.com\/website\/wp-content\/uploads\/2017\/12\/IMG_3060-245x184.jpg\" class=\"attachment-thumbnail size-thumbnail\" alt=\"\" srcset=\"https:\/\/police-car.com\/website\/wp-content\/uploads\/2017\/12\/IMG_3060-245x184.jpg 245w, https:\/\/police-car.com\/website\/wp-content\/uploads\/2017\/12\/IMG_3060-300x225.jpg 300w, https:\/\/police-car.com\/website\/wp-content\/uploads\/2017\/12\/IMG_3060.jpg 1024w\" sizes=\"auto, (max-width: 245px) 100vw, 245px\" \/><\/a>\n\t\t\t<\/dt><\/dl><dl class='gallery-item'>\n\t\t\t<dt class='gallery-icon landscape'>\n\t\t\t\t<a href='https:\/\/police-car.com\/website\/wp-content\/uploads\/2017\/12\/IMG_3061.jpg' title=\"\" data-rl_title=\"\" class=\"rl-gallery-link\" data-rl_caption=\"\" data-rel=\"lightbox-gallery-2\"><img loading=\"lazy\" decoding=\"async\" width=\"245\" height=\"184\" src=\"https:\/\/police-car.com\/website\/wp-content\/uploads\/2017\/12\/IMG_3061-245x184.jpg\" class=\"attachment-thumbnail size-thumbnail\" alt=\"\" srcset=\"https:\/\/police-car.com\/website\/wp-content\/uploads\/2017\/12\/IMG_3061-245x184.jpg 245w, https:\/\/police-car.com\/website\/wp-content\/uploads\/2017\/12\/IMG_3061-300x225.jpg 300w, https:\/\/police-car.com\/website\/wp-content\/uploads\/2017\/12\/IMG_3061.jpg 1024w\" sizes=\"auto, (max-width: 245px) 100vw, 245px\" \/><\/a>\n\t\t\t<\/dt><\/dl><br style=\"clear: both\" \/><dl class='gallery-item'>\n\t\t\t<dt class='gallery-icon landscape'>\n\t\t\t\t<a href='https:\/\/police-car.com\/website\/wp-content\/uploads\/2017\/12\/IMG_3062.jpg' title=\"\" data-rl_title=\"\" class=\"rl-gallery-link\" data-rl_caption=\"\" data-rel=\"lightbox-gallery-2\"><img loading=\"lazy\" decoding=\"async\" width=\"245\" height=\"184\" src=\"https:\/\/police-car.com\/website\/wp-content\/uploads\/2017\/12\/IMG_3062-245x184.jpg\" class=\"attachment-thumbnail size-thumbnail\" alt=\"\" srcset=\"https:\/\/police-car.com\/website\/wp-content\/uploads\/2017\/12\/IMG_3062-245x184.jpg 245w, https:\/\/police-car.com\/website\/wp-content\/uploads\/2017\/12\/IMG_3062-300x225.jpg 300w, https:\/\/police-car.com\/website\/wp-content\/uploads\/2017\/12\/IMG_3062.jpg 1024w\" sizes=\"auto, (max-width: 245px) 100vw, 245px\" \/><\/a>\n\t\t\t<\/dt><\/dl><dl class='gallery-item'>\n\t\t\t<dt class='gallery-icon landscape'>\n\t\t\t\t<a href='https:\/\/police-car.com\/website\/wp-content\/uploads\/2017\/12\/IMG_3063.jpg' title=\"\" data-rl_title=\"\" class=\"rl-gallery-link\" data-rl_caption=\"\" data-rel=\"lightbox-gallery-2\"><img loading=\"lazy\" decoding=\"async\" width=\"245\" height=\"184\" src=\"https:\/\/police-car.com\/website\/wp-content\/uploads\/2017\/12\/IMG_3063-245x184.jpg\" class=\"attachment-thumbnail size-thumbnail\" alt=\"\" srcset=\"https:\/\/police-car.com\/website\/wp-content\/uploads\/2017\/12\/IMG_3063-245x184.jpg 245w, https:\/\/police-car.com\/website\/wp-content\/uploads\/2017\/12\/IMG_3063-300x225.jpg 300w, https:\/\/police-car.com\/website\/wp-content\/uploads\/2017\/12\/IMG_3063.jpg 1024w\" sizes=\"auto, (max-width: 245px) 100vw, 245px\" \/><\/a>\n\t\t\t<\/dt><\/dl><dl class='gallery-item'>\n\t\t\t<dt class='gallery-icon landscape'>\n\t\t\t\t<a href='https:\/\/police-car.com\/website\/wp-content\/uploads\/2017\/12\/IMG_3064.jpg' title=\"\" data-rl_title=\"\" class=\"rl-gallery-link\" data-rl_caption=\"\" data-rel=\"lightbox-gallery-2\"><img loading=\"lazy\" decoding=\"async\" width=\"245\" height=\"184\" src=\"https:\/\/police-car.com\/website\/wp-content\/uploads\/2017\/12\/IMG_3064-245x184.jpg\" class=\"attachment-thumbnail size-thumbnail\" alt=\"\" srcset=\"https:\/\/police-car.com\/website\/wp-content\/uploads\/2017\/12\/IMG_3064-245x184.jpg 245w, https:\/\/police-car.com\/website\/wp-content\/uploads\/2017\/12\/IMG_3064-300x225.jpg 300w, https:\/\/police-car.com\/website\/wp-content\/uploads\/2017\/12\/IMG_3064.jpg 1024w\" sizes=\"auto, (max-width: 245px) 100vw, 245px\" \/><\/a>\n\t\t\t<\/dt><\/dl><br style=\"clear: both\" \/><dl class='gallery-item'>\n\t\t\t<dt class='gallery-icon landscape'>\n\t\t\t\t<a href='https:\/\/police-car.com\/website\/wp-content\/uploads\/2017\/12\/IMG_3065.jpg' title=\"\" data-rl_title=\"\" class=\"rl-gallery-link\" data-rl_caption=\"\" data-rel=\"lightbox-gallery-2\"><img loading=\"lazy\" decoding=\"async\" width=\"245\" height=\"184\" src=\"https:\/\/police-car.com\/website\/wp-content\/uploads\/2017\/12\/IMG_3065-245x184.jpg\" class=\"attachment-thumbnail size-thumbnail\" alt=\"\" srcset=\"https:\/\/police-car.com\/website\/wp-content\/uploads\/2017\/12\/IMG_3065-245x184.jpg 245w, https:\/\/police-car.com\/website\/wp-content\/uploads\/2017\/12\/IMG_3065-300x225.jpg 300w, https:\/\/police-car.com\/website\/wp-content\/uploads\/2017\/12\/IMG_3065.jpg 1024w\" sizes=\"auto, (max-width: 245px) 100vw, 245px\" \/><\/a>\n\t\t\t<\/dt><\/dl><dl class='gallery-item'>\n\t\t\t<dt class='gallery-icon landscape'>\n\t\t\t\t<a href='https:\/\/police-car.com\/website\/wp-content\/uploads\/2017\/12\/IMG_3069.jpg' title=\"\" data-rl_title=\"\" class=\"rl-gallery-link\" data-rl_caption=\"\" data-rel=\"lightbox-gallery-2\"><img loading=\"lazy\" decoding=\"async\" width=\"245\" height=\"184\" src=\"https:\/\/police-car.com\/website\/wp-content\/uploads\/2017\/12\/IMG_3069-245x184.jpg\" class=\"attachment-thumbnail size-thumbnail\" alt=\"\" srcset=\"https:\/\/police-car.com\/website\/wp-content\/uploads\/2017\/12\/IMG_3069-245x184.jpg 245w, https:\/\/police-car.com\/website\/wp-content\/uploads\/2017\/12\/IMG_3069-300x225.jpg 300w, https:\/\/police-car.com\/website\/wp-content\/uploads\/2017\/12\/IMG_3069.jpg 1024w\" sizes=\"auto, (max-width: 245px) 100vw, 245px\" \/><\/a>\n\t\t\t<\/dt><\/dl><dl class='gallery-item'>\n\t\t\t<dt class='gallery-icon landscape'>\n\t\t\t\t<a href='https:\/\/police-car.com\/website\/wp-content\/uploads\/2017\/12\/IMG_3070.jpg' title=\"\" data-rl_title=\"\" class=\"rl-gallery-link\" data-rl_caption=\"\" data-rel=\"lightbox-gallery-2\"><img loading=\"lazy\" decoding=\"async\" width=\"245\" height=\"184\" src=\"https:\/\/police-car.com\/website\/wp-content\/uploads\/2017\/12\/IMG_3070-245x184.jpg\" class=\"attachment-thumbnail size-thumbnail\" alt=\"\" srcset=\"https:\/\/police-car.com\/website\/wp-content\/uploads\/2017\/12\/IMG_3070-245x184.jpg 245w, https:\/\/police-car.com\/website\/wp-content\/uploads\/2017\/12\/IMG_3070-300x225.jpg 300w, https:\/\/police-car.com\/website\/wp-content\/uploads\/2017\/12\/IMG_3070.jpg 1024w\" sizes=\"auto, (max-width: 245px) 100vw, 245px\" \/><\/a>\n\t\t\t<\/dt><\/dl><br style=\"clear: both\" \/><dl class='gallery-item'>\n\t\t\t<dt class='gallery-icon landscape'>\n\t\t\t\t<a href='https:\/\/police-car.com\/website\/wp-content\/uploads\/2017\/12\/IMG_3071.jpg' title=\"\" data-rl_title=\"\" class=\"rl-gallery-link\" data-rl_caption=\"\" data-rel=\"lightbox-gallery-2\"><img loading=\"lazy\" decoding=\"async\" width=\"245\" height=\"184\" src=\"https:\/\/police-car.com\/website\/wp-content\/uploads\/2017\/12\/IMG_3071-245x184.jpg\" class=\"attachment-thumbnail size-thumbnail\" alt=\"\" srcset=\"https:\/\/police-car.com\/website\/wp-content\/uploads\/2017\/12\/IMG_3071-245x184.jpg 245w, https:\/\/police-car.com\/website\/wp-content\/uploads\/2017\/12\/IMG_3071-300x225.jpg 300w, https:\/\/police-car.com\/website\/wp-content\/uploads\/2017\/12\/IMG_3071.jpg 1024w\" sizes=\"auto, (max-width: 245px) 100vw, 245px\" \/><\/a>\n\t\t\t<\/dt><\/dl><dl class='gallery-item'>\n\t\t\t<dt class='gallery-icon landscape'>\n\t\t\t\t<a href='https:\/\/police-car.com\/website\/wp-content\/uploads\/2017\/12\/IMG_3072.jpg' title=\"\" data-rl_title=\"\" class=\"rl-gallery-link\" data-rl_caption=\"\" data-rel=\"lightbox-gallery-2\"><img loading=\"lazy\" decoding=\"async\" width=\"245\" height=\"184\" src=\"https:\/\/police-car.com\/website\/wp-content\/uploads\/2017\/12\/IMG_3072-245x184.jpg\" class=\"attachment-thumbnail size-thumbnail\" alt=\"\" srcset=\"https:\/\/police-car.com\/website\/wp-content\/uploads\/2017\/12\/IMG_3072-245x184.jpg 245w, https:\/\/police-car.com\/website\/wp-content\/uploads\/2017\/12\/IMG_3072-300x225.jpg 300w, https:\/\/police-car.com\/website\/wp-content\/uploads\/2017\/12\/IMG_3072.jpg 1024w\" sizes=\"auto, (max-width: 245px) 100vw, 245px\" \/><\/a>\n\t\t\t<\/dt><\/dl><dl class='gallery-item'>\n\t\t\t<dt class='gallery-icon landscape'>\n\t\t\t\t<a href='https:\/\/police-car.com\/website\/wp-content\/uploads\/2017\/12\/IMG_3073.jpg' title=\"\" data-rl_title=\"\" class=\"rl-gallery-link\" data-rl_caption=\"\" data-rel=\"lightbox-gallery-2\"><img loading=\"lazy\" decoding=\"async\" width=\"245\" height=\"184\" src=\"https:\/\/police-car.com\/website\/wp-content\/uploads\/2017\/12\/IMG_3073-245x184.jpg\" class=\"attachment-thumbnail size-thumbnail\" alt=\"\" srcset=\"https:\/\/police-car.com\/website\/wp-content\/uploads\/2017\/12\/IMG_3073-245x184.jpg 245w, https:\/\/police-car.com\/website\/wp-content\/uploads\/2017\/12\/IMG_3073-300x225.jpg 300w, https:\/\/police-car.com\/website\/wp-content\/uploads\/2017\/12\/IMG_3073.jpg 1024w\" sizes=\"auto, (max-width: 245px) 100vw, 245px\" \/><\/a>\n\t\t\t<\/dt><\/dl><br style=\"clear: both\" \/><dl class='gallery-item'>\n\t\t\t<dt class='gallery-icon landscape'>\n\t\t\t\t<a href='https:\/\/police-car.com\/website\/wp-content\/uploads\/2017\/12\/WhatsApp-Image-2017-09-16-at-16.57.192.jpg' title=\"\" data-rl_title=\"\" class=\"rl-gallery-link\" data-rl_caption=\"\" data-rel=\"lightbox-gallery-2\"><img loading=\"lazy\" decoding=\"async\" width=\"245\" height=\"184\" src=\"https:\/\/police-car.com\/website\/wp-content\/uploads\/2017\/12\/WhatsApp-Image-2017-09-16-at-16.57.192-245x184.jpg\" class=\"attachment-thumbnail size-thumbnail\" alt=\"\" srcset=\"https:\/\/police-car.com\/website\/wp-content\/uploads\/2017\/12\/WhatsApp-Image-2017-09-16-at-16.57.192-245x184.jpg 245w, https:\/\/police-car.com\/website\/wp-content\/uploads\/2017\/12\/WhatsApp-Image-2017-09-16-at-16.57.192-300x225.jpg 300w, https:\/\/police-car.com\/website\/wp-content\/uploads\/2017\/12\/WhatsApp-Image-2017-09-16-at-16.57.192.jpg 1024w\" sizes=\"auto, (max-width: 245px) 100vw, 245px\" \/><\/a>\n\t\t\t<\/dt><\/dl><dl class='gallery-item'>\n\t\t\t<dt class='gallery-icon landscape'>\n\t\t\t\t<a href='https:\/\/police-car.com\/website\/wp-content\/uploads\/2017\/12\/WhatsApp-Image-2017-09-16-at-16.57.20.jpg' title=\"\" data-rl_title=\"\" class=\"rl-gallery-link\" data-rl_caption=\"\" data-rel=\"lightbox-gallery-2\"><img loading=\"lazy\" decoding=\"async\" width=\"245\" height=\"184\" src=\"https:\/\/police-car.com\/website\/wp-content\/uploads\/2017\/12\/WhatsApp-Image-2017-09-16-at-16.57.20-245x184.jpg\" class=\"attachment-thumbnail size-thumbnail\" alt=\"\" srcset=\"https:\/\/police-car.com\/website\/wp-content\/uploads\/2017\/12\/WhatsApp-Image-2017-09-16-at-16.57.20-245x184.jpg 245w, https:\/\/police-car.com\/website\/wp-content\/uploads\/2017\/12\/WhatsApp-Image-2017-09-16-at-16.57.20-300x225.jpg 300w, https:\/\/police-car.com\/website\/wp-content\/uploads\/2017\/12\/WhatsApp-Image-2017-09-16-at-16.57.20.jpg 1024w\" sizes=\"auto, (max-width: 245px) 100vw, 245px\" \/><\/a>\n\t\t\t<\/dt><\/dl><dl class='gallery-item'>\n\t\t\t<dt class='gallery-icon landscape'>\n\t\t\t\t<a href='https:\/\/police-car.com\/website\/wp-content\/uploads\/2017\/12\/WhatsApp-Image-2017-09-16-at-16.57.211.jpg' title=\"\" data-rl_title=\"\" class=\"rl-gallery-link\" data-rl_caption=\"\" data-rel=\"lightbox-gallery-2\"><img loading=\"lazy\" decoding=\"async\" width=\"245\" height=\"184\" src=\"https:\/\/police-car.com\/website\/wp-content\/uploads\/2017\/12\/WhatsApp-Image-2017-09-16-at-16.57.211-245x184.jpg\" class=\"attachment-thumbnail size-thumbnail\" alt=\"\" srcset=\"https:\/\/police-car.com\/website\/wp-content\/uploads\/2017\/12\/WhatsApp-Image-2017-09-16-at-16.57.211-245x184.jpg 245w, https:\/\/police-car.com\/website\/wp-content\/uploads\/2017\/12\/WhatsApp-Image-2017-09-16-at-16.57.211-300x225.jpg 300w, https:\/\/police-car.com\/website\/wp-content\/uploads\/2017\/12\/WhatsApp-Image-2017-09-16-at-16.57.211.jpg 1024w\" sizes=\"auto, (max-width: 245px) 100vw, 245px\" \/><\/a>\n\t\t\t<\/dt><\/dl><br style=\"clear: both\" \/><dl class='gallery-item'>\n\t\t\t<dt class='gallery-icon landscape'>\n\t\t\t\t<a href='https:\/\/police-car.com\/website\/wp-content\/uploads\/2017\/12\/WhatsApp-Image-2017-09-16-at-16.57.21.jpg' title=\"\" data-rl_title=\"\" class=\"rl-gallery-link\" data-rl_caption=\"\" data-rel=\"lightbox-gallery-2\"><img loading=\"lazy\" decoding=\"async\" width=\"245\" height=\"184\" src=\"https:\/\/police-car.com\/website\/wp-content\/uploads\/2017\/12\/WhatsApp-Image-2017-09-16-at-16.57.21-245x184.jpg\" class=\"attachment-thumbnail size-thumbnail\" alt=\"\" srcset=\"https:\/\/police-car.com\/website\/wp-content\/uploads\/2017\/12\/WhatsApp-Image-2017-09-16-at-16.57.21-245x184.jpg 245w, https:\/\/police-car.com\/website\/wp-content\/uploads\/2017\/12\/WhatsApp-Image-2017-09-16-at-16.57.21-300x225.jpg 300w, https:\/\/police-car.com\/website\/wp-content\/uploads\/2017\/12\/WhatsApp-Image-2017-09-16-at-16.57.21.jpg 1024w\" sizes=\"auto, (max-width: 245px) 100vw, 245px\" \/><\/a>\n\t\t\t<\/dt><\/dl>\n\t\t\t<br style='clear: both' \/>\n\t\t<\/div>\n\n","protected":false},"excerpt":{"rendered":"<p>Einige unserer Mitglieder sind neben dem Police Car Hobby auch ehrenamtlich t\u00e4tig. So auch unser Mitglied Philipp, der aktiv beim L\u00f6schzug Hei\u00dfen der Freiwilligen Feuerwehr M\u00fclheim an der Ruhr mitwirkt. Am dritten September Wochenende bot&#8230;<\/p>\n","protected":false},"author":3,"featured_media":0,"parent":0,"menu_order":0,"comment_status":"closed","ping_status":"closed","template":"","meta":{"footnotes":""},"class_list":["post-1843","page","type-page","status-publish","hentry"],"_links":{"self":[{"href":"https:\/\/police-car.com\/website\/wp-json\/wp\/v2\/pages\/1843","targetHints":{"allow":["GET"]}}],"collection":[{"href":"https:\/\/police-car.com\/website\/wp-json\/wp\/v2\/pages"}],"about":[{"href":"https:\/\/police-car.com\/website\/wp-json\/wp\/v2\/types\/page"}],"author":[{"embeddable":true,"href":"https:\/\/police-car.com\/website\/wp-json\/wp\/v2\/users\/3"}],"replies":[{"embeddable":true,"href":"https:\/\/police-car.com\/website\/wp-json\/wp\/v2\/comments?post=1843"}],"version-history":[{"count":10,"href":"https:\/\/police-car.com\/website\/wp-json\/wp\/v2\/pages\/1843\/revisions"}],"predecessor-version":[{"id":2471,"href":"https:\/\/police-car.com\/website\/wp-json\/wp\/v2\/pages\/1843\/revisions\/2471"}],"wp:attachment":[{"href":"https:\/\/police-car.com\/website\/wp-json\/wp\/v2\/media?parent=1843"}],"curies":[{"name":"wp","href":"https:\/\/api.w.org\/{rel}","templated":true}]}}