{"id":194,"date":"2015-08-08T23:15:38","date_gmt":"2015-08-08T21:15:38","guid":{"rendered":"http:\/\/pcooa-ev.de\/website\/?page_id=194"},"modified":"2021-12-12T13:00:35","modified_gmt":"2021-12-12T12:00:35","slug":"eine-typische-saison","status":"publish","type":"page","link":"https:\/\/police-car.com\/website\/mitgliedschaft\/eine-typische-saison\/","title":{"rendered":"Eine typische Saison"},"content":{"rendered":"<p>Nach den kalten Wintermonaten beginnt die Saison meistens im April. Als erstes steht \u00fcblicherweise der vereinsinterne Saisonstart im Kalender. Urspr\u00fcnglich wurde es als zwangloses Zusammentreffen organisiert, damit man sich nach der langen Winterpause gegenseitig die Projektfortschritte und ergatterten Neuanschaffungen zeigen kann. Inzwischen wird es auch gerne dazu genutzt, um gemeinsame Ausfl\u00fcge zu unternehmen.<\/p>\n<p>In den folgenden Monaten besuchen wir dann verschiedene Veranstaltungen. Dazu geh\u00f6ren Tage der offenen T\u00fcr von Beh\u00f6rden, gemeinn\u00fctzige Veranstaltungen, allgemeine Blaulichttage sowie die \u00fcblichen US Car Treffen. Egal wo es uns hinverschl\u00e4gt, wir pr\u00e4sentieren unsere Fahrzeuge den interessierten kleinen und gro\u00dfen Besuchern mit viel Begeisterung.<\/p>\n<h6 class=\"hide-if-no-js\" style=\"text-align: center;\"><a href=\"https:\/\/police-car.com\/website\/wp-content\/uploads\/2015\/08\/saison2015.jpg\" data-rel=\"lightbox-image-0\" data-rl_title=\"\" data-rl_caption=\"\" title=\"\"><img loading=\"lazy\" decoding=\"async\" class=\"aligncenter wp-image-1740\" src=\"http:\/\/pcooa-ev.de\/website\/wp-content\/uploads\/2015\/08\/saison2015.jpg\" alt=\"\" width=\"665\" height=\"399\" srcset=\"https:\/\/police-car.com\/website\/wp-content\/uploads\/2015\/08\/saison2015.jpg 1024w, https:\/\/police-car.com\/website\/wp-content\/uploads\/2015\/08\/saison2015-300x180.jpg 300w\" sizes=\"auto, (max-width: 665px) 100vw, 665px\" \/><\/a>Besuch der US Truck Firma Klekamp Nutzfahrzeuge zum Saisonstart 2015<\/h6>\n<p>Unsere Reisen f\u00fchren uns kreuz und quer durch Deutschland, aber auch in unsere Nachbarl\u00e4nder. So haben wir unsere Fahrzeuge bereits in den Niederlanden, Belgien, Luxemburg und auf St\u00fctzpunkten der amerikanischen Streitkr\u00e4fte pr\u00e4sentiert.<\/p>\n<p>Nebenbei finden auch Schraubwochenenden statt, an denen gemeinsam an Projekten gearbeitet wird. Oder man trifft sich regional einfach mal spontan im n\u00e4chsten Diner um den Nachmittag gesellig zu verbringen.<\/p>\n<p>Zum Abschluss der Saison findet die Jahreshauptversammlung statt. Hier besprechen wir unter anderem die gelaufene Saison und planen die n\u00e4chsten Monate. Denn administrative Aufgaben gibt es immer zu erledigen und die ersten Einladungen f\u00fcr die n\u00e4chste Saison treffen auch schon ein.<\/p>\n<p>In der darauf folgenden Winterzeit werden die Fahrzeuge einiger Mitglieder eingemottet. Andere verzichten auf den Winterschlaf oder bauen ihre Projekte weiter auf.<br \/>\nDenn bald hei\u00dft es wieder: die neue Saison steht vor der T\u00fcr!<\/p>\n","protected":false},"excerpt":{"rendered":"<p>Nach den kalten Wintermonaten beginnt die Saison meistens im April. Als erstes steht \u00fcblicherweise der vereinsinterne Saisonstart im Kalender. Urspr\u00fcnglich wurde es als zwangloses Zusammentreffen organisiert, damit man sich nach der langen Winterpause gegenseitig die&#8230;<\/p>\n","protected":false},"author":2,"featured_media":0,"parent":191,"menu_order":1,"comment_status":"closed","ping_status":"closed","template":"","meta":{"footnotes":""},"class_list":["post-194","page","type-page","status-publish","hentry"],"_links":{"self":[{"href":"https:\/\/police-car.com\/website\/wp-json\/wp\/v2\/pages\/194","targetHints":{"allow":["GET"]}}],"collection":[{"href":"https:\/\/police-car.com\/website\/wp-json\/wp\/v2\/pages"}],"about":[{"href":"https:\/\/police-car.com\/website\/wp-json\/wp\/v2\/types\/page"}],"author":[{"embeddable":true,"href":"https:\/\/police-car.com\/website\/wp-json\/wp\/v2\/users\/2"}],"replies":[{"embeddable":true,"href":"https:\/\/police-car.com\/website\/wp-json\/wp\/v2\/comments?post=194"}],"version-history":[{"count":21,"href":"https:\/\/police-car.com\/website\/wp-json\/wp\/v2\/pages\/194\/revisions"}],"predecessor-version":[{"id":4116,"href":"https:\/\/police-car.com\/website\/wp-json\/wp\/v2\/pages\/194\/revisions\/4116"}],"up":[{"embeddable":true,"href":"https:\/\/police-car.com\/website\/wp-json\/wp\/v2\/pages\/191"}],"wp:attachment":[{"href":"https:\/\/police-car.com\/website\/wp-json\/wp\/v2\/media?parent=194"}],"curies":[{"name":"wp","href":"https:\/\/api.w.org\/{rel}","templated":true}]}}