{"id":196,"date":"2015-08-08T23:17:07","date_gmt":"2015-08-08T21:17:07","guid":{"rendered":"http:\/\/pcooa-ev.de\/website\/?page_id=196"},"modified":"2021-12-12T13:01:16","modified_gmt":"2021-12-12T12:01:16","slug":"mitgliedsantrag","status":"publish","type":"page","link":"https:\/\/police-car.com\/website\/mitgliedschaft\/mitgliedsantrag\/","title":{"rendered":"Mitgliedsantrag"},"content":{"rendered":"<p>Der Mitgliedsantrag kann hier runtergeladen werden:<br \/>\n<a href=\"https:\/\/police-car.com\/downloads\/mitgliedsantrag_pcooa_ev.pdf\">Mitgliedsantrag PCOOA EC e.V. (pdf)<\/a><\/p>\n<p>1. Ausf\u00fcllen der personen- und fahrzeugbezogenen Daten<br \/>\n2. Unterschreiben der Einzugserm\u00e4chtigung und der Erkl\u00e4rungen<br \/>\n3. Ggf. einscannen und zur schnellen Bearbeitung an die info(at)police-car.com senden<br \/>\n4. Das Original an den\u00a0Vereinssitz senden oder zur n\u00e4chsten Veranstaltung mitbringen.<\/p>\n<p>Vereinssitz:<br \/>\nPCOOA EC e.V.<br \/>\nHauptstra\u00dfe 40a<br \/>\n29364 Langlingen<\/p>\n<p>Man muss \u00fcbrigens kein Fahrzeug besitzen, um bei uns Mitglied zu werden!<\/p>\n","protected":false},"excerpt":{"rendered":"<p>Der Mitgliedsantrag kann hier runtergeladen werden: Mitgliedsantrag PCOOA EC e.V. (pdf) 1. Ausf\u00fcllen der personen- und fahrzeugbezogenen Daten 2. Unterschreiben der Einzugserm\u00e4chtigung und der Erkl\u00e4rungen 3. Ggf. einscannen und zur schnellen Bearbeitung an die info(at)police-car.com&#8230;<\/p>\n","protected":false},"author":2,"featured_media":0,"parent":191,"menu_order":2,"comment_status":"closed","ping_status":"closed","template":"","meta":{"footnotes":""},"class_list":["post-196","page","type-page","status-publish","hentry"],"_links":{"self":[{"href":"https:\/\/police-car.com\/website\/wp-json\/wp\/v2\/pages\/196","targetHints":{"allow":["GET"]}}],"collection":[{"href":"https:\/\/police-car.com\/website\/wp-json\/wp\/v2\/pages"}],"about":[{"href":"https:\/\/police-car.com\/website\/wp-json\/wp\/v2\/types\/page"}],"author":[{"embeddable":true,"href":"https:\/\/police-car.com\/website\/wp-json\/wp\/v2\/users\/2"}],"replies":[{"embeddable":true,"href":"https:\/\/police-car.com\/website\/wp-json\/wp\/v2\/comments?post=196"}],"version-history":[{"count":18,"href":"https:\/\/police-car.com\/website\/wp-json\/wp\/v2\/pages\/196\/revisions"}],"predecessor-version":[{"id":4117,"href":"https:\/\/police-car.com\/website\/wp-json\/wp\/v2\/pages\/196\/revisions\/4117"}],"up":[{"embeddable":true,"href":"https:\/\/police-car.com\/website\/wp-json\/wp\/v2\/pages\/191"}],"wp:attachment":[{"href":"https:\/\/police-car.com\/website\/wp-json\/wp\/v2\/media?parent=196"}],"curies":[{"name":"wp","href":"https:\/\/api.w.org\/{rel}","templated":true}]}}