{"id":198,"date":"2015-08-08T23:16:29","date_gmt":"2015-08-08T21:16:29","guid":{"rendered":"http:\/\/pcooa-ev.de\/website\/?page_id=198"},"modified":"2025-08-29T05:18:26","modified_gmt":"2025-08-29T04:18:26","slug":"was-erhaelt-man-fuer-seinen-beitrag","status":"publish","type":"page","link":"https:\/\/police-car.com\/website\/mitgliedschaft\/was-erhaelt-man-fuer-seinen-beitrag\/","title":{"rendered":"Was erh\u00e4lt man f\u00fcr seinen Beitrag?"},"content":{"rendered":"<p>Aktuell erheben wir einen Mitgliedsbeitrag von 50 \u20ac pro Kalenderjahr. Da stellt sich vielen sofort die Frage, was mit dem Geld geschieht.<\/p>\n<p>Ohne einen Kostenbeteiligung der einzelnen Mitglieder kann ein kleiner eingetragener Verein kaum funktionieren, denn gewisse Verpflichtungen wie Eintragungen im Amtsgericht (beispielsweise \u00c4nderungen der Satzung oder die Anmeldung neuer Vorstandsmitglieder) sind kostenpflichtig.<\/p>\n<p>Unter dem Strich werden die Mitgliedsbeitr\u00e4ge nur zu einem geringen Anteil f\u00fcr die Verwaltung des Vereins verwendet. Von den zur Verf\u00fcgung stehenden Finanzmitteln profitieren die Mitglieder direkt, denn sie werden f\u00fcr folgendes verwendet:<\/p>\n<ul>\n<li style=\"list-style-type: none;\">\n<ul>\n<li>Betrieb der Website als Repr\u00e4sentanz im Internet inklusive des Forums als Kommunikationsplattform<\/li>\n<li>Deutschlandweit g\u00fcltige Funklizenz zur Kommunikation w\u00e4hrend gemeinsamer Ausfahrten und auf Veranstaltungen<\/li>\n<li>Druck von Infoflyern<\/li>\n<li>Erstausstattung von Neumitgliedern mit einem Poloshirt inklusive Clubpatch<\/li>\n<li>Gro\u00dfanschaffungen wie eines Pavillons als Wetterschutz auf Veranstaltungen<\/li>\n<li>Vorabfinanzierung zur Sammelbeschaffung von Clubwear, Badges und Patches<\/li>\n<li>Einladung zum Abschlussessen auf der JHV<\/li>\n<\/ul>\n<p><img loading=\"lazy\" decoding=\"async\" class=\"size-full wp-image-3999 aligncenter\" src=\"https:\/\/police-car.com\/website\/wp-content\/uploads\/2020\/11\/badgefrei48.png\" alt=\"\" width=\"310\" height=\"395\" \/><\/p>\n<h6 style=\"text-align: center;\">Jedes Mitglied kann ein Badge im exklusiven Clubdesign erwerben.<\/h6>\n<\/li>\n<\/ul>\n","protected":false},"excerpt":{"rendered":"<p>Aktuell erheben wir einen Mitgliedsbeitrag von 50 \u20ac pro Kalenderjahr. Da stellt sich vielen sofort die Frage, was mit dem Geld geschieht. Ohne einen Kostenbeteiligung der einzelnen Mitglieder kann ein kleiner eingetragener Verein kaum funktionieren,&#8230;<\/p>\n","protected":false},"author":2,"featured_media":0,"parent":191,"menu_order":3,"comment_status":"closed","ping_status":"closed","template":"","meta":{"footnotes":""},"class_list":["post-198","page","type-page","status-publish","hentry"],"_links":{"self":[{"href":"https:\/\/police-car.com\/website\/wp-json\/wp\/v2\/pages\/198","targetHints":{"allow":["GET"]}}],"collection":[{"href":"https:\/\/police-car.com\/website\/wp-json\/wp\/v2\/pages"}],"about":[{"href":"https:\/\/police-car.com\/website\/wp-json\/wp\/v2\/types\/page"}],"author":[{"embeddable":true,"href":"https:\/\/police-car.com\/website\/wp-json\/wp\/v2\/users\/2"}],"replies":[{"embeddable":true,"href":"https:\/\/police-car.com\/website\/wp-json\/wp\/v2\/comments?post=198"}],"version-history":[{"count":34,"href":"https:\/\/police-car.com\/website\/wp-json\/wp\/v2\/pages\/198\/revisions"}],"predecessor-version":[{"id":4657,"href":"https:\/\/police-car.com\/website\/wp-json\/wp\/v2\/pages\/198\/revisions\/4657"}],"up":[{"embeddable":true,"href":"https:\/\/police-car.com\/website\/wp-json\/wp\/v2\/pages\/191"}],"wp:attachment":[{"href":"https:\/\/police-car.com\/website\/wp-json\/wp\/v2\/media?parent=198"}],"curies":[{"name":"wp","href":"https:\/\/api.w.org\/{rel}","templated":true}]}}