{"id":2164,"date":"2017-12-06T18:02:02","date_gmt":"2017-12-06T17:02:02","guid":{"rendered":"http:\/\/pcooa-ev.de\/website\/?page_id=2164"},"modified":"2020-11-06T21:33:03","modified_gmt":"2020-11-06T20:33:03","slug":"harley-dome-cologne-koeln-20-05-2017","status":"publish","type":"page","link":"https:\/\/police-car.com\/website\/harley-dome-cologne-koeln-20-05-2017\/","title":{"rendered":"Harley Dome Cologne &#8211; K\u00f6ln 20.05.2017"},"content":{"rendered":"<p>Wie schon die letzten Jahre, so war auch dieses Mal der PCOOA bei der mittlerweile 4. Ausgabe des Harley Dome mit dabei. Das Wetter meinte es gut mit uns und entsprechend viele Besucher zog der Harley Dome an. Viele Besucher begeisterten sich neben den Motorr\u00e4dern auch f\u00fcr unsere Police Cars und somit konnten wir einige Besucher auch an unserem Vereinsstand willkommen hei\u00dfen! Das Highlight war wie jedes Jahr die Parade quer durch K\u00f6ln, mit welcher die Veranstalter zu mehr Tol<span class=\"text_exposed_show\">eranz und Respekt gegen\u00fcber Motorradfahrern im Stra\u00dfenverkehr aufrief.<br \/>\nSelbstverst\u00e4ndlich war der PCOOA auch Teil der Parade und die K\u00f6lner lie\u00dfen es sich nicht nehmen an der Strecke die Bikes und Police Cars geb\u00fchrend zu empfangen! Am Nachmittag hatten die Besucher dann weitere Gelegenheit sich neben den Maschinen auch unsere Fahrzeuge anzusehen. So ergaben sich einige tolle Gespr\u00e4che und besonders die kleinen Besucher waren von den Police Cars sehr angetan was auch entlang der Paradestrecke immer wieder deutlich wurde.<\/span><\/p>\n<div id='gallery-2' class='gallery galleryid-2164 gallery-columns-3 gallery-size-thumbnail'><dl class='gallery-item'>\n\t\t\t<dt class='gallery-icon landscape'>\n\t\t\t\t<a href='https:\/\/police-car.com\/website\/wp-content\/uploads\/2017\/12\/IMG_6113.jpg' title=\"\" data-rl_title=\"\" class=\"rl-gallery-link\" data-rl_caption=\"\" data-rel=\"lightbox-gallery-2\"><img loading=\"lazy\" decoding=\"async\" width=\"245\" height=\"184\" src=\"https:\/\/police-car.com\/website\/wp-content\/uploads\/2017\/12\/IMG_6113-245x184.jpg\" class=\"attachment-thumbnail size-thumbnail\" alt=\"\" srcset=\"https:\/\/police-car.com\/website\/wp-content\/uploads\/2017\/12\/IMG_6113-245x184.jpg 245w, https:\/\/police-car.com\/website\/wp-content\/uploads\/2017\/12\/IMG_6113-300x225.jpg 300w, https:\/\/police-car.com\/website\/wp-content\/uploads\/2017\/12\/IMG_6113.jpg 1024w\" sizes=\"auto, (max-width: 245px) 100vw, 245px\" \/><\/a>\n\t\t\t<\/dt><\/dl><dl class='gallery-item'>\n\t\t\t<dt class='gallery-icon landscape'>\n\t\t\t\t<a href='https:\/\/police-car.com\/website\/wp-content\/uploads\/2017\/12\/IMG_6117.jpg' title=\"\" data-rl_title=\"\" class=\"rl-gallery-link\" data-rl_caption=\"\" data-rel=\"lightbox-gallery-2\"><img loading=\"lazy\" decoding=\"async\" width=\"245\" height=\"184\" src=\"https:\/\/police-car.com\/website\/wp-content\/uploads\/2017\/12\/IMG_6117-245x184.jpg\" class=\"attachment-thumbnail size-thumbnail\" alt=\"\" srcset=\"https:\/\/police-car.com\/website\/wp-content\/uploads\/2017\/12\/IMG_6117-245x184.jpg 245w, https:\/\/police-car.com\/website\/wp-content\/uploads\/2017\/12\/IMG_6117-300x225.jpg 300w, https:\/\/police-car.com\/website\/wp-content\/uploads\/2017\/12\/IMG_6117.jpg 1024w\" sizes=\"auto, (max-width: 245px) 100vw, 245px\" \/><\/a>\n\t\t\t<\/dt><\/dl><dl class='gallery-item'>\n\t\t\t<dt class='gallery-icon landscape'>\n\t\t\t\t<a href='https:\/\/police-car.com\/website\/wp-content\/uploads\/2017\/12\/IMG_6114.jpg' title=\"\" data-rl_title=\"\" class=\"rl-gallery-link\" data-rl_caption=\"\" data-rel=\"lightbox-gallery-2\"><img loading=\"lazy\" decoding=\"async\" width=\"245\" height=\"184\" src=\"https:\/\/police-car.com\/website\/wp-content\/uploads\/2017\/12\/IMG_6114-245x184.jpg\" class=\"attachment-thumbnail size-thumbnail\" alt=\"\" srcset=\"https:\/\/police-car.com\/website\/wp-content\/uploads\/2017\/12\/IMG_6114-245x184.jpg 245w, https:\/\/police-car.com\/website\/wp-content\/uploads\/2017\/12\/IMG_6114-300x225.jpg 300w, https:\/\/police-car.com\/website\/wp-content\/uploads\/2017\/12\/IMG_6114.jpg 1024w\" sizes=\"auto, (max-width: 245px) 100vw, 245px\" \/><\/a>\n\t\t\t<\/dt><\/dl><br style=\"clear: both\" \/><dl class='gallery-item'>\n\t\t\t<dt class='gallery-icon landscape'>\n\t\t\t\t<a href='https:\/\/police-car.com\/website\/wp-content\/uploads\/2017\/12\/IMG_6119.jpg' title=\"\" data-rl_title=\"\" class=\"rl-gallery-link\" data-rl_caption=\"\" data-rel=\"lightbox-gallery-2\"><img loading=\"lazy\" decoding=\"async\" width=\"245\" height=\"184\" src=\"https:\/\/police-car.com\/website\/wp-content\/uploads\/2017\/12\/IMG_6119-245x184.jpg\" class=\"attachment-thumbnail size-thumbnail\" alt=\"\" srcset=\"https:\/\/police-car.com\/website\/wp-content\/uploads\/2017\/12\/IMG_6119-245x184.jpg 245w, https:\/\/police-car.com\/website\/wp-content\/uploads\/2017\/12\/IMG_6119-300x225.jpg 300w, https:\/\/police-car.com\/website\/wp-content\/uploads\/2017\/12\/IMG_6119.jpg 1024w\" sizes=\"auto, (max-width: 245px) 100vw, 245px\" \/><\/a>\n\t\t\t<\/dt><\/dl><dl class='gallery-item'>\n\t\t\t<dt class='gallery-icon landscape'>\n\t\t\t\t<a href='https:\/\/police-car.com\/website\/wp-content\/uploads\/2017\/12\/IMG_6100.jpg' title=\"\" data-rl_title=\"\" class=\"rl-gallery-link\" data-rl_caption=\"\" data-rel=\"lightbox-gallery-2\"><img loading=\"lazy\" decoding=\"async\" width=\"245\" height=\"184\" src=\"https:\/\/police-car.com\/website\/wp-content\/uploads\/2017\/12\/IMG_6100-245x184.jpg\" class=\"attachment-thumbnail size-thumbnail\" alt=\"\" srcset=\"https:\/\/police-car.com\/website\/wp-content\/uploads\/2017\/12\/IMG_6100-245x184.jpg 245w, https:\/\/police-car.com\/website\/wp-content\/uploads\/2017\/12\/IMG_6100-300x225.jpg 300w, https:\/\/police-car.com\/website\/wp-content\/uploads\/2017\/12\/IMG_6100.jpg 1024w\" sizes=\"auto, (max-width: 245px) 100vw, 245px\" \/><\/a>\n\t\t\t<\/dt><\/dl><dl class='gallery-item'>\n\t\t\t<dt class='gallery-icon landscape'>\n\t\t\t\t<a href='https:\/\/police-car.com\/website\/wp-content\/uploads\/2017\/12\/IMG_6101.jpg' title=\"\" data-rl_title=\"\" class=\"rl-gallery-link\" data-rl_caption=\"\" data-rel=\"lightbox-gallery-2\"><img loading=\"lazy\" decoding=\"async\" width=\"245\" height=\"184\" src=\"https:\/\/police-car.com\/website\/wp-content\/uploads\/2017\/12\/IMG_6101-245x184.jpg\" class=\"attachment-thumbnail size-thumbnail\" alt=\"\" srcset=\"https:\/\/police-car.com\/website\/wp-content\/uploads\/2017\/12\/IMG_6101-245x184.jpg 245w, https:\/\/police-car.com\/website\/wp-content\/uploads\/2017\/12\/IMG_6101-300x225.jpg 300w, https:\/\/police-car.com\/website\/wp-content\/uploads\/2017\/12\/IMG_6101.jpg 1024w\" sizes=\"auto, (max-width: 245px) 100vw, 245px\" \/><\/a>\n\t\t\t<\/dt><\/dl><br style=\"clear: both\" \/><dl class='gallery-item'>\n\t\t\t<dt class='gallery-icon landscape'>\n\t\t\t\t<a href='https:\/\/police-car.com\/website\/wp-content\/uploads\/2017\/12\/IMG_6104.jpg' title=\"\" data-rl_title=\"\" class=\"rl-gallery-link\" data-rl_caption=\"\" data-rel=\"lightbox-gallery-2\"><img loading=\"lazy\" decoding=\"async\" width=\"245\" height=\"184\" src=\"https:\/\/police-car.com\/website\/wp-content\/uploads\/2017\/12\/IMG_6104-245x184.jpg\" class=\"attachment-thumbnail size-thumbnail\" alt=\"\" srcset=\"https:\/\/police-car.com\/website\/wp-content\/uploads\/2017\/12\/IMG_6104-245x184.jpg 245w, https:\/\/police-car.com\/website\/wp-content\/uploads\/2017\/12\/IMG_6104-300x225.jpg 300w, https:\/\/police-car.com\/website\/wp-content\/uploads\/2017\/12\/IMG_6104.jpg 1024w\" sizes=\"auto, (max-width: 245px) 100vw, 245px\" \/><\/a>\n\t\t\t<\/dt><\/dl><dl class='gallery-item'>\n\t\t\t<dt class='gallery-icon landscape'>\n\t\t\t\t<a href='https:\/\/police-car.com\/website\/wp-content\/uploads\/2017\/12\/IMG_6134.jpg' title=\"\" data-rl_title=\"\" class=\"rl-gallery-link\" data-rl_caption=\"\" data-rel=\"lightbox-gallery-2\"><img loading=\"lazy\" decoding=\"async\" width=\"245\" height=\"184\" src=\"https:\/\/police-car.com\/website\/wp-content\/uploads\/2017\/12\/IMG_6134-245x184.jpg\" class=\"attachment-thumbnail size-thumbnail\" alt=\"\" srcset=\"https:\/\/police-car.com\/website\/wp-content\/uploads\/2017\/12\/IMG_6134-245x184.jpg 245w, https:\/\/police-car.com\/website\/wp-content\/uploads\/2017\/12\/IMG_6134-300x225.jpg 300w, https:\/\/police-car.com\/website\/wp-content\/uploads\/2017\/12\/IMG_6134.jpg 1024w\" sizes=\"auto, (max-width: 245px) 100vw, 245px\" \/><\/a>\n\t\t\t<\/dt><\/dl><dl class='gallery-item'>\n\t\t\t<dt class='gallery-icon landscape'>\n\t\t\t\t<a href='https:\/\/police-car.com\/website\/wp-content\/uploads\/2017\/12\/IMG_6141.jpg' title=\"\" data-rl_title=\"\" class=\"rl-gallery-link\" data-rl_caption=\"\" data-rel=\"lightbox-gallery-2\"><img loading=\"lazy\" decoding=\"async\" width=\"245\" height=\"184\" src=\"https:\/\/police-car.com\/website\/wp-content\/uploads\/2017\/12\/IMG_6141-245x184.jpg\" class=\"attachment-thumbnail size-thumbnail\" alt=\"\" srcset=\"https:\/\/police-car.com\/website\/wp-content\/uploads\/2017\/12\/IMG_6141-245x184.jpg 245w, https:\/\/police-car.com\/website\/wp-content\/uploads\/2017\/12\/IMG_6141-300x225.jpg 300w, https:\/\/police-car.com\/website\/wp-content\/uploads\/2017\/12\/IMG_6141.jpg 1024w\" sizes=\"auto, (max-width: 245px) 100vw, 245px\" \/><\/a>\n\t\t\t<\/dt><\/dl><br style=\"clear: both\" \/><dl class='gallery-item'>\n\t\t\t<dt class='gallery-icon landscape'>\n\t\t\t\t<a href='https:\/\/police-car.com\/website\/wp-content\/uploads\/2017\/12\/IMG_6148.jpg' title=\"\" data-rl_title=\"\" class=\"rl-gallery-link\" data-rl_caption=\"\" data-rel=\"lightbox-gallery-2\"><img loading=\"lazy\" decoding=\"async\" width=\"245\" height=\"184\" src=\"https:\/\/police-car.com\/website\/wp-content\/uploads\/2017\/12\/IMG_6148-245x184.jpg\" class=\"attachment-thumbnail size-thumbnail\" alt=\"\" srcset=\"https:\/\/police-car.com\/website\/wp-content\/uploads\/2017\/12\/IMG_6148-245x184.jpg 245w, https:\/\/police-car.com\/website\/wp-content\/uploads\/2017\/12\/IMG_6148-300x225.jpg 300w, https:\/\/police-car.com\/website\/wp-content\/uploads\/2017\/12\/IMG_6148.jpg 1024w\" sizes=\"auto, (max-width: 245px) 100vw, 245px\" \/><\/a>\n\t\t\t<\/dt><\/dl><dl class='gallery-item'>\n\t\t\t<dt class='gallery-icon landscape'>\n\t\t\t\t<a href='https:\/\/police-car.com\/website\/wp-content\/uploads\/2017\/12\/IMG_6150.jpg' title=\"\" data-rl_title=\"\" class=\"rl-gallery-link\" data-rl_caption=\"\" data-rel=\"lightbox-gallery-2\"><img loading=\"lazy\" decoding=\"async\" width=\"245\" height=\"184\" src=\"https:\/\/police-car.com\/website\/wp-content\/uploads\/2017\/12\/IMG_6150-245x184.jpg\" class=\"attachment-thumbnail size-thumbnail\" alt=\"\" srcset=\"https:\/\/police-car.com\/website\/wp-content\/uploads\/2017\/12\/IMG_6150-245x184.jpg 245w, https:\/\/police-car.com\/website\/wp-content\/uploads\/2017\/12\/IMG_6150-300x225.jpg 300w, https:\/\/police-car.com\/website\/wp-content\/uploads\/2017\/12\/IMG_6150.jpg 1024w\" sizes=\"auto, (max-width: 245px) 100vw, 245px\" \/><\/a>\n\t\t\t<\/dt><\/dl>\n\t\t\t<br style='clear: both' \/>\n\t\t<\/div>\n\n","protected":false},"excerpt":{"rendered":"<p>Wie schon die letzten Jahre, so war auch dieses Mal der PCOOA bei der mittlerweile 4. Ausgabe des Harley Dome mit dabei. Das Wetter meinte es gut mit uns und entsprechend viele Besucher zog der&#8230;<\/p>\n","protected":false},"author":3,"featured_media":0,"parent":0,"menu_order":0,"comment_status":"closed","ping_status":"closed","template":"","meta":{"footnotes":""},"class_list":["post-2164","page","type-page","status-publish","hentry"],"_links":{"self":[{"href":"https:\/\/police-car.com\/website\/wp-json\/wp\/v2\/pages\/2164","targetHints":{"allow":["GET"]}}],"collection":[{"href":"https:\/\/police-car.com\/website\/wp-json\/wp\/v2\/pages"}],"about":[{"href":"https:\/\/police-car.com\/website\/wp-json\/wp\/v2\/types\/page"}],"author":[{"embeddable":true,"href":"https:\/\/police-car.com\/website\/wp-json\/wp\/v2\/users\/3"}],"replies":[{"embeddable":true,"href":"https:\/\/police-car.com\/website\/wp-json\/wp\/v2\/comments?post=2164"}],"version-history":[{"count":1,"href":"https:\/\/police-car.com\/website\/wp-json\/wp\/v2\/pages\/2164\/revisions"}],"predecessor-version":[{"id":2176,"href":"https:\/\/police-car.com\/website\/wp-json\/wp\/v2\/pages\/2164\/revisions\/2176"}],"wp:attachment":[{"href":"https:\/\/police-car.com\/website\/wp-json\/wp\/v2\/media?parent=2164"}],"curies":[{"name":"wp","href":"https:\/\/api.w.org\/{rel}","templated":true}]}}