{"id":2290,"date":"2017-12-08T21:42:02","date_gmt":"2017-12-08T20:42:02","guid":{"rendered":"http:\/\/pcooa-ev.de\/website\/?page_id=2290"},"modified":"2020-11-06T21:33:41","modified_gmt":"2020-11-06T20:33:41","slug":"pcooa-ec-season-opener-dortmund-08-04-2017","status":"publish","type":"page","link":"https:\/\/police-car.com\/website\/pcooa-ec-season-opener-dortmund-08-04-2017\/","title":{"rendered":"PCOOA EC Season Opener &#8211; Dortmund 08.04.2017"},"content":{"rendered":"<p>Endlich, unsere Saison 2017 begann am Samstag!<\/p>\n<p>Am Vormittag besuchten wir zun\u00e4chst die \u201ePolizeiausstellung 110 &#8211; Platz nehmen, lesen, h\u00f6ren, Polizei erleben&#8230;\u201c im Polizeipr\u00e4sidium Dortmund. Besucher k\u00f6nnen sich dort \u00fcber die Arbeit der Polizeibeamten informieren, es werden au\u00dferdem Teile der Ausr\u00fcstung und Abschnitte der Dortmunder Polizeigeschichte pr\u00e4sentiert.<\/p>\n<p>Da Dortmund eine alte Stahlarbeiterstadt ist, platzierten wir anschlie\u00dfend unsere Fahrzeuge f\u00fcr ein Fotoshooting v<span class=\"text_exposed_show\">or einer alten Stahlh\u00fctte.<\/span><\/p>\n<div class=\"text_exposed_show\">\n<p>Zur Abrundung gab es danach noch einiges vom Grill.<\/p>\n<p>Es war ein langer Tag, wir hatten gemeinsam viel Spa\u00df und freuen uns auf die kommende Saison 2017!<\/p>\n<div id='gallery-2' class='gallery galleryid-2290 gallery-columns-3 gallery-size-thumbnail'><dl class='gallery-item'>\n\t\t\t<dt class='gallery-icon landscape'>\n\t\t\t\t<a href='https:\/\/police-car.com\/website\/wp-content\/uploads\/2017\/12\/DSC_8713.jpg' title=\"\" data-rl_title=\"\" class=\"rl-gallery-link\" data-rl_caption=\"\" data-rel=\"lightbox-gallery-2\"><img loading=\"lazy\" decoding=\"async\" width=\"245\" height=\"184\" src=\"https:\/\/police-car.com\/website\/wp-content\/uploads\/2017\/12\/DSC_8713-245x184.jpg\" class=\"attachment-thumbnail size-thumbnail\" alt=\"\" srcset=\"https:\/\/police-car.com\/website\/wp-content\/uploads\/2017\/12\/DSC_8713-245x184.jpg 245w, https:\/\/police-car.com\/website\/wp-content\/uploads\/2017\/12\/DSC_8713-300x225.jpg 300w, https:\/\/police-car.com\/website\/wp-content\/uploads\/2017\/12\/DSC_8713.jpg 1024w\" sizes=\"auto, (max-width: 245px) 100vw, 245px\" \/><\/a>\n\t\t\t<\/dt><\/dl><dl class='gallery-item'>\n\t\t\t<dt class='gallery-icon portrait'>\n\t\t\t\t<a href='https:\/\/police-car.com\/website\/wp-content\/uploads\/2017\/12\/IMG_1571.jpg' title=\"\" data-rl_title=\"\" class=\"rl-gallery-link\" data-rl_caption=\"\" data-rel=\"lightbox-gallery-2\"><img loading=\"lazy\" decoding=\"async\" width=\"245\" height=\"184\" src=\"https:\/\/police-car.com\/website\/wp-content\/uploads\/2017\/12\/IMG_1571-245x184.jpg\" class=\"attachment-thumbnail size-thumbnail\" alt=\"\" \/><\/a>\n\t\t\t<\/dt><\/dl><dl class='gallery-item'>\n\t\t\t<dt class='gallery-icon portrait'>\n\t\t\t\t<a href='https:\/\/police-car.com\/website\/wp-content\/uploads\/2017\/12\/DSC_8722.jpg' title=\"\" data-rl_title=\"\" class=\"rl-gallery-link\" data-rl_caption=\"\" data-rel=\"lightbox-gallery-2\"><img loading=\"lazy\" decoding=\"async\" width=\"245\" height=\"184\" src=\"https:\/\/police-car.com\/website\/wp-content\/uploads\/2017\/12\/DSC_8722-245x184.jpg\" class=\"attachment-thumbnail size-thumbnail\" alt=\"\" \/><\/a>\n\t\t\t<\/dt><\/dl><br style=\"clear: both\" \/><dl class='gallery-item'>\n\t\t\t<dt class='gallery-icon landscape'>\n\t\t\t\t<a href='https:\/\/police-car.com\/website\/wp-content\/uploads\/2017\/12\/DSC_8723.jpg' title=\"\" data-rl_title=\"\" class=\"rl-gallery-link\" data-rl_caption=\"\" data-rel=\"lightbox-gallery-2\"><img loading=\"lazy\" decoding=\"async\" width=\"245\" height=\"184\" src=\"https:\/\/police-car.com\/website\/wp-content\/uploads\/2017\/12\/DSC_8723-245x184.jpg\" class=\"attachment-thumbnail size-thumbnail\" alt=\"\" srcset=\"https:\/\/police-car.com\/website\/wp-content\/uploads\/2017\/12\/DSC_8723-245x184.jpg 245w, https:\/\/police-car.com\/website\/wp-content\/uploads\/2017\/12\/DSC_8723-300x225.jpg 300w, https:\/\/police-car.com\/website\/wp-content\/uploads\/2017\/12\/DSC_8723.jpg 1024w\" sizes=\"auto, (max-width: 245px) 100vw, 245px\" \/><\/a>\n\t\t\t<\/dt><\/dl><dl class='gallery-item'>\n\t\t\t<dt class='gallery-icon landscape'>\n\t\t\t\t<a href='https:\/\/police-car.com\/website\/wp-content\/uploads\/2017\/12\/DSC_8724.jpg' title=\"\" data-rl_title=\"\" class=\"rl-gallery-link\" data-rl_caption=\"\" data-rel=\"lightbox-gallery-2\"><img loading=\"lazy\" decoding=\"async\" width=\"245\" height=\"184\" src=\"https:\/\/police-car.com\/website\/wp-content\/uploads\/2017\/12\/DSC_8724-245x184.jpg\" class=\"attachment-thumbnail size-thumbnail\" alt=\"\" srcset=\"https:\/\/police-car.com\/website\/wp-content\/uploads\/2017\/12\/DSC_8724-245x184.jpg 245w, https:\/\/police-car.com\/website\/wp-content\/uploads\/2017\/12\/DSC_8724-300x225.jpg 300w, https:\/\/police-car.com\/website\/wp-content\/uploads\/2017\/12\/DSC_8724.jpg 1024w\" sizes=\"auto, (max-width: 245px) 100vw, 245px\" \/><\/a>\n\t\t\t<\/dt><\/dl><dl class='gallery-item'>\n\t\t\t<dt class='gallery-icon landscape'>\n\t\t\t\t<a href='https:\/\/police-car.com\/website\/wp-content\/uploads\/2017\/12\/IMG_1573.jpg' title=\"\" data-rl_title=\"\" class=\"rl-gallery-link\" data-rl_caption=\"\" data-rel=\"lightbox-gallery-2\"><img loading=\"lazy\" decoding=\"async\" width=\"245\" height=\"184\" src=\"https:\/\/police-car.com\/website\/wp-content\/uploads\/2017\/12\/IMG_1573-245x184.jpg\" class=\"attachment-thumbnail size-thumbnail\" alt=\"\" srcset=\"https:\/\/police-car.com\/website\/wp-content\/uploads\/2017\/12\/IMG_1573-245x184.jpg 245w, https:\/\/police-car.com\/website\/wp-content\/uploads\/2017\/12\/IMG_1573-300x225.jpg 300w, https:\/\/police-car.com\/website\/wp-content\/uploads\/2017\/12\/IMG_1573.jpg 1024w\" sizes=\"auto, (max-width: 245px) 100vw, 245px\" \/><\/a>\n\t\t\t<\/dt><\/dl><br style=\"clear: both\" \/><dl class='gallery-item'>\n\t\t\t<dt class='gallery-icon landscape'>\n\t\t\t\t<a href='https:\/\/police-car.com\/website\/wp-content\/uploads\/2017\/12\/IMG_1572.jpg' title=\"\" data-rl_title=\"\" class=\"rl-gallery-link\" data-rl_caption=\"\" data-rel=\"lightbox-gallery-2\"><img loading=\"lazy\" decoding=\"async\" width=\"245\" height=\"184\" src=\"https:\/\/police-car.com\/website\/wp-content\/uploads\/2017\/12\/IMG_1572-245x184.jpg\" class=\"attachment-thumbnail size-thumbnail\" alt=\"\" srcset=\"https:\/\/police-car.com\/website\/wp-content\/uploads\/2017\/12\/IMG_1572-245x184.jpg 245w, https:\/\/police-car.com\/website\/wp-content\/uploads\/2017\/12\/IMG_1572-300x225.jpg 300w, https:\/\/police-car.com\/website\/wp-content\/uploads\/2017\/12\/IMG_1572.jpg 1024w\" sizes=\"auto, (max-width: 245px) 100vw, 245px\" \/><\/a>\n\t\t\t<\/dt><\/dl><dl class='gallery-item'>\n\t\t\t<dt class='gallery-icon landscape'>\n\t\t\t\t<a href='https:\/\/police-car.com\/website\/wp-content\/uploads\/2017\/12\/DSC_8730.jpg' title=\"\" data-rl_title=\"\" class=\"rl-gallery-link\" data-rl_caption=\"\" data-rel=\"lightbox-gallery-2\"><img loading=\"lazy\" decoding=\"async\" width=\"245\" height=\"184\" src=\"https:\/\/police-car.com\/website\/wp-content\/uploads\/2017\/12\/DSC_8730-245x184.jpg\" class=\"attachment-thumbnail size-thumbnail\" alt=\"\" srcset=\"https:\/\/police-car.com\/website\/wp-content\/uploads\/2017\/12\/DSC_8730-245x184.jpg 245w, https:\/\/police-car.com\/website\/wp-content\/uploads\/2017\/12\/DSC_8730-300x225.jpg 300w, https:\/\/police-car.com\/website\/wp-content\/uploads\/2017\/12\/DSC_8730.jpg 1024w\" sizes=\"auto, (max-width: 245px) 100vw, 245px\" \/><\/a>\n\t\t\t<\/dt><\/dl><dl class='gallery-item'>\n\t\t\t<dt class='gallery-icon landscape'>\n\t\t\t\t<a href='https:\/\/police-car.com\/website\/wp-content\/uploads\/2017\/12\/DSC_8813.jpg' title=\"\" data-rl_title=\"\" class=\"rl-gallery-link\" data-rl_caption=\"\" data-rel=\"lightbox-gallery-2\"><img loading=\"lazy\" decoding=\"async\" width=\"245\" height=\"184\" src=\"https:\/\/police-car.com\/website\/wp-content\/uploads\/2017\/12\/DSC_8813-245x184.jpg\" class=\"attachment-thumbnail size-thumbnail\" alt=\"\" srcset=\"https:\/\/police-car.com\/website\/wp-content\/uploads\/2017\/12\/DSC_8813-245x184.jpg 245w, https:\/\/police-car.com\/website\/wp-content\/uploads\/2017\/12\/DSC_8813-300x225.jpg 300w, https:\/\/police-car.com\/website\/wp-content\/uploads\/2017\/12\/DSC_8813.jpg 1024w\" sizes=\"auto, (max-width: 245px) 100vw, 245px\" \/><\/a>\n\t\t\t<\/dt><\/dl><br style=\"clear: both\" \/><dl class='gallery-item'>\n\t\t\t<dt class='gallery-icon landscape'>\n\t\t\t\t<a href='https:\/\/police-car.com\/website\/wp-content\/uploads\/2017\/12\/DSC08448.jpg' title=\"\" data-rl_title=\"\" class=\"rl-gallery-link\" data-rl_caption=\"\" data-rel=\"lightbox-gallery-2\"><img loading=\"lazy\" decoding=\"async\" width=\"245\" height=\"184\" src=\"https:\/\/police-car.com\/website\/wp-content\/uploads\/2017\/12\/DSC08448-245x184.jpg\" class=\"attachment-thumbnail size-thumbnail\" alt=\"\" srcset=\"https:\/\/police-car.com\/website\/wp-content\/uploads\/2017\/12\/DSC08448-245x184.jpg 245w, https:\/\/police-car.com\/website\/wp-content\/uploads\/2017\/12\/DSC08448-300x225.jpg 300w, https:\/\/police-car.com\/website\/wp-content\/uploads\/2017\/12\/DSC08448.jpg 1024w\" sizes=\"auto, (max-width: 245px) 100vw, 245px\" \/><\/a>\n\t\t\t<\/dt><\/dl><dl class='gallery-item'>\n\t\t\t<dt class='gallery-icon landscape'>\n\t\t\t\t<a href='https:\/\/police-car.com\/website\/wp-content\/uploads\/2017\/12\/DSC08490.jpg' title=\"\" data-rl_title=\"\" class=\"rl-gallery-link\" data-rl_caption=\"\" data-rel=\"lightbox-gallery-2\"><img loading=\"lazy\" decoding=\"async\" width=\"245\" height=\"184\" src=\"https:\/\/police-car.com\/website\/wp-content\/uploads\/2017\/12\/DSC08490-245x184.jpg\" class=\"attachment-thumbnail size-thumbnail\" alt=\"\" srcset=\"https:\/\/police-car.com\/website\/wp-content\/uploads\/2017\/12\/DSC08490-245x184.jpg 245w, https:\/\/police-car.com\/website\/wp-content\/uploads\/2017\/12\/DSC08490-300x225.jpg 300w, https:\/\/police-car.com\/website\/wp-content\/uploads\/2017\/12\/DSC08490.jpg 1024w\" sizes=\"auto, (max-width: 245px) 100vw, 245px\" \/><\/a>\n\t\t\t<\/dt><\/dl><dl class='gallery-item'>\n\t\t\t<dt class='gallery-icon landscape'>\n\t\t\t\t<a href='https:\/\/police-car.com\/website\/wp-content\/uploads\/2017\/12\/DSC08487.jpg' title=\"\" data-rl_title=\"\" class=\"rl-gallery-link\" data-rl_caption=\"\" data-rel=\"lightbox-gallery-2\"><img loading=\"lazy\" decoding=\"async\" width=\"245\" height=\"184\" src=\"https:\/\/police-car.com\/website\/wp-content\/uploads\/2017\/12\/DSC08487-245x184.jpg\" class=\"attachment-thumbnail size-thumbnail\" alt=\"\" srcset=\"https:\/\/police-car.com\/website\/wp-content\/uploads\/2017\/12\/DSC08487-245x184.jpg 245w, https:\/\/police-car.com\/website\/wp-content\/uploads\/2017\/12\/DSC08487-300x225.jpg 300w, https:\/\/police-car.com\/website\/wp-content\/uploads\/2017\/12\/DSC08487.jpg 1024w\" sizes=\"auto, (max-width: 245px) 100vw, 245px\" \/><\/a>\n\t\t\t<\/dt><\/dl><br style=\"clear: both\" \/><dl class='gallery-item'>\n\t\t\t<dt class='gallery-icon landscape'>\n\t\t\t\t<a href='https:\/\/police-car.com\/website\/wp-content\/uploads\/2017\/12\/DSC08468.jpg' title=\"\" data-rl_title=\"\" class=\"rl-gallery-link\" data-rl_caption=\"\" data-rel=\"lightbox-gallery-2\"><img loading=\"lazy\" decoding=\"async\" width=\"245\" height=\"184\" src=\"https:\/\/police-car.com\/website\/wp-content\/uploads\/2017\/12\/DSC08468-245x184.jpg\" class=\"attachment-thumbnail size-thumbnail\" alt=\"\" srcset=\"https:\/\/police-car.com\/website\/wp-content\/uploads\/2017\/12\/DSC08468-245x184.jpg 245w, https:\/\/police-car.com\/website\/wp-content\/uploads\/2017\/12\/DSC08468-300x225.jpg 300w, https:\/\/police-car.com\/website\/wp-content\/uploads\/2017\/12\/DSC08468.jpg 1024w\" sizes=\"auto, (max-width: 245px) 100vw, 245px\" \/><\/a>\n\t\t\t<\/dt><\/dl><dl class='gallery-item'>\n\t\t\t<dt class='gallery-icon landscape'>\n\t\t\t\t<a href='https:\/\/police-car.com\/website\/wp-content\/uploads\/2017\/12\/DSC_8830.jpg' title=\"\" data-rl_title=\"\" class=\"rl-gallery-link\" data-rl_caption=\"\" data-rel=\"lightbox-gallery-2\"><img loading=\"lazy\" decoding=\"async\" width=\"245\" height=\"184\" src=\"https:\/\/police-car.com\/website\/wp-content\/uploads\/2017\/12\/DSC_8830-245x184.jpg\" class=\"attachment-thumbnail size-thumbnail\" alt=\"\" srcset=\"https:\/\/police-car.com\/website\/wp-content\/uploads\/2017\/12\/DSC_8830-245x184.jpg 245w, https:\/\/police-car.com\/website\/wp-content\/uploads\/2017\/12\/DSC_8830-300x225.jpg 300w, https:\/\/police-car.com\/website\/wp-content\/uploads\/2017\/12\/DSC_8830.jpg 1024w\" sizes=\"auto, (max-width: 245px) 100vw, 245px\" \/><\/a>\n\t\t\t<\/dt><\/dl><dl class='gallery-item'>\n\t\t\t<dt class='gallery-icon landscape'>\n\t\t\t\t<a href='https:\/\/police-car.com\/website\/wp-content\/uploads\/2017\/12\/DSC08452.jpg' title=\"\" data-rl_title=\"\" class=\"rl-gallery-link\" data-rl_caption=\"\" data-rel=\"lightbox-gallery-2\"><img loading=\"lazy\" decoding=\"async\" width=\"245\" height=\"184\" src=\"https:\/\/police-car.com\/website\/wp-content\/uploads\/2017\/12\/DSC08452-245x184.jpg\" class=\"attachment-thumbnail size-thumbnail\" alt=\"\" srcset=\"https:\/\/police-car.com\/website\/wp-content\/uploads\/2017\/12\/DSC08452-245x184.jpg 245w, https:\/\/police-car.com\/website\/wp-content\/uploads\/2017\/12\/DSC08452-300x225.jpg 300w, https:\/\/police-car.com\/website\/wp-content\/uploads\/2017\/12\/DSC08452.jpg 1024w\" sizes=\"auto, (max-width: 245px) 100vw, 245px\" \/><\/a>\n\t\t\t<\/dt><\/dl><br style=\"clear: both\" \/><dl class='gallery-item'>\n\t\t\t<dt class='gallery-icon landscape'>\n\t\t\t\t<a href='https:\/\/police-car.com\/website\/wp-content\/uploads\/2017\/12\/DSC08437.jpg' title=\"\" data-rl_title=\"\" class=\"rl-gallery-link\" data-rl_caption=\"\" data-rel=\"lightbox-gallery-2\"><img loading=\"lazy\" decoding=\"async\" width=\"245\" height=\"184\" src=\"https:\/\/police-car.com\/website\/wp-content\/uploads\/2017\/12\/DSC08437-245x184.jpg\" class=\"attachment-thumbnail size-thumbnail\" alt=\"\" srcset=\"https:\/\/police-car.com\/website\/wp-content\/uploads\/2017\/12\/DSC08437-245x184.jpg 245w, https:\/\/police-car.com\/website\/wp-content\/uploads\/2017\/12\/DSC08437-300x225.jpg 300w, https:\/\/police-car.com\/website\/wp-content\/uploads\/2017\/12\/DSC08437-1024x767.jpg 1024w, https:\/\/police-car.com\/website\/wp-content\/uploads\/2017\/12\/DSC08437.jpg 1025w\" sizes=\"auto, (max-width: 245px) 100vw, 245px\" \/><\/a>\n\t\t\t<\/dt><\/dl><dl class='gallery-item'>\n\t\t\t<dt class='gallery-icon landscape'>\n\t\t\t\t<a href='https:\/\/police-car.com\/website\/wp-content\/uploads\/2017\/12\/DSC08510.jpg' title=\"\" data-rl_title=\"\" class=\"rl-gallery-link\" data-rl_caption=\"\" data-rel=\"lightbox-gallery-2\"><img loading=\"lazy\" decoding=\"async\" width=\"245\" height=\"184\" src=\"https:\/\/police-car.com\/website\/wp-content\/uploads\/2017\/12\/DSC08510-245x184.jpg\" class=\"attachment-thumbnail size-thumbnail\" alt=\"\" srcset=\"https:\/\/police-car.com\/website\/wp-content\/uploads\/2017\/12\/DSC08510-245x184.jpg 245w, https:\/\/police-car.com\/website\/wp-content\/uploads\/2017\/12\/DSC08510-300x225.jpg 300w, https:\/\/police-car.com\/website\/wp-content\/uploads\/2017\/12\/DSC08510.jpg 1024w\" sizes=\"auto, (max-width: 245px) 100vw, 245px\" \/><\/a>\n\t\t\t<\/dt><\/dl>\n\t\t\t<br style='clear: both' \/>\n\t\t<\/div>\n\n<\/div>\n","protected":false},"excerpt":{"rendered":"<p>Endlich, unsere Saison 2017 begann am Samstag! Am Vormittag besuchten wir zun\u00e4chst die \u201ePolizeiausstellung 110 &#8211; Platz nehmen, lesen, h\u00f6ren, Polizei erleben&#8230;\u201c im Polizeipr\u00e4sidium Dortmund. Besucher k\u00f6nnen sich dort \u00fcber die Arbeit der Polizeibeamten informieren,&#8230;<\/p>\n","protected":false},"author":3,"featured_media":0,"parent":0,"menu_order":0,"comment_status":"closed","ping_status":"closed","template":"","meta":{"footnotes":""},"class_list":["post-2290","page","type-page","status-publish","hentry"],"_links":{"self":[{"href":"https:\/\/police-car.com\/website\/wp-json\/wp\/v2\/pages\/2290","targetHints":{"allow":["GET"]}}],"collection":[{"href":"https:\/\/police-car.com\/website\/wp-json\/wp\/v2\/pages"}],"about":[{"href":"https:\/\/police-car.com\/website\/wp-json\/wp\/v2\/types\/page"}],"author":[{"embeddable":true,"href":"https:\/\/police-car.com\/website\/wp-json\/wp\/v2\/users\/3"}],"replies":[{"embeddable":true,"href":"https:\/\/police-car.com\/website\/wp-json\/wp\/v2\/comments?post=2290"}],"version-history":[{"count":3,"href":"https:\/\/police-car.com\/website\/wp-json\/wp\/v2\/pages\/2290\/revisions"}],"predecessor-version":[{"id":2310,"href":"https:\/\/police-car.com\/website\/wp-json\/wp\/v2\/pages\/2290\/revisions\/2310"}],"wp:attachment":[{"href":"https:\/\/police-car.com\/website\/wp-json\/wp\/v2\/media?parent=2290"}],"curies":[{"name":"wp","href":"https:\/\/api.w.org\/{rel}","templated":true}]}}