{"id":2433,"date":"2017-12-17T12:08:24","date_gmt":"2017-12-17T11:08:24","guid":{"rendered":"http:\/\/pcooa-ev.de\/website\/?page_id=2433"},"modified":"2020-11-06T21:20:07","modified_gmt":"2020-11-06T20:20:07","slug":"season-opener-v8-flyers-grenzland-the-first-25-years-willich-01-05-2016","status":"publish","type":"page","link":"https:\/\/police-car.com\/website\/season-opener-v8-flyers-grenzland-the-first-25-years-willich-01-05-2016\/","title":{"rendered":"Season Opener V8 Flyers Grenzland &#8222;the first 25 years&#8220; \u2013 Willich 01.05.2016"},"content":{"rendered":"<p>Alle Jahre wieder f\u00fchrt unser Weg am 1. Mai zu unseren Freunden von den V8 Flyers nach Willich. Dort organisierten die V8 Flyers ein US Car und Bike Treffen f\u00fcr jedermann. Dieses Jahr zog es die Freunde amerikanischer Automobile bei bestem Sonnenschein erstmalig an eine neue Location an den Niederrhein. Das Treffen ist weit \u00fcber die deutsche Landesgrenze hinaus bekannt, und so konnten sich die V8 Flyers auch \u00fcber G\u00e4ste aus den Niederlanden, Belgien und sogar Luxemburg freuen.<\/p>\n<p>Auf einer abgesperrten Stra\u00dfe des Veranstaltungsgel\u00e4ndes bauten wir eine Stra\u00dfensperre auf, die jeder Teilnehmer passieren musste. Dort konnten wir in originalgetreuen Uniformen passend zu unseren Fahrzeugen alle Besucher stilecht begr\u00fc\u00dfen.<\/p>\n<p>Trotz des neuen, gr\u00f6\u00dferen Veranstaltungsgel\u00e4ndes war es sehr schnell gef\u00fcllt. Die V8 Flyers haben dieses Jahr wieder einmal gezeigt, was sie auf die Beine stellen k\u00f6nnen. Uns hat es erneut sehr viel Spa\u00df bereitet, f\u00fcr euch den Einlass zu \u201ekontrollieren\u201c. Macht weiter so, wir sehen uns 2017 wieder zu gewohnten Zeit!<\/p>\n<div id='gallery-2' class='gallery galleryid-2433 gallery-columns-3 gallery-size-thumbnail'><dl class='gallery-item'>\n\t\t\t<dt class='gallery-icon landscape'>\n\t\t\t\t<a href='https:\/\/police-car.com\/website\/wp-content\/uploads\/2017\/12\/IMG_0064.jpg' title=\"\" data-rl_title=\"\" class=\"rl-gallery-link\" data-rl_caption=\"\" data-rel=\"lightbox-gallery-2\"><img loading=\"lazy\" decoding=\"async\" width=\"245\" height=\"184\" src=\"https:\/\/police-car.com\/website\/wp-content\/uploads\/2017\/12\/IMG_0064-245x184.jpg\" class=\"attachment-thumbnail size-thumbnail\" alt=\"\" srcset=\"https:\/\/police-car.com\/website\/wp-content\/uploads\/2017\/12\/IMG_0064-245x184.jpg 245w, https:\/\/police-car.com\/website\/wp-content\/uploads\/2017\/12\/IMG_0064-300x225.jpg 300w, https:\/\/police-car.com\/website\/wp-content\/uploads\/2017\/12\/IMG_0064.jpg 1024w\" sizes=\"auto, (max-width: 245px) 100vw, 245px\" \/><\/a>\n\t\t\t<\/dt><\/dl><dl class='gallery-item'>\n\t\t\t<dt class='gallery-icon landscape'>\n\t\t\t\t<a href='https:\/\/police-car.com\/website\/wp-content\/uploads\/2017\/12\/13120392_10206435372543260_1694800649_o.jpg' title=\"\" data-rl_title=\"\" class=\"rl-gallery-link\" data-rl_caption=\"\" data-rel=\"lightbox-gallery-2\"><img loading=\"lazy\" decoding=\"async\" width=\"245\" height=\"184\" src=\"https:\/\/police-car.com\/website\/wp-content\/uploads\/2017\/12\/13120392_10206435372543260_1694800649_o-245x184.jpg\" class=\"attachment-thumbnail size-thumbnail\" alt=\"\" srcset=\"https:\/\/police-car.com\/website\/wp-content\/uploads\/2017\/12\/13120392_10206435372543260_1694800649_o-245x184.jpg 245w, https:\/\/police-car.com\/website\/wp-content\/uploads\/2017\/12\/13120392_10206435372543260_1694800649_o-300x225.jpg 300w, https:\/\/police-car.com\/website\/wp-content\/uploads\/2017\/12\/13120392_10206435372543260_1694800649_o.jpg 1024w\" sizes=\"auto, (max-width: 245px) 100vw, 245px\" \/><\/a>\n\t\t\t<\/dt><\/dl><dl class='gallery-item'>\n\t\t\t<dt class='gallery-icon portrait'>\n\t\t\t\t<a href='https:\/\/police-car.com\/website\/wp-content\/uploads\/2017\/12\/13120478_10206435372143250_69984415_o.jpg' title=\"\" data-rl_title=\"\" class=\"rl-gallery-link\" data-rl_caption=\"\" data-rel=\"lightbox-gallery-2\"><img loading=\"lazy\" decoding=\"async\" width=\"245\" height=\"184\" src=\"https:\/\/police-car.com\/website\/wp-content\/uploads\/2017\/12\/13120478_10206435372143250_69984415_o-245x184.jpg\" class=\"attachment-thumbnail size-thumbnail\" alt=\"\" \/><\/a>\n\t\t\t<\/dt><\/dl><br style=\"clear: both\" \/><dl class='gallery-item'>\n\t\t\t<dt class='gallery-icon landscape'>\n\t\t\t\t<a href='https:\/\/police-car.com\/website\/wp-content\/uploads\/2017\/12\/13113251_10206435370783216_1898932334_o.jpg' title=\"\" data-rl_title=\"\" class=\"rl-gallery-link\" data-rl_caption=\"\" data-rel=\"lightbox-gallery-2\"><img loading=\"lazy\" decoding=\"async\" width=\"245\" height=\"184\" src=\"https:\/\/police-car.com\/website\/wp-content\/uploads\/2017\/12\/13113251_10206435370783216_1898932334_o-245x184.jpg\" class=\"attachment-thumbnail size-thumbnail\" alt=\"\" srcset=\"https:\/\/police-car.com\/website\/wp-content\/uploads\/2017\/12\/13113251_10206435370783216_1898932334_o-245x184.jpg 245w, https:\/\/police-car.com\/website\/wp-content\/uploads\/2017\/12\/13113251_10206435370783216_1898932334_o-300x225.jpg 300w, https:\/\/police-car.com\/website\/wp-content\/uploads\/2017\/12\/13113251_10206435370783216_1898932334_o.jpg 1024w\" sizes=\"auto, (max-width: 245px) 100vw, 245px\" \/><\/a>\n\t\t\t<\/dt><\/dl><dl class='gallery-item'>\n\t\t\t<dt class='gallery-icon landscape'>\n\t\t\t\t<a href='https:\/\/police-car.com\/website\/wp-content\/uploads\/2017\/12\/13147923_10206435372423257_911261912_o.jpg' title=\"\" data-rl_title=\"\" class=\"rl-gallery-link\" data-rl_caption=\"\" data-rel=\"lightbox-gallery-2\"><img loading=\"lazy\" decoding=\"async\" width=\"245\" height=\"184\" src=\"https:\/\/police-car.com\/website\/wp-content\/uploads\/2017\/12\/13147923_10206435372423257_911261912_o-245x184.jpg\" class=\"attachment-thumbnail size-thumbnail\" alt=\"\" srcset=\"https:\/\/police-car.com\/website\/wp-content\/uploads\/2017\/12\/13147923_10206435372423257_911261912_o-245x184.jpg 245w, https:\/\/police-car.com\/website\/wp-content\/uploads\/2017\/12\/13147923_10206435372423257_911261912_o-300x225.jpg 300w, https:\/\/police-car.com\/website\/wp-content\/uploads\/2017\/12\/13147923_10206435372423257_911261912_o.jpg 1024w\" sizes=\"auto, (max-width: 245px) 100vw, 245px\" \/><\/a>\n\t\t\t<\/dt><\/dl><dl class='gallery-item'>\n\t\t\t<dt class='gallery-icon landscape'>\n\t\t\t\t<a href='https:\/\/police-car.com\/website\/wp-content\/uploads\/2017\/12\/IMG_0060.jpg' title=\"\" data-rl_title=\"\" class=\"rl-gallery-link\" data-rl_caption=\"\" data-rel=\"lightbox-gallery-2\"><img loading=\"lazy\" decoding=\"async\" width=\"245\" height=\"184\" src=\"https:\/\/police-car.com\/website\/wp-content\/uploads\/2017\/12\/IMG_0060-245x184.jpg\" class=\"attachment-thumbnail size-thumbnail\" alt=\"\" srcset=\"https:\/\/police-car.com\/website\/wp-content\/uploads\/2017\/12\/IMG_0060-245x184.jpg 245w, https:\/\/police-car.com\/website\/wp-content\/uploads\/2017\/12\/IMG_0060-300x225.jpg 300w, https:\/\/police-car.com\/website\/wp-content\/uploads\/2017\/12\/IMG_0060.jpg 1024w\" sizes=\"auto, (max-width: 245px) 100vw, 245px\" \/><\/a>\n\t\t\t<\/dt><\/dl><br style=\"clear: both\" \/><dl class='gallery-item'>\n\t\t\t<dt class='gallery-icon landscape'>\n\t\t\t\t<a href='https:\/\/police-car.com\/website\/wp-content\/uploads\/2017\/12\/13148360_10206435373183276_891778819_o.jpg' title=\"\" data-rl_title=\"\" class=\"rl-gallery-link\" data-rl_caption=\"\" data-rel=\"lightbox-gallery-2\"><img loading=\"lazy\" decoding=\"async\" width=\"245\" height=\"184\" src=\"https:\/\/police-car.com\/website\/wp-content\/uploads\/2017\/12\/13148360_10206435373183276_891778819_o-245x184.jpg\" class=\"attachment-thumbnail size-thumbnail\" alt=\"\" srcset=\"https:\/\/police-car.com\/website\/wp-content\/uploads\/2017\/12\/13148360_10206435373183276_891778819_o-245x184.jpg 245w, https:\/\/police-car.com\/website\/wp-content\/uploads\/2017\/12\/13148360_10206435373183276_891778819_o-300x225.jpg 300w, https:\/\/police-car.com\/website\/wp-content\/uploads\/2017\/12\/13148360_10206435373183276_891778819_o.jpg 1024w\" sizes=\"auto, (max-width: 245px) 100vw, 245px\" \/><\/a>\n\t\t\t<\/dt><\/dl><dl class='gallery-item'>\n\t\t\t<dt class='gallery-icon landscape'>\n\t\t\t\t<a href='https:\/\/police-car.com\/website\/wp-content\/uploads\/2017\/12\/13148015_10206435366103099_178394646_o.jpg' title=\"\" data-rl_title=\"\" class=\"rl-gallery-link\" data-rl_caption=\"\" data-rel=\"lightbox-gallery-2\"><img loading=\"lazy\" decoding=\"async\" width=\"245\" height=\"184\" src=\"https:\/\/police-car.com\/website\/wp-content\/uploads\/2017\/12\/13148015_10206435366103099_178394646_o-245x184.jpg\" class=\"attachment-thumbnail size-thumbnail\" alt=\"\" srcset=\"https:\/\/police-car.com\/website\/wp-content\/uploads\/2017\/12\/13148015_10206435366103099_178394646_o-245x184.jpg 245w, https:\/\/police-car.com\/website\/wp-content\/uploads\/2017\/12\/13148015_10206435366103099_178394646_o-300x225.jpg 300w, https:\/\/police-car.com\/website\/wp-content\/uploads\/2017\/12\/13148015_10206435366103099_178394646_o.jpg 1024w\" sizes=\"auto, (max-width: 245px) 100vw, 245px\" \/><\/a>\n\t\t\t<\/dt><\/dl><dl class='gallery-item'>\n\t\t\t<dt class='gallery-icon landscape'>\n\t\t\t\t<a href='https:\/\/police-car.com\/website\/wp-content\/uploads\/2017\/12\/IMG_0061.jpg' title=\"\" data-rl_title=\"\" class=\"rl-gallery-link\" data-rl_caption=\"\" data-rel=\"lightbox-gallery-2\"><img loading=\"lazy\" decoding=\"async\" width=\"245\" height=\"184\" src=\"https:\/\/police-car.com\/website\/wp-content\/uploads\/2017\/12\/IMG_0061-245x184.jpg\" class=\"attachment-thumbnail size-thumbnail\" alt=\"\" srcset=\"https:\/\/police-car.com\/website\/wp-content\/uploads\/2017\/12\/IMG_0061-245x184.jpg 245w, https:\/\/police-car.com\/website\/wp-content\/uploads\/2017\/12\/IMG_0061-300x225.jpg 300w, https:\/\/police-car.com\/website\/wp-content\/uploads\/2017\/12\/IMG_0061.jpg 1024w\" sizes=\"auto, (max-width: 245px) 100vw, 245px\" \/><\/a>\n\t\t\t<\/dt><\/dl><br style=\"clear: both\" \/><dl class='gallery-item'>\n\t\t\t<dt class='gallery-icon landscape'>\n\t\t\t\t<a href='https:\/\/police-car.com\/website\/wp-content\/uploads\/2017\/12\/IMG_0062.jpg' title=\"\" data-rl_title=\"\" class=\"rl-gallery-link\" data-rl_caption=\"\" data-rel=\"lightbox-gallery-2\"><img loading=\"lazy\" decoding=\"async\" width=\"245\" height=\"184\" src=\"https:\/\/police-car.com\/website\/wp-content\/uploads\/2017\/12\/IMG_0062-245x184.jpg\" class=\"attachment-thumbnail size-thumbnail\" alt=\"\" srcset=\"https:\/\/police-car.com\/website\/wp-content\/uploads\/2017\/12\/IMG_0062-245x184.jpg 245w, https:\/\/police-car.com\/website\/wp-content\/uploads\/2017\/12\/IMG_0062-300x225.jpg 300w, https:\/\/police-car.com\/website\/wp-content\/uploads\/2017\/12\/IMG_0062.jpg 1024w\" sizes=\"auto, (max-width: 245px) 100vw, 245px\" \/><\/a>\n\t\t\t<\/dt><\/dl><dl class='gallery-item'>\n\t\t\t<dt class='gallery-icon landscape'>\n\t\t\t\t<a href='https:\/\/police-car.com\/website\/wp-content\/uploads\/2017\/12\/IMG_0065.jpg' title=\"\" data-rl_title=\"\" class=\"rl-gallery-link\" data-rl_caption=\"\" data-rel=\"lightbox-gallery-2\"><img loading=\"lazy\" decoding=\"async\" width=\"245\" height=\"184\" src=\"https:\/\/police-car.com\/website\/wp-content\/uploads\/2017\/12\/IMG_0065-245x184.jpg\" class=\"attachment-thumbnail size-thumbnail\" alt=\"\" srcset=\"https:\/\/police-car.com\/website\/wp-content\/uploads\/2017\/12\/IMG_0065-245x184.jpg 245w, https:\/\/police-car.com\/website\/wp-content\/uploads\/2017\/12\/IMG_0065-300x225.jpg 300w, https:\/\/police-car.com\/website\/wp-content\/uploads\/2017\/12\/IMG_0065.jpg 1024w\" sizes=\"auto, (max-width: 245px) 100vw, 245px\" \/><\/a>\n\t\t\t<\/dt><\/dl><dl class='gallery-item'>\n\t\t\t<dt class='gallery-icon landscape'>\n\t\t\t\t<a href='https:\/\/police-car.com\/website\/wp-content\/uploads\/2017\/12\/IMG_0069.jpg' title=\"\" data-rl_title=\"\" class=\"rl-gallery-link\" data-rl_caption=\"\" data-rel=\"lightbox-gallery-2\"><img loading=\"lazy\" decoding=\"async\" width=\"245\" height=\"184\" src=\"https:\/\/police-car.com\/website\/wp-content\/uploads\/2017\/12\/IMG_0069-245x184.jpg\" class=\"attachment-thumbnail size-thumbnail\" alt=\"\" srcset=\"https:\/\/police-car.com\/website\/wp-content\/uploads\/2017\/12\/IMG_0069-245x184.jpg 245w, https:\/\/police-car.com\/website\/wp-content\/uploads\/2017\/12\/IMG_0069-300x225.jpg 300w, https:\/\/police-car.com\/website\/wp-content\/uploads\/2017\/12\/IMG_0069.jpg 1024w\" sizes=\"auto, (max-width: 245px) 100vw, 245px\" \/><\/a>\n\t\t\t<\/dt><\/dl><br style=\"clear: both\" \/><dl class='gallery-item'>\n\t\t\t<dt class='gallery-icon landscape'>\n\t\t\t\t<a href='https:\/\/police-car.com\/website\/wp-content\/uploads\/2017\/12\/IMG_0070.jpg' title=\"\" data-rl_title=\"\" class=\"rl-gallery-link\" data-rl_caption=\"\" data-rel=\"lightbox-gallery-2\"><img loading=\"lazy\" decoding=\"async\" width=\"245\" height=\"184\" src=\"https:\/\/police-car.com\/website\/wp-content\/uploads\/2017\/12\/IMG_0070-245x184.jpg\" class=\"attachment-thumbnail size-thumbnail\" alt=\"\" srcset=\"https:\/\/police-car.com\/website\/wp-content\/uploads\/2017\/12\/IMG_0070-245x184.jpg 245w, https:\/\/police-car.com\/website\/wp-content\/uploads\/2017\/12\/IMG_0070-300x225.jpg 300w, https:\/\/police-car.com\/website\/wp-content\/uploads\/2017\/12\/IMG_0070.jpg 1024w\" sizes=\"auto, (max-width: 245px) 100vw, 245px\" \/><\/a>\n\t\t\t<\/dt><\/dl><dl class='gallery-item'>\n\t\t\t<dt class='gallery-icon landscape'>\n\t\t\t\t<a href='https:\/\/police-car.com\/website\/wp-content\/uploads\/2017\/12\/IMG_0077.jpg' title=\"\" data-rl_title=\"\" class=\"rl-gallery-link\" data-rl_caption=\"\" data-rel=\"lightbox-gallery-2\"><img loading=\"lazy\" decoding=\"async\" width=\"245\" height=\"184\" src=\"https:\/\/police-car.com\/website\/wp-content\/uploads\/2017\/12\/IMG_0077-245x184.jpg\" class=\"attachment-thumbnail size-thumbnail\" alt=\"\" srcset=\"https:\/\/police-car.com\/website\/wp-content\/uploads\/2017\/12\/IMG_0077-245x184.jpg 245w, https:\/\/police-car.com\/website\/wp-content\/uploads\/2017\/12\/IMG_0077-300x225.jpg 300w, https:\/\/police-car.com\/website\/wp-content\/uploads\/2017\/12\/IMG_0077.jpg 1024w\" sizes=\"auto, (max-width: 245px) 100vw, 245px\" \/><\/a>\n\t\t\t<\/dt><\/dl><dl class='gallery-item'>\n\t\t\t<dt class='gallery-icon landscape'>\n\t\t\t\t<a href='https:\/\/police-car.com\/website\/wp-content\/uploads\/2017\/12\/IMG_0079.jpg' title=\"\" data-rl_title=\"\" class=\"rl-gallery-link\" data-rl_caption=\"\" data-rel=\"lightbox-gallery-2\"><img loading=\"lazy\" decoding=\"async\" width=\"245\" height=\"184\" src=\"https:\/\/police-car.com\/website\/wp-content\/uploads\/2017\/12\/IMG_0079-245x184.jpg\" class=\"attachment-thumbnail size-thumbnail\" alt=\"\" srcset=\"https:\/\/police-car.com\/website\/wp-content\/uploads\/2017\/12\/IMG_0079-245x184.jpg 245w, https:\/\/police-car.com\/website\/wp-content\/uploads\/2017\/12\/IMG_0079-300x225.jpg 300w, https:\/\/police-car.com\/website\/wp-content\/uploads\/2017\/12\/IMG_0079.jpg 1024w\" sizes=\"auto, (max-width: 245px) 100vw, 245px\" \/><\/a>\n\t\t\t<\/dt><\/dl><br style=\"clear: both\" \/>\n\t\t<\/div>\n\n","protected":false},"excerpt":{"rendered":"<p>Alle Jahre wieder f\u00fchrt unser Weg am 1. Mai zu unseren Freunden von den V8 Flyers nach Willich. Dort organisierten die V8 Flyers ein US Car und Bike Treffen f\u00fcr jedermann. Dieses Jahr zog es&#8230;<\/p>\n","protected":false},"author":3,"featured_media":0,"parent":0,"menu_order":0,"comment_status":"closed","ping_status":"closed","template":"","meta":{"footnotes":""},"class_list":["post-2433","page","type-page","status-publish","hentry"],"_links":{"self":[{"href":"https:\/\/police-car.com\/website\/wp-json\/wp\/v2\/pages\/2433","targetHints":{"allow":["GET"]}}],"collection":[{"href":"https:\/\/police-car.com\/website\/wp-json\/wp\/v2\/pages"}],"about":[{"href":"https:\/\/police-car.com\/website\/wp-json\/wp\/v2\/types\/page"}],"author":[{"embeddable":true,"href":"https:\/\/police-car.com\/website\/wp-json\/wp\/v2\/users\/3"}],"replies":[{"embeddable":true,"href":"https:\/\/police-car.com\/website\/wp-json\/wp\/v2\/comments?post=2433"}],"version-history":[{"count":5,"href":"https:\/\/police-car.com\/website\/wp-json\/wp\/v2\/pages\/2433\/revisions"}],"predecessor-version":[{"id":2509,"href":"https:\/\/police-car.com\/website\/wp-json\/wp\/v2\/pages\/2433\/revisions\/2509"}],"wp:attachment":[{"href":"https:\/\/police-car.com\/website\/wp-json\/wp\/v2\/media?parent=2433"}],"curies":[{"name":"wp","href":"https:\/\/api.w.org\/{rel}","templated":true}]}}