{"id":2574,"date":"2017-12-29T21:38:24","date_gmt":"2017-12-29T20:38:24","guid":{"rendered":"http:\/\/pcooa-ev.de\/website\/?page_id=2574"},"modified":"2020-11-10T20:08:51","modified_gmt":"2020-11-10T19:08:51","slug":"10-us-car-bike-show-grefrath-15-08-2015","status":"publish","type":"page","link":"https:\/\/police-car.com\/website\/10-us-car-bike-show-grefrath-15-08-2015\/","title":{"rendered":"10. US Car &#038; Bike Show &#8211; Grefrath 15.08.2015"},"content":{"rendered":"<p><span class=\" _2ieo\">Wenn das Eis schon lange geschmolzen ist, die Parktaschen f\u00fcr die Autos viel zu klein sind und man wieder V8 Big Blocks h\u00f6rt, ja dann ist wieder SHOWTIME! <\/span><\/p>\n<p><span class=\" _2ieo\">Die 10. US Car &amp; Bike Show im EisSport &amp; EventPark Grefrath stand f\u00fcr uns am Samstag als Ausflugsziel auf dem Programm. So machten sich schon am fr\u00fchen Morgen zehn unserer Mitglieder mit ihren Autos auf dem Weg, um die hei\u00df begehrten Standfl\u00e4chen auf der Betonbahn, die im Winter als Eislauffl\u00e4che dient, zu sichern.<br \/>\nNeben der Pr\u00e4sentation dort f\u00fchrten auch einige unserer Mitglieder ihre Fahrzeuge auf der Showb\u00fchne im Veranstaltungspavillon vor.<br \/>\nDiesmal kamen auch die Kids nicht zu kurz, viele Kinder nahmen einmal hinter dem Steuer eines Police Cars Platz und als Erinnerung gab es von uns noch ein kleines USA F\u00e4hnchen zum Mitnehmen.<\/span><\/p>\n<p><span class=\" _2ieo\"> Es war rundum ein gelungener Tag f\u00fcr alle!<\/span><\/p>\n<div id='gallery-2' class='gallery galleryid-2574 gallery-columns-3 gallery-size-thumbnail'><dl class='gallery-item'>\n\t\t\t<dt class='gallery-icon landscape'>\n\t\t\t\t<a href='https:\/\/police-car.com\/website\/wp-content\/uploads\/2018\/01\/IMG-20150815-WA0004.jpg' title=\"\" data-rl_title=\"\" class=\"rl-gallery-link\" data-rl_caption=\"\" data-rel=\"lightbox-gallery-2\"><img loading=\"lazy\" decoding=\"async\" width=\"245\" height=\"184\" src=\"https:\/\/police-car.com\/website\/wp-content\/uploads\/2018\/01\/IMG-20150815-WA0004-245x184.jpg\" class=\"attachment-thumbnail size-thumbnail\" alt=\"\" srcset=\"https:\/\/police-car.com\/website\/wp-content\/uploads\/2018\/01\/IMG-20150815-WA0004-245x184.jpg 245w, https:\/\/police-car.com\/website\/wp-content\/uploads\/2018\/01\/IMG-20150815-WA0004-300x225.jpg 300w, https:\/\/police-car.com\/website\/wp-content\/uploads\/2018\/01\/IMG-20150815-WA0004.jpg 1024w\" sizes=\"auto, (max-width: 245px) 100vw, 245px\" \/><\/a>\n\t\t\t<\/dt><\/dl><dl class='gallery-item'>\n\t\t\t<dt class='gallery-icon landscape'>\n\t\t\t\t<a href='https:\/\/police-car.com\/website\/wp-content\/uploads\/2018\/01\/IMG-20150815-WA0009.jpg' title=\"\" data-rl_title=\"\" class=\"rl-gallery-link\" data-rl_caption=\"\" data-rel=\"lightbox-gallery-2\"><img loading=\"lazy\" decoding=\"async\" width=\"245\" height=\"184\" src=\"https:\/\/police-car.com\/website\/wp-content\/uploads\/2018\/01\/IMG-20150815-WA0009-245x184.jpg\" class=\"attachment-thumbnail size-thumbnail\" alt=\"\" srcset=\"https:\/\/police-car.com\/website\/wp-content\/uploads\/2018\/01\/IMG-20150815-WA0009-245x184.jpg 245w, https:\/\/police-car.com\/website\/wp-content\/uploads\/2018\/01\/IMG-20150815-WA0009-300x225.jpg 300w, https:\/\/police-car.com\/website\/wp-content\/uploads\/2018\/01\/IMG-20150815-WA0009.jpg 1024w\" sizes=\"auto, (max-width: 245px) 100vw, 245px\" \/><\/a>\n\t\t\t<\/dt><\/dl><dl class='gallery-item'>\n\t\t\t<dt class='gallery-icon landscape'>\n\t\t\t\t<a href='https:\/\/police-car.com\/website\/wp-content\/uploads\/2018\/01\/IMG-20150815-WA0000.jpg' title=\"\" data-rl_title=\"\" class=\"rl-gallery-link\" data-rl_caption=\"\" data-rel=\"lightbox-gallery-2\"><img loading=\"lazy\" decoding=\"async\" width=\"245\" height=\"184\" src=\"https:\/\/police-car.com\/website\/wp-content\/uploads\/2018\/01\/IMG-20150815-WA0000-245x184.jpg\" class=\"attachment-thumbnail size-thumbnail\" alt=\"\" srcset=\"https:\/\/police-car.com\/website\/wp-content\/uploads\/2018\/01\/IMG-20150815-WA0000-245x184.jpg 245w, https:\/\/police-car.com\/website\/wp-content\/uploads\/2018\/01\/IMG-20150815-WA0000-300x225.jpg 300w, https:\/\/police-car.com\/website\/wp-content\/uploads\/2018\/01\/IMG-20150815-WA0000.jpg 1024w\" sizes=\"auto, (max-width: 245px) 100vw, 245px\" \/><\/a>\n\t\t\t<\/dt><\/dl><br style=\"clear: both\" \/><dl class='gallery-item'>\n\t\t\t<dt class='gallery-icon landscape'>\n\t\t\t\t<a href='https:\/\/police-car.com\/website\/wp-content\/uploads\/2018\/01\/IMG-20150815-WA0002.jpg' title=\"\" data-rl_title=\"\" class=\"rl-gallery-link\" data-rl_caption=\"\" data-rel=\"lightbox-gallery-2\"><img loading=\"lazy\" decoding=\"async\" width=\"245\" height=\"184\" src=\"https:\/\/police-car.com\/website\/wp-content\/uploads\/2018\/01\/IMG-20150815-WA0002-245x184.jpg\" class=\"attachment-thumbnail size-thumbnail\" alt=\"\" srcset=\"https:\/\/police-car.com\/website\/wp-content\/uploads\/2018\/01\/IMG-20150815-WA0002-245x184.jpg 245w, https:\/\/police-car.com\/website\/wp-content\/uploads\/2018\/01\/IMG-20150815-WA0002-300x225.jpg 300w, https:\/\/police-car.com\/website\/wp-content\/uploads\/2018\/01\/IMG-20150815-WA0002.jpg 1024w\" sizes=\"auto, (max-width: 245px) 100vw, 245px\" \/><\/a>\n\t\t\t<\/dt><\/dl><dl class='gallery-item'>\n\t\t\t<dt class='gallery-icon landscape'>\n\t\t\t\t<a href='https:\/\/police-car.com\/website\/wp-content\/uploads\/2018\/01\/IMG-20150815-WA0021.jpg' title=\"\" data-rl_title=\"\" class=\"rl-gallery-link\" data-rl_caption=\"\" data-rel=\"lightbox-gallery-2\"><img loading=\"lazy\" decoding=\"async\" width=\"245\" height=\"184\" src=\"https:\/\/police-car.com\/website\/wp-content\/uploads\/2018\/01\/IMG-20150815-WA0021-245x184.jpg\" class=\"attachment-thumbnail size-thumbnail\" alt=\"\" srcset=\"https:\/\/police-car.com\/website\/wp-content\/uploads\/2018\/01\/IMG-20150815-WA0021-245x184.jpg 245w, https:\/\/police-car.com\/website\/wp-content\/uploads\/2018\/01\/IMG-20150815-WA0021-300x225.jpg 300w, https:\/\/police-car.com\/website\/wp-content\/uploads\/2018\/01\/IMG-20150815-WA0021.jpg 1024w\" sizes=\"auto, (max-width: 245px) 100vw, 245px\" \/><\/a>\n\t\t\t<\/dt><\/dl>\n\t\t\t<br style='clear: both' \/>\n\t\t<\/div>\n\n","protected":false},"excerpt":{"rendered":"<p>Wenn das Eis schon lange geschmolzen ist, die Parktaschen f\u00fcr die Autos viel zu klein sind und man wieder V8 Big Blocks h\u00f6rt, ja dann ist wieder SHOWTIME! Die 10. US Car &amp; Bike Show&#8230;<\/p>\n","protected":false},"author":3,"featured_media":0,"parent":0,"menu_order":0,"comment_status":"closed","ping_status":"closed","template":"","meta":{"footnotes":""},"class_list":["post-2574","page","type-page","status-publish","hentry"],"_links":{"self":[{"href":"https:\/\/police-car.com\/website\/wp-json\/wp\/v2\/pages\/2574","targetHints":{"allow":["GET"]}}],"collection":[{"href":"https:\/\/police-car.com\/website\/wp-json\/wp\/v2\/pages"}],"about":[{"href":"https:\/\/police-car.com\/website\/wp-json\/wp\/v2\/types\/page"}],"author":[{"embeddable":true,"href":"https:\/\/police-car.com\/website\/wp-json\/wp\/v2\/users\/3"}],"replies":[{"embeddable":true,"href":"https:\/\/police-car.com\/website\/wp-json\/wp\/v2\/comments?post=2574"}],"version-history":[{"count":6,"href":"https:\/\/police-car.com\/website\/wp-json\/wp\/v2\/pages\/2574\/revisions"}],"predecessor-version":[{"id":2751,"href":"https:\/\/police-car.com\/website\/wp-json\/wp\/v2\/pages\/2574\/revisions\/2751"}],"wp:attachment":[{"href":"https:\/\/police-car.com\/website\/wp-json\/wp\/v2\/media?parent=2574"}],"curies":[{"name":"wp","href":"https:\/\/api.w.org\/{rel}","templated":true}]}}