{"id":2606,"date":"2018-01-04T16:14:40","date_gmt":"2018-01-04T15:14:40","guid":{"rendered":"http:\/\/pcooa-ev.de\/website\/?page_id=2606"},"modified":"2020-11-10T20:09:55","modified_gmt":"2020-11-10T19:09:55","slug":"germanys-supercars-rallye-fursten-forest-flugplatz-damme-11-07-2015","status":"publish","type":"page","link":"https:\/\/police-car.com\/website\/germanys-supercars-rallye-fursten-forest-flugplatz-damme-11-07-2015\/","title":{"rendered":"Germanys Supercars Rallye &#8211; Fursten Forest \/ Flugplatz Damme 11.07.2015"},"content":{"rendered":"<p><span class=\" _2ieo\">Ferrari, Lamborghini, Maserati, Bentley, McLaren nur ein paar Markennamen die das Herz von Autofans h\u00f6her schlagen lassen. Wahre PS- Monster die sich stolz Supercars nennen d\u00fcrfen.<br \/>\nGro\u00dfe Hubraum Volumen vs. Turbogeladene 10 Zylinder und nur eine Sache vor denen Fahrer solcher Sportwagen noch Respekt haben.<br \/>\nSie h\u00f6ren auf die Namen wie Ford Crown Victoria Police Interceptor, Dodge Charger Pursuit oder Chevrolet Caprice 9C1. Echte Copcars! War das jetzt \u00fcbertrieben??? NEEIIIINNNN \ud83d\ude42 <\/span><\/p>\n<p><span class=\" _2ieo\">Wir lieber einfach unsere Leidenschaft zu Police Cars und auch unser Herz schl\u00e4gt h\u00f6her beim Aufheulen des Motors eines super Sportwagen. Aus ganz Deutschland und sogar aus den Niederlanden zog es \u00fcber 35 Police Cars nach Niedersachen zur GERMANYS SUPERCARS RALLYE 2015.<br \/>\nNeben den 450 Rallye Teilnehmern waren wir als Showact f\u00fcr Filmaufnahmen der \u201elange Arm des Gesetzes\u201c. Das Ganze fand auf dem angeschlossenen ehemaligen Kasernen Gel\u00e4nde des Fursten Forest statt. Sp\u00e4ter ging die Reise weiter zum Flugplatz Damme zum Viertelmeilen-Rennen!<br \/>\nWie immer haben wir f\u00fcr euch ein paar Fotos mitgebracht.<\/span><\/p>\n<div id='gallery-2' class='gallery galleryid-2606 gallery-columns-3 gallery-size-thumbnail'><dl class='gallery-item'>\n\t\t\t<dt class='gallery-icon landscape'>\n\t\t\t\t<a href='https:\/\/police-car.com\/website\/wp-content\/uploads\/2018\/01\/IMG-20150711-WA0000.jpg' title=\"\" data-rl_title=\"\" class=\"rl-gallery-link\" data-rl_caption=\"\" data-rel=\"lightbox-gallery-2\"><img loading=\"lazy\" decoding=\"async\" width=\"245\" height=\"184\" src=\"https:\/\/police-car.com\/website\/wp-content\/uploads\/2018\/01\/IMG-20150711-WA0000-245x184.jpg\" class=\"attachment-thumbnail size-thumbnail\" alt=\"\" srcset=\"https:\/\/police-car.com\/website\/wp-content\/uploads\/2018\/01\/IMG-20150711-WA0000-245x184.jpg 245w, https:\/\/police-car.com\/website\/wp-content\/uploads\/2018\/01\/IMG-20150711-WA0000-300x225.jpg 300w, https:\/\/police-car.com\/website\/wp-content\/uploads\/2018\/01\/IMG-20150711-WA0000.jpg 1024w\" sizes=\"auto, (max-width: 245px) 100vw, 245px\" \/><\/a>\n\t\t\t<\/dt><\/dl><dl class='gallery-item'>\n\t\t\t<dt class='gallery-icon landscape'>\n\t\t\t\t<a href='https:\/\/police-car.com\/website\/wp-content\/uploads\/2018\/01\/IMG-20150711-WA0002.jpg' title=\"\" data-rl_title=\"\" class=\"rl-gallery-link\" data-rl_caption=\"\" data-rel=\"lightbox-gallery-2\"><img loading=\"lazy\" decoding=\"async\" width=\"245\" height=\"184\" src=\"https:\/\/police-car.com\/website\/wp-content\/uploads\/2018\/01\/IMG-20150711-WA0002-245x184.jpg\" class=\"attachment-thumbnail size-thumbnail\" alt=\"\" srcset=\"https:\/\/police-car.com\/website\/wp-content\/uploads\/2018\/01\/IMG-20150711-WA0002-245x184.jpg 245w, https:\/\/police-car.com\/website\/wp-content\/uploads\/2018\/01\/IMG-20150711-WA0002-300x225.jpg 300w, https:\/\/police-car.com\/website\/wp-content\/uploads\/2018\/01\/IMG-20150711-WA0002.jpg 1024w\" sizes=\"auto, (max-width: 245px) 100vw, 245px\" \/><\/a>\n\t\t\t<\/dt><\/dl><dl class='gallery-item'>\n\t\t\t<dt class='gallery-icon landscape'>\n\t\t\t\t<a href='https:\/\/police-car.com\/website\/wp-content\/uploads\/2018\/01\/20150711_135647.jpg' title=\"\" data-rl_title=\"\" class=\"rl-gallery-link\" data-rl_caption=\"\" data-rel=\"lightbox-gallery-2\"><img loading=\"lazy\" decoding=\"async\" width=\"245\" height=\"184\" src=\"https:\/\/police-car.com\/website\/wp-content\/uploads\/2018\/01\/20150711_135647-245x184.jpg\" class=\"attachment-thumbnail size-thumbnail\" alt=\"\" srcset=\"https:\/\/police-car.com\/website\/wp-content\/uploads\/2018\/01\/20150711_135647-245x184.jpg 245w, https:\/\/police-car.com\/website\/wp-content\/uploads\/2018\/01\/20150711_135647-300x225.jpg 300w, https:\/\/police-car.com\/website\/wp-content\/uploads\/2018\/01\/20150711_135647.jpg 1024w\" sizes=\"auto, (max-width: 245px) 100vw, 245px\" \/><\/a>\n\t\t\t<\/dt><\/dl><br style=\"clear: both\" \/><dl class='gallery-item'>\n\t\t\t<dt class='gallery-icon landscape'>\n\t\t\t\t<a href='https:\/\/police-car.com\/website\/wp-content\/uploads\/2018\/01\/20150711_140007.jpg' title=\"\" data-rl_title=\"\" class=\"rl-gallery-link\" data-rl_caption=\"\" data-rel=\"lightbox-gallery-2\"><img loading=\"lazy\" decoding=\"async\" width=\"245\" height=\"184\" src=\"https:\/\/police-car.com\/website\/wp-content\/uploads\/2018\/01\/20150711_140007-245x184.jpg\" class=\"attachment-thumbnail size-thumbnail\" alt=\"\" srcset=\"https:\/\/police-car.com\/website\/wp-content\/uploads\/2018\/01\/20150711_140007-245x184.jpg 245w, https:\/\/police-car.com\/website\/wp-content\/uploads\/2018\/01\/20150711_140007-300x225.jpg 300w, https:\/\/police-car.com\/website\/wp-content\/uploads\/2018\/01\/20150711_140007.jpg 1024w\" sizes=\"auto, (max-width: 245px) 100vw, 245px\" \/><\/a>\n\t\t\t<\/dt><\/dl><dl class='gallery-item'>\n\t\t\t<dt class='gallery-icon landscape'>\n\t\t\t\t<a href='https:\/\/police-car.com\/website\/wp-content\/uploads\/2018\/01\/20150711_140419.jpg' title=\"\" data-rl_title=\"\" class=\"rl-gallery-link\" data-rl_caption=\"\" data-rel=\"lightbox-gallery-2\"><img loading=\"lazy\" decoding=\"async\" width=\"245\" height=\"184\" src=\"https:\/\/police-car.com\/website\/wp-content\/uploads\/2018\/01\/20150711_140419-245x184.jpg\" class=\"attachment-thumbnail size-thumbnail\" alt=\"\" srcset=\"https:\/\/police-car.com\/website\/wp-content\/uploads\/2018\/01\/20150711_140419-245x184.jpg 245w, https:\/\/police-car.com\/website\/wp-content\/uploads\/2018\/01\/20150711_140419-300x225.jpg 300w, https:\/\/police-car.com\/website\/wp-content\/uploads\/2018\/01\/20150711_140419.jpg 1024w\" sizes=\"auto, (max-width: 245px) 100vw, 245px\" \/><\/a>\n\t\t\t<\/dt><\/dl><dl class='gallery-item'>\n\t\t\t<dt class='gallery-icon portrait'>\n\t\t\t\t<a href='https:\/\/police-car.com\/website\/wp-content\/uploads\/2018\/01\/20150711_140404.jpg' title=\"\" data-rl_title=\"\" class=\"rl-gallery-link\" data-rl_caption=\"\" data-rel=\"lightbox-gallery-2\"><img loading=\"lazy\" decoding=\"async\" width=\"245\" height=\"184\" src=\"https:\/\/police-car.com\/website\/wp-content\/uploads\/2018\/01\/20150711_140404-245x184.jpg\" class=\"attachment-thumbnail size-thumbnail\" alt=\"\" \/><\/a>\n\t\t\t<\/dt><\/dl><br style=\"clear: both\" \/><dl class='gallery-item'>\n\t\t\t<dt class='gallery-icon landscape'>\n\t\t\t\t<a href='https:\/\/police-car.com\/website\/wp-content\/uploads\/2018\/01\/20150711_151941.jpg' title=\"\" data-rl_title=\"\" class=\"rl-gallery-link\" data-rl_caption=\"\" data-rel=\"lightbox-gallery-2\"><img loading=\"lazy\" decoding=\"async\" width=\"245\" height=\"184\" src=\"https:\/\/police-car.com\/website\/wp-content\/uploads\/2018\/01\/20150711_151941-245x184.jpg\" class=\"attachment-thumbnail size-thumbnail\" alt=\"\" srcset=\"https:\/\/police-car.com\/website\/wp-content\/uploads\/2018\/01\/20150711_151941-245x184.jpg 245w, https:\/\/police-car.com\/website\/wp-content\/uploads\/2018\/01\/20150711_151941-300x225.jpg 300w, https:\/\/police-car.com\/website\/wp-content\/uploads\/2018\/01\/20150711_151941.jpg 1024w\" sizes=\"auto, (max-width: 245px) 100vw, 245px\" \/><\/a>\n\t\t\t<\/dt><\/dl><dl class='gallery-item'>\n\t\t\t<dt class='gallery-icon landscape'>\n\t\t\t\t<a href='https:\/\/police-car.com\/website\/wp-content\/uploads\/2018\/01\/IMG-20150712-WA0021.jpg' title=\"\" data-rl_title=\"\" class=\"rl-gallery-link\" data-rl_caption=\"\" data-rel=\"lightbox-gallery-2\"><img loading=\"lazy\" decoding=\"async\" width=\"245\" height=\"184\" src=\"https:\/\/police-car.com\/website\/wp-content\/uploads\/2018\/01\/IMG-20150712-WA0021-245x184.jpg\" class=\"attachment-thumbnail size-thumbnail\" alt=\"\" srcset=\"https:\/\/police-car.com\/website\/wp-content\/uploads\/2018\/01\/IMG-20150712-WA0021-245x184.jpg 245w, https:\/\/police-car.com\/website\/wp-content\/uploads\/2018\/01\/IMG-20150712-WA0021-300x225.jpg 300w, https:\/\/police-car.com\/website\/wp-content\/uploads\/2018\/01\/IMG-20150712-WA0021.jpg 1024w\" sizes=\"auto, (max-width: 245px) 100vw, 245px\" \/><\/a>\n\t\t\t<\/dt><\/dl><dl class='gallery-item'>\n\t\t\t<dt class='gallery-icon landscape'>\n\t\t\t\t<a href='https:\/\/police-car.com\/website\/wp-content\/uploads\/2018\/01\/20150711_163943.jpg' title=\"\" data-rl_title=\"\" class=\"rl-gallery-link\" data-rl_caption=\"\" data-rel=\"lightbox-gallery-2\"><img loading=\"lazy\" decoding=\"async\" width=\"245\" height=\"184\" src=\"https:\/\/police-car.com\/website\/wp-content\/uploads\/2018\/01\/20150711_163943-245x184.jpg\" class=\"attachment-thumbnail size-thumbnail\" alt=\"\" srcset=\"https:\/\/police-car.com\/website\/wp-content\/uploads\/2018\/01\/20150711_163943-245x184.jpg 245w, https:\/\/police-car.com\/website\/wp-content\/uploads\/2018\/01\/20150711_163943-300x225.jpg 300w, https:\/\/police-car.com\/website\/wp-content\/uploads\/2018\/01\/20150711_163943.jpg 1024w\" sizes=\"auto, (max-width: 245px) 100vw, 245px\" \/><\/a>\n\t\t\t<\/dt><\/dl><br style=\"clear: both\" \/><dl class='gallery-item'>\n\t\t\t<dt class='gallery-icon landscape'>\n\t\t\t\t<a href='https:\/\/police-car.com\/website\/wp-content\/uploads\/2018\/01\/IMG-20150712-WA0002.jpg' title=\"\" data-rl_title=\"\" class=\"rl-gallery-link\" data-rl_caption=\"\" data-rel=\"lightbox-gallery-2\"><img loading=\"lazy\" decoding=\"async\" width=\"245\" height=\"184\" src=\"https:\/\/police-car.com\/website\/wp-content\/uploads\/2018\/01\/IMG-20150712-WA0002-245x184.jpg\" class=\"attachment-thumbnail size-thumbnail\" alt=\"\" srcset=\"https:\/\/police-car.com\/website\/wp-content\/uploads\/2018\/01\/IMG-20150712-WA0002-245x184.jpg 245w, https:\/\/police-car.com\/website\/wp-content\/uploads\/2018\/01\/IMG-20150712-WA0002-300x225.jpg 300w, https:\/\/police-car.com\/website\/wp-content\/uploads\/2018\/01\/IMG-20150712-WA0002.jpg 1024w\" sizes=\"auto, (max-width: 245px) 100vw, 245px\" \/><\/a>\n\t\t\t<\/dt><\/dl><dl class='gallery-item'>\n\t\t\t<dt class='gallery-icon landscape'>\n\t\t\t\t<a href='https:\/\/police-car.com\/website\/wp-content\/uploads\/2018\/01\/20150711_190841.jpg' title=\"\" data-rl_title=\"\" class=\"rl-gallery-link\" data-rl_caption=\"\" data-rel=\"lightbox-gallery-2\"><img loading=\"lazy\" decoding=\"async\" width=\"245\" height=\"184\" src=\"https:\/\/police-car.com\/website\/wp-content\/uploads\/2018\/01\/20150711_190841-245x184.jpg\" class=\"attachment-thumbnail size-thumbnail\" alt=\"\" srcset=\"https:\/\/police-car.com\/website\/wp-content\/uploads\/2018\/01\/20150711_190841-245x184.jpg 245w, https:\/\/police-car.com\/website\/wp-content\/uploads\/2018\/01\/20150711_190841-300x225.jpg 300w, https:\/\/police-car.com\/website\/wp-content\/uploads\/2018\/01\/20150711_190841.jpg 1024w\" sizes=\"auto, (max-width: 245px) 100vw, 245px\" \/><\/a>\n\t\t\t<\/dt><\/dl>\n\t\t\t<br style='clear: both' \/>\n\t\t<\/div>\n\n","protected":false},"excerpt":{"rendered":"<p>Ferrari, Lamborghini, Maserati, Bentley, McLaren nur ein paar Markennamen die das Herz von Autofans h\u00f6her schlagen lassen. Wahre PS- Monster die sich stolz Supercars nennen d\u00fcrfen. Gro\u00dfe Hubraum Volumen vs. Turbogeladene 10 Zylinder und nur&#8230;<\/p>\n","protected":false},"author":3,"featured_media":0,"parent":0,"menu_order":0,"comment_status":"closed","ping_status":"closed","template":"","meta":{"footnotes":""},"class_list":["post-2606","page","type-page","status-publish","hentry"],"_links":{"self":[{"href":"https:\/\/police-car.com\/website\/wp-json\/wp\/v2\/pages\/2606","targetHints":{"allow":["GET"]}}],"collection":[{"href":"https:\/\/police-car.com\/website\/wp-json\/wp\/v2\/pages"}],"about":[{"href":"https:\/\/police-car.com\/website\/wp-json\/wp\/v2\/types\/page"}],"author":[{"embeddable":true,"href":"https:\/\/police-car.com\/website\/wp-json\/wp\/v2\/users\/3"}],"replies":[{"embeddable":true,"href":"https:\/\/police-car.com\/website\/wp-json\/wp\/v2\/comments?post=2606"}],"version-history":[{"count":5,"href":"https:\/\/police-car.com\/website\/wp-json\/wp\/v2\/pages\/2606\/revisions"}],"predecessor-version":[{"id":2622,"href":"https:\/\/police-car.com\/website\/wp-json\/wp\/v2\/pages\/2606\/revisions\/2622"}],"wp:attachment":[{"href":"https:\/\/police-car.com\/website\/wp-json\/wp\/v2\/media?parent=2606"}],"curies":[{"name":"wp","href":"https:\/\/api.w.org\/{rel}","templated":true}]}}