{"id":2625,"date":"2018-01-04T16:54:29","date_gmt":"2018-01-04T15:54:29","guid":{"rendered":"http:\/\/pcooa-ev.de\/website\/?page_id=2625"},"modified":"2018-01-04T17:10:19","modified_gmt":"2018-01-04T16:10:19","slug":"harley-dome-cologne-koeln-24-05-2015","status":"publish","type":"page","link":"https:\/\/police-car.com\/website\/harley-dome-cologne-koeln-24-05-2015\/","title":{"rendered":"Harley Dome Cologne &#8211; K\u00f6ln 24.05.2015"},"content":{"rendered":"<p>Anl\u00e4sslich des zweiten Harley Dome Cologne hatten die Police Car Owners of America European Chapter e. V. wieder die Ehre die Parade der unz\u00e4hligen, begeisterten Harleyfahrer durch die nordrhein-westf\u00e4lische Metropole anzuf\u00fchren.<\/p>\n<p>In diesem Jahr konnten wir 11 originale US-Police Cars, sowie f\u00fcnf originale US-Police Bikes f\u00fcr die Parade aufbringen.<\/p>\n<p>Dabei haben wir nicht nur die Besucher der K\u00f6lner Innenstadt mit unserer Code 3 Fahrt, also mit Sirene und Blaulicht begeistern k\u00f6<span class=\"text_exposed_show\">nnen. Auch die vielen tausend Besucher des Harley Dome wurden die Geschichten unserer Fahrzeuge, der Hintergrund unseres Hobbies und unser Verein n\u00e4her gebracht.<\/span><\/p>\n<div class=\"text_exposed_show\">\n<p>Bei herrlichstem Wetter haben alle unsere Mitglieder einen sch\u00f6nen Tag in der Domstadt verbracht und wir sind uns sicher, dass wir wiederkommen werden.<\/p>\n<div id='gallery-2' class='gallery galleryid-2625 gallery-columns-3 gallery-size-thumbnail'><dl class='gallery-item'>\n\t\t\t<dt class='gallery-icon landscape'>\n\t\t\t\t<a href='https:\/\/police-car.com\/website\/wp-content\/uploads\/2018\/01\/11116368_683792688415282_8786824183317295476_o.jpg' title=\"\" data-rl_title=\"\" class=\"rl-gallery-link\" data-rl_caption=\"\" data-rel=\"lightbox-gallery-2\"><img loading=\"lazy\" decoding=\"async\" width=\"245\" height=\"184\" src=\"https:\/\/police-car.com\/website\/wp-content\/uploads\/2018\/01\/11116368_683792688415282_8786824183317295476_o-245x184.jpg\" class=\"attachment-thumbnail size-thumbnail\" alt=\"\" srcset=\"https:\/\/police-car.com\/website\/wp-content\/uploads\/2018\/01\/11116368_683792688415282_8786824183317295476_o-245x184.jpg 245w, https:\/\/police-car.com\/website\/wp-content\/uploads\/2018\/01\/11116368_683792688415282_8786824183317295476_o-300x225.jpg 300w, https:\/\/police-car.com\/website\/wp-content\/uploads\/2018\/01\/11116368_683792688415282_8786824183317295476_o.jpg 1024w\" sizes=\"auto, (max-width: 245px) 100vw, 245px\" \/><\/a>\n\t\t\t<\/dt><\/dl><dl class='gallery-item'>\n\t\t\t<dt class='gallery-icon landscape'>\n\t\t\t\t<a href='https:\/\/police-car.com\/website\/wp-content\/uploads\/2018\/01\/10012908_683792325081985_8772957734758297749_o.jpg' title=\"\" data-rl_title=\"\" class=\"rl-gallery-link\" data-rl_caption=\"\" data-rel=\"lightbox-gallery-2\"><img loading=\"lazy\" decoding=\"async\" width=\"245\" height=\"184\" src=\"https:\/\/police-car.com\/website\/wp-content\/uploads\/2018\/01\/10012908_683792325081985_8772957734758297749_o-245x184.jpg\" class=\"attachment-thumbnail size-thumbnail\" alt=\"\" srcset=\"https:\/\/police-car.com\/website\/wp-content\/uploads\/2018\/01\/10012908_683792325081985_8772957734758297749_o-245x184.jpg 245w, https:\/\/police-car.com\/website\/wp-content\/uploads\/2018\/01\/10012908_683792325081985_8772957734758297749_o-300x225.jpg 300w, https:\/\/police-car.com\/website\/wp-content\/uploads\/2018\/01\/10012908_683792325081985_8772957734758297749_o.jpg 1024w\" sizes=\"auto, (max-width: 245px) 100vw, 245px\" \/><\/a>\n\t\t\t<\/dt><\/dl><dl class='gallery-item'>\n\t\t\t<dt class='gallery-icon landscape'>\n\t\t\t\t<a href='https:\/\/police-car.com\/website\/wp-content\/uploads\/2018\/01\/11025901_683792571748627_7697305187849811944_o.jpg' title=\"\" data-rl_title=\"\" class=\"rl-gallery-link\" data-rl_caption=\"\" data-rel=\"lightbox-gallery-2\"><img loading=\"lazy\" decoding=\"async\" width=\"245\" height=\"184\" src=\"https:\/\/police-car.com\/website\/wp-content\/uploads\/2018\/01\/11025901_683792571748627_7697305187849811944_o-245x184.jpg\" class=\"attachment-thumbnail size-thumbnail\" alt=\"\" srcset=\"https:\/\/police-car.com\/website\/wp-content\/uploads\/2018\/01\/11025901_683792571748627_7697305187849811944_o-245x184.jpg 245w, https:\/\/police-car.com\/website\/wp-content\/uploads\/2018\/01\/11025901_683792571748627_7697305187849811944_o-300x225.jpg 300w, https:\/\/police-car.com\/website\/wp-content\/uploads\/2018\/01\/11025901_683792571748627_7697305187849811944_o.jpg 1024w\" sizes=\"auto, (max-width: 245px) 100vw, 245px\" \/><\/a>\n\t\t\t<\/dt><\/dl><br style=\"clear: both\" \/><dl class='gallery-item'>\n\t\t\t<dt class='gallery-icon landscape'>\n\t\t\t\t<a href='https:\/\/police-car.com\/website\/wp-content\/uploads\/2018\/01\/10478696_683792358415315_5745457716065973227_o.jpg' title=\"\" data-rl_title=\"\" class=\"rl-gallery-link\" data-rl_caption=\"\" data-rel=\"lightbox-gallery-2\"><img loading=\"lazy\" decoding=\"async\" width=\"245\" height=\"184\" src=\"https:\/\/police-car.com\/website\/wp-content\/uploads\/2018\/01\/10478696_683792358415315_5745457716065973227_o-245x184.jpg\" class=\"attachment-thumbnail size-thumbnail\" alt=\"\" srcset=\"https:\/\/police-car.com\/website\/wp-content\/uploads\/2018\/01\/10478696_683792358415315_5745457716065973227_o-245x184.jpg 245w, https:\/\/police-car.com\/website\/wp-content\/uploads\/2018\/01\/10478696_683792358415315_5745457716065973227_o-300x225.jpg 300w, https:\/\/police-car.com\/website\/wp-content\/uploads\/2018\/01\/10478696_683792358415315_5745457716065973227_o.jpg 1024w\" sizes=\"auto, (max-width: 245px) 100vw, 245px\" \/><\/a>\n\t\t\t<\/dt><\/dl><dl class='gallery-item'>\n\t\t\t<dt class='gallery-icon landscape'>\n\t\t\t\t<a href='https:\/\/police-car.com\/website\/wp-content\/uploads\/2018\/01\/10669373_683792428415308_4303920126491731767_o.jpg' title=\"\" data-rl_title=\"\" class=\"rl-gallery-link\" data-rl_caption=\"\" data-rel=\"lightbox-gallery-2\"><img loading=\"lazy\" decoding=\"async\" width=\"245\" height=\"184\" src=\"https:\/\/police-car.com\/website\/wp-content\/uploads\/2018\/01\/10669373_683792428415308_4303920126491731767_o-245x184.jpg\" class=\"attachment-thumbnail size-thumbnail\" alt=\"\" srcset=\"https:\/\/police-car.com\/website\/wp-content\/uploads\/2018\/01\/10669373_683792428415308_4303920126491731767_o-245x184.jpg 245w, https:\/\/police-car.com\/website\/wp-content\/uploads\/2018\/01\/10669373_683792428415308_4303920126491731767_o-300x225.jpg 300w, https:\/\/police-car.com\/website\/wp-content\/uploads\/2018\/01\/10669373_683792428415308_4303920126491731767_o.jpg 1024w\" sizes=\"auto, (max-width: 245px) 100vw, 245px\" \/><\/a>\n\t\t\t<\/dt><\/dl><dl class='gallery-item'>\n\t\t\t<dt class='gallery-icon landscape'>\n\t\t\t\t<a href='https:\/\/police-car.com\/website\/wp-content\/uploads\/2018\/01\/11056431_683792575081960_3924996602645490210_o.jpg' title=\"\" data-rl_title=\"\" class=\"rl-gallery-link\" data-rl_caption=\"\" data-rel=\"lightbox-gallery-2\"><img loading=\"lazy\" decoding=\"async\" width=\"245\" height=\"184\" src=\"https:\/\/police-car.com\/website\/wp-content\/uploads\/2018\/01\/11056431_683792575081960_3924996602645490210_o-245x184.jpg\" class=\"attachment-thumbnail size-thumbnail\" alt=\"\" srcset=\"https:\/\/police-car.com\/website\/wp-content\/uploads\/2018\/01\/11056431_683792575081960_3924996602645490210_o-245x184.jpg 245w, https:\/\/police-car.com\/website\/wp-content\/uploads\/2018\/01\/11056431_683792575081960_3924996602645490210_o-300x225.jpg 300w, https:\/\/police-car.com\/website\/wp-content\/uploads\/2018\/01\/11056431_683792575081960_3924996602645490210_o.jpg 1024w\" sizes=\"auto, (max-width: 245px) 100vw, 245px\" \/><\/a>\n\t\t\t<\/dt><\/dl><br style=\"clear: both\" \/><dl class='gallery-item'>\n\t\t\t<dt class='gallery-icon landscape'>\n\t\t\t\t<a href='https:\/\/police-car.com\/website\/wp-content\/uploads\/2018\/01\/11119155_683792365081981_7033499933695920897_o.jpg' title=\"\" data-rl_title=\"\" class=\"rl-gallery-link\" data-rl_caption=\"\" data-rel=\"lightbox-gallery-2\"><img loading=\"lazy\" decoding=\"async\" width=\"245\" height=\"184\" src=\"https:\/\/police-car.com\/website\/wp-content\/uploads\/2018\/01\/11119155_683792365081981_7033499933695920897_o-245x184.jpg\" class=\"attachment-thumbnail size-thumbnail\" alt=\"\" srcset=\"https:\/\/police-car.com\/website\/wp-content\/uploads\/2018\/01\/11119155_683792365081981_7033499933695920897_o-245x184.jpg 245w, https:\/\/police-car.com\/website\/wp-content\/uploads\/2018\/01\/11119155_683792365081981_7033499933695920897_o-300x225.jpg 300w, https:\/\/police-car.com\/website\/wp-content\/uploads\/2018\/01\/11119155_683792365081981_7033499933695920897_o.jpg 1024w\" sizes=\"auto, (max-width: 245px) 100vw, 245px\" \/><\/a>\n\t\t\t<\/dt><\/dl><dl class='gallery-item'>\n\t\t\t<dt class='gallery-icon landscape'>\n\t\t\t\t<a href='https:\/\/police-car.com\/website\/wp-content\/uploads\/2018\/01\/11134095_683792465081971_295217574307675681_o.jpg' title=\"\" data-rl_title=\"\" class=\"rl-gallery-link\" data-rl_caption=\"\" data-rel=\"lightbox-gallery-2\"><img loading=\"lazy\" decoding=\"async\" width=\"245\" height=\"184\" src=\"https:\/\/police-car.com\/website\/wp-content\/uploads\/2018\/01\/11134095_683792465081971_295217574307675681_o-245x184.jpg\" class=\"attachment-thumbnail size-thumbnail\" alt=\"\" srcset=\"https:\/\/police-car.com\/website\/wp-content\/uploads\/2018\/01\/11134095_683792465081971_295217574307675681_o-245x184.jpg 245w, https:\/\/police-car.com\/website\/wp-content\/uploads\/2018\/01\/11134095_683792465081971_295217574307675681_o-300x225.jpg 300w, https:\/\/police-car.com\/website\/wp-content\/uploads\/2018\/01\/11134095_683792465081971_295217574307675681_o.jpg 1024w\" sizes=\"auto, (max-width: 245px) 100vw, 245px\" \/><\/a>\n\t\t\t<\/dt><\/dl><dl class='gallery-item'>\n\t\t\t<dt class='gallery-icon landscape'>\n\t\t\t\t<a href='https:\/\/police-car.com\/website\/wp-content\/uploads\/2018\/01\/11159937_683792515081966_363950449210586860_o.jpg' title=\"\" data-rl_title=\"\" class=\"rl-gallery-link\" data-rl_caption=\"\" data-rel=\"lightbox-gallery-2\"><img loading=\"lazy\" decoding=\"async\" width=\"245\" height=\"184\" src=\"https:\/\/police-car.com\/website\/wp-content\/uploads\/2018\/01\/11159937_683792515081966_363950449210586860_o-245x184.jpg\" class=\"attachment-thumbnail size-thumbnail\" alt=\"\" srcset=\"https:\/\/police-car.com\/website\/wp-content\/uploads\/2018\/01\/11159937_683792515081966_363950449210586860_o-245x184.jpg 245w, https:\/\/police-car.com\/website\/wp-content\/uploads\/2018\/01\/11159937_683792515081966_363950449210586860_o-300x225.jpg 300w, https:\/\/police-car.com\/website\/wp-content\/uploads\/2018\/01\/11159937_683792515081966_363950449210586860_o.jpg 1024w\" sizes=\"auto, (max-width: 245px) 100vw, 245px\" \/><\/a>\n\t\t\t<\/dt><\/dl><br style=\"clear: both\" \/><dl class='gallery-item'>\n\t\t\t<dt class='gallery-icon landscape'>\n\t\t\t\t<a href='https:\/\/police-car.com\/website\/wp-content\/uploads\/2018\/01\/11164590_683792431748641_2565968717818041194_o.jpg' title=\"\" data-rl_title=\"\" class=\"rl-gallery-link\" data-rl_caption=\"\" data-rel=\"lightbox-gallery-2\"><img loading=\"lazy\" decoding=\"async\" width=\"245\" height=\"184\" src=\"https:\/\/police-car.com\/website\/wp-content\/uploads\/2018\/01\/11164590_683792431748641_2565968717818041194_o-245x184.jpg\" class=\"attachment-thumbnail size-thumbnail\" alt=\"\" srcset=\"https:\/\/police-car.com\/website\/wp-content\/uploads\/2018\/01\/11164590_683792431748641_2565968717818041194_o-245x184.jpg 245w, https:\/\/police-car.com\/website\/wp-content\/uploads\/2018\/01\/11164590_683792431748641_2565968717818041194_o-300x225.jpg 300w, https:\/\/police-car.com\/website\/wp-content\/uploads\/2018\/01\/11164590_683792431748641_2565968717818041194_o.jpg 1024w\" sizes=\"auto, (max-width: 245px) 100vw, 245px\" \/><\/a>\n\t\t\t<\/dt><\/dl><dl class='gallery-item'>\n\t\t\t<dt class='gallery-icon landscape'>\n\t\t\t\t<a href='https:\/\/police-car.com\/website\/wp-content\/uploads\/2018\/01\/11312658_683792425081975_3472001581389411433_o.jpg' title=\"\" data-rl_title=\"\" class=\"rl-gallery-link\" data-rl_caption=\"\" data-rel=\"lightbox-gallery-2\"><img loading=\"lazy\" decoding=\"async\" width=\"245\" height=\"184\" src=\"https:\/\/police-car.com\/website\/wp-content\/uploads\/2018\/01\/11312658_683792425081975_3472001581389411433_o-245x184.jpg\" class=\"attachment-thumbnail size-thumbnail\" alt=\"\" srcset=\"https:\/\/police-car.com\/website\/wp-content\/uploads\/2018\/01\/11312658_683792425081975_3472001581389411433_o-245x184.jpg 245w, https:\/\/police-car.com\/website\/wp-content\/uploads\/2018\/01\/11312658_683792425081975_3472001581389411433_o-300x225.jpg 300w, https:\/\/police-car.com\/website\/wp-content\/uploads\/2018\/01\/11312658_683792425081975_3472001581389411433_o.jpg 1024w\" sizes=\"auto, (max-width: 245px) 100vw, 245px\" \/><\/a>\n\t\t\t<\/dt><\/dl><dl class='gallery-item'>\n\t\t\t<dt class='gallery-icon landscape'>\n\t\t\t\t<a href='https:\/\/police-car.com\/website\/wp-content\/uploads\/2018\/01\/11212190_683792355081982_4461929515631976071_o.jpg' title=\"\" data-rl_title=\"\" class=\"rl-gallery-link\" data-rl_caption=\"\" data-rel=\"lightbox-gallery-2\"><img loading=\"lazy\" decoding=\"async\" width=\"245\" height=\"184\" src=\"https:\/\/police-car.com\/website\/wp-content\/uploads\/2018\/01\/11212190_683792355081982_4461929515631976071_o-245x184.jpg\" class=\"attachment-thumbnail size-thumbnail\" alt=\"\" srcset=\"https:\/\/police-car.com\/website\/wp-content\/uploads\/2018\/01\/11212190_683792355081982_4461929515631976071_o-245x184.jpg 245w, https:\/\/police-car.com\/website\/wp-content\/uploads\/2018\/01\/11212190_683792355081982_4461929515631976071_o-300x225.jpg 300w, https:\/\/police-car.com\/website\/wp-content\/uploads\/2018\/01\/11212190_683792355081982_4461929515631976071_o.jpg 1024w\" sizes=\"auto, (max-width: 245px) 100vw, 245px\" \/><\/a>\n\t\t\t<\/dt><\/dl><br style=\"clear: both\" \/><dl class='gallery-item'>\n\t\t\t<dt class='gallery-icon landscape'>\n\t\t\t\t<a href='https:\/\/police-car.com\/website\/wp-content\/uploads\/2018\/01\/11243915_683792468415304_3821336867900215655_o.jpg' title=\"\" data-rl_title=\"\" class=\"rl-gallery-link\" data-rl_caption=\"\" data-rel=\"lightbox-gallery-2\"><img loading=\"lazy\" decoding=\"async\" width=\"245\" height=\"184\" src=\"https:\/\/police-car.com\/website\/wp-content\/uploads\/2018\/01\/11243915_683792468415304_3821336867900215655_o-245x184.jpg\" class=\"attachment-thumbnail size-thumbnail\" alt=\"\" srcset=\"https:\/\/police-car.com\/website\/wp-content\/uploads\/2018\/01\/11243915_683792468415304_3821336867900215655_o-245x184.jpg 245w, https:\/\/police-car.com\/website\/wp-content\/uploads\/2018\/01\/11243915_683792468415304_3821336867900215655_o-300x225.jpg 300w, https:\/\/police-car.com\/website\/wp-content\/uploads\/2018\/01\/11243915_683792468415304_3821336867900215655_o.jpg 1024w\" sizes=\"auto, (max-width: 245px) 100vw, 245px\" \/><\/a>\n\t\t\t<\/dt><\/dl><dl class='gallery-item'>\n\t\t\t<dt class='gallery-icon landscape'>\n\t\t\t\t<a href='https:\/\/police-car.com\/website\/wp-content\/uploads\/2018\/01\/11289555_683792505081967_7634826912861720276_o.jpg' title=\"\" data-rl_title=\"\" class=\"rl-gallery-link\" data-rl_caption=\"\" data-rel=\"lightbox-gallery-2\"><img loading=\"lazy\" decoding=\"async\" width=\"245\" height=\"184\" src=\"https:\/\/police-car.com\/website\/wp-content\/uploads\/2018\/01\/11289555_683792505081967_7634826912861720276_o-245x184.jpg\" class=\"attachment-thumbnail size-thumbnail\" alt=\"\" srcset=\"https:\/\/police-car.com\/website\/wp-content\/uploads\/2018\/01\/11289555_683792505081967_7634826912861720276_o-245x184.jpg 245w, https:\/\/police-car.com\/website\/wp-content\/uploads\/2018\/01\/11289555_683792505081967_7634826912861720276_o-300x225.jpg 300w, https:\/\/police-car.com\/website\/wp-content\/uploads\/2018\/01\/11289555_683792505081967_7634826912861720276_o.jpg 1024w\" sizes=\"auto, (max-width: 245px) 100vw, 245px\" \/><\/a>\n\t\t\t<\/dt><\/dl><dl class='gallery-item'>\n\t\t\t<dt class='gallery-icon landscape'>\n\t\t\t\t<a href='https:\/\/police-car.com\/website\/wp-content\/uploads\/2018\/01\/11127722_683792518415299_1614183758343229339_o.jpg' title=\"\" data-rl_title=\"\" class=\"rl-gallery-link\" data-rl_caption=\"\" data-rel=\"lightbox-gallery-2\"><img loading=\"lazy\" decoding=\"async\" width=\"245\" height=\"184\" src=\"https:\/\/police-car.com\/website\/wp-content\/uploads\/2018\/01\/11127722_683792518415299_1614183758343229339_o-245x184.jpg\" class=\"attachment-thumbnail size-thumbnail\" alt=\"\" srcset=\"https:\/\/police-car.com\/website\/wp-content\/uploads\/2018\/01\/11127722_683792518415299_1614183758343229339_o-245x184.jpg 245w, https:\/\/police-car.com\/website\/wp-content\/uploads\/2018\/01\/11127722_683792518415299_1614183758343229339_o-300x225.jpg 300w, https:\/\/police-car.com\/website\/wp-content\/uploads\/2018\/01\/11127722_683792518415299_1614183758343229339_o.jpg 1024w\" sizes=\"auto, (max-width: 245px) 100vw, 245px\" \/><\/a>\n\t\t\t<\/dt><\/dl><br style=\"clear: both\" \/><dl class='gallery-item'>\n\t\t\t<dt class='gallery-icon portrait'>\n\t\t\t\t<a href='https:\/\/police-car.com\/website\/wp-content\/uploads\/2018\/01\/11270479_683792565081961_8561419654419700955_o.jpg' title=\"\" data-rl_title=\"\" class=\"rl-gallery-link\" data-rl_caption=\"\" data-rel=\"lightbox-gallery-2\"><img loading=\"lazy\" decoding=\"async\" width=\"245\" height=\"184\" src=\"https:\/\/police-car.com\/website\/wp-content\/uploads\/2018\/01\/11270479_683792565081961_8561419654419700955_o-245x184.jpg\" class=\"attachment-thumbnail size-thumbnail\" alt=\"\" \/><\/a>\n\t\t\t<\/dt><\/dl><dl class='gallery-item'>\n\t\t\t<dt class='gallery-icon landscape'>\n\t\t\t\t<a href='https:\/\/police-car.com\/website\/wp-content\/uploads\/2018\/01\/11270533_683792628415288_4279046712262596746_o.jpg' title=\"\" data-rl_title=\"\" class=\"rl-gallery-link\" data-rl_caption=\"\" data-rel=\"lightbox-gallery-2\"><img loading=\"lazy\" decoding=\"async\" width=\"245\" height=\"184\" src=\"https:\/\/police-car.com\/website\/wp-content\/uploads\/2018\/01\/11270533_683792628415288_4279046712262596746_o-245x184.jpg\" class=\"attachment-thumbnail size-thumbnail\" alt=\"\" srcset=\"https:\/\/police-car.com\/website\/wp-content\/uploads\/2018\/01\/11270533_683792628415288_4279046712262596746_o-245x184.jpg 245w, https:\/\/police-car.com\/website\/wp-content\/uploads\/2018\/01\/11270533_683792628415288_4279046712262596746_o-300x225.jpg 300w, https:\/\/police-car.com\/website\/wp-content\/uploads\/2018\/01\/11270533_683792628415288_4279046712262596746_o.jpg 1024w\" sizes=\"auto, (max-width: 245px) 100vw, 245px\" \/><\/a>\n\t\t\t<\/dt><\/dl><dl class='gallery-item'>\n\t\t\t<dt class='gallery-icon landscape'>\n\t\t\t\t<a href='https:\/\/police-car.com\/website\/wp-content\/uploads\/2018\/01\/11313057_683792685081949_3231057179940464657_o.jpg' title=\"\" data-rl_title=\"\" class=\"rl-gallery-link\" data-rl_caption=\"\" data-rel=\"lightbox-gallery-2\"><img loading=\"lazy\" decoding=\"async\" width=\"245\" height=\"184\" src=\"https:\/\/police-car.com\/website\/wp-content\/uploads\/2018\/01\/11313057_683792685081949_3231057179940464657_o-245x184.jpg\" class=\"attachment-thumbnail size-thumbnail\" alt=\"\" srcset=\"https:\/\/police-car.com\/website\/wp-content\/uploads\/2018\/01\/11313057_683792685081949_3231057179940464657_o-245x184.jpg 245w, https:\/\/police-car.com\/website\/wp-content\/uploads\/2018\/01\/11313057_683792685081949_3231057179940464657_o-300x225.jpg 300w, https:\/\/police-car.com\/website\/wp-content\/uploads\/2018\/01\/11313057_683792685081949_3231057179940464657_o.jpg 1024w\" sizes=\"auto, (max-width: 245px) 100vw, 245px\" \/><\/a>\n\t\t\t<\/dt><\/dl><br style=\"clear: both\" \/>\n\t\t<\/div>\n\n<\/div>\n","protected":false},"excerpt":{"rendered":"<p>Anl\u00e4sslich des zweiten Harley Dome Cologne hatten die Police Car Owners of America European Chapter e. V. wieder die Ehre die Parade der unz\u00e4hligen, begeisterten Harleyfahrer durch die nordrhein-westf\u00e4lische Metropole anzuf\u00fchren. In diesem Jahr konnten&#8230;<\/p>\n","protected":false},"author":3,"featured_media":0,"parent":0,"menu_order":0,"comment_status":"open","ping_status":"closed","template":"","meta":{"footnotes":""},"class_list":["post-2625","page","type-page","status-publish","hentry"],"_links":{"self":[{"href":"https:\/\/police-car.com\/website\/wp-json\/wp\/v2\/pages\/2625","targetHints":{"allow":["GET"]}}],"collection":[{"href":"https:\/\/police-car.com\/website\/wp-json\/wp\/v2\/pages"}],"about":[{"href":"https:\/\/police-car.com\/website\/wp-json\/wp\/v2\/types\/page"}],"author":[{"embeddable":true,"href":"https:\/\/police-car.com\/website\/wp-json\/wp\/v2\/users\/3"}],"replies":[{"embeddable":true,"href":"https:\/\/police-car.com\/website\/wp-json\/wp\/v2\/comments?post=2625"}],"version-history":[{"count":7,"href":"https:\/\/police-car.com\/website\/wp-json\/wp\/v2\/pages\/2625\/revisions"}],"predecessor-version":[{"id":2651,"href":"https:\/\/police-car.com\/website\/wp-json\/wp\/v2\/pages\/2625\/revisions\/2651"}],"wp:attachment":[{"href":"https:\/\/police-car.com\/website\/wp-json\/wp\/v2\/media?parent=2625"}],"curies":[{"name":"wp","href":"https:\/\/api.w.org\/{rel}","templated":true}]}}