{"id":2655,"date":"2018-01-04T17:16:56","date_gmt":"2018-01-04T16:16:56","guid":{"rendered":"http:\/\/pcooa-ev.de\/website\/?page_id=2655"},"modified":"2020-11-10T20:07:50","modified_gmt":"2020-11-10T19:07:50","slug":"jahreshauptversammlung-2015-langlingen-08-10-2015","status":"publish","type":"page","link":"https:\/\/police-car.com\/website\/jahreshauptversammlung-2015-langlingen-08-10-2015\/","title":{"rendered":"Jahreshauptversammlung 2015 &#8211; Langlingen 08.10.2015"},"content":{"rendered":"<div id=\"js_2l1\" class=\"_5pbx userContent _3576\" data-ft=\"{&quot;tn&quot;:&quot;K&quot;}\">\n<p>Am vergangenem Wochenende war es wieder soweit: der PCOOA veranstaltete seine diesj\u00e4hrige Jahreshauptversammlung. Dieses Jahr reisten die Mitglieder in das nieders\u00e4chsische Langlingen.<\/p>\n<p>W\u00e4hrend bei vielen Vereinen die j\u00e4hrliche Mitgliederversammlung eine l\u00e4stige Pflicht des Vereinsrechts ist, freuen wir uns auf den gemeinsamen Abschluss der Saison. Denn der Termin wird auch dazu genutzt, um in gro\u00dfer Runde die besuchten Veranstaltungen Revue passieren zu lassen und um das folgende Jahr zu planen. Es wurden Vorst\u00e4nde gew\u00e4hlt, verschiedene Themen diskutiert, neue Mitglieder begr\u00fc\u00dft und die Verwendung der Mitgliedsbeitr\u00e4ge abgestimmt.<\/p>\n<p>So schauen wir gut vorbereitet der n\u00e4chsten Saison entgegen!<\/p>\n<div id='gallery-2' class='gallery galleryid-2655 gallery-columns-3 gallery-size-thumbnail'><dl class='gallery-item'>\n\t\t\t<dt class='gallery-icon landscape'>\n\t\t\t\t<a href='https:\/\/police-car.com\/website\/wp-content\/uploads\/2018\/01\/IMG-20151004-WA0019.jpg' title=\"\" data-rl_title=\"\" class=\"rl-gallery-link\" data-rl_caption=\"\" data-rel=\"lightbox-gallery-2\"><img loading=\"lazy\" decoding=\"async\" width=\"245\" height=\"184\" src=\"https:\/\/police-car.com\/website\/wp-content\/uploads\/2018\/01\/IMG-20151004-WA0019-245x184.jpg\" class=\"attachment-thumbnail size-thumbnail\" alt=\"\" srcset=\"https:\/\/police-car.com\/website\/wp-content\/uploads\/2018\/01\/IMG-20151004-WA0019-245x184.jpg 245w, https:\/\/police-car.com\/website\/wp-content\/uploads\/2018\/01\/IMG-20151004-WA0019-300x225.jpg 300w, https:\/\/police-car.com\/website\/wp-content\/uploads\/2018\/01\/IMG-20151004-WA0019.jpg 1024w\" sizes=\"auto, (max-width: 245px) 100vw, 245px\" \/><\/a>\n\t\t\t<\/dt><\/dl><dl class='gallery-item'>\n\t\t\t<dt class='gallery-icon portrait'>\n\t\t\t\t<a href='https:\/\/police-car.com\/website\/wp-content\/uploads\/2018\/01\/IMG_2178.jpg' title=\"\" data-rl_title=\"\" class=\"rl-gallery-link\" data-rl_caption=\"\" data-rel=\"lightbox-gallery-2\"><img loading=\"lazy\" decoding=\"async\" width=\"245\" height=\"184\" src=\"https:\/\/police-car.com\/website\/wp-content\/uploads\/2018\/01\/IMG_2178-245x184.jpg\" class=\"attachment-thumbnail size-thumbnail\" alt=\"\" \/><\/a>\n\t\t\t<\/dt><\/dl><dl class='gallery-item'>\n\t\t\t<dt class='gallery-icon landscape'>\n\t\t\t\t<a href='https:\/\/police-car.com\/website\/wp-content\/uploads\/2018\/01\/IMG_2157.jpg' title=\"\" data-rl_title=\"\" class=\"rl-gallery-link\" data-rl_caption=\"\" data-rel=\"lightbox-gallery-2\"><img loading=\"lazy\" decoding=\"async\" width=\"245\" height=\"184\" src=\"https:\/\/police-car.com\/website\/wp-content\/uploads\/2018\/01\/IMG_2157-245x184.jpg\" class=\"attachment-thumbnail size-thumbnail\" alt=\"\" srcset=\"https:\/\/police-car.com\/website\/wp-content\/uploads\/2018\/01\/IMG_2157-245x184.jpg 245w, https:\/\/police-car.com\/website\/wp-content\/uploads\/2018\/01\/IMG_2157-300x225.jpg 300w, https:\/\/police-car.com\/website\/wp-content\/uploads\/2018\/01\/IMG_2157.jpg 1024w\" sizes=\"auto, (max-width: 245px) 100vw, 245px\" \/><\/a>\n\t\t\t<\/dt><\/dl><br style=\"clear: both\" \/><dl class='gallery-item'>\n\t\t\t<dt class='gallery-icon landscape'>\n\t\t\t\t<a href='https:\/\/police-car.com\/website\/wp-content\/uploads\/2018\/01\/IMG-20151004-WA0004.jpg' title=\"\" data-rl_title=\"\" class=\"rl-gallery-link\" data-rl_caption=\"\" data-rel=\"lightbox-gallery-2\"><img loading=\"lazy\" decoding=\"async\" width=\"245\" height=\"184\" src=\"https:\/\/police-car.com\/website\/wp-content\/uploads\/2018\/01\/IMG-20151004-WA0004-245x184.jpg\" class=\"attachment-thumbnail size-thumbnail\" alt=\"\" srcset=\"https:\/\/police-car.com\/website\/wp-content\/uploads\/2018\/01\/IMG-20151004-WA0004-245x184.jpg 245w, https:\/\/police-car.com\/website\/wp-content\/uploads\/2018\/01\/IMG-20151004-WA0004-300x225.jpg 300w, https:\/\/police-car.com\/website\/wp-content\/uploads\/2018\/01\/IMG-20151004-WA0004.jpg 1024w\" sizes=\"auto, (max-width: 245px) 100vw, 245px\" \/><\/a>\n\t\t\t<\/dt><\/dl>\n\t\t\t<br style='clear: both' \/>\n\t\t<\/div>\n\n<\/div>\n","protected":false},"excerpt":{"rendered":"<p>Am vergangenem Wochenende war es wieder soweit: der PCOOA veranstaltete seine diesj\u00e4hrige Jahreshauptversammlung. Dieses Jahr reisten die Mitglieder in das nieders\u00e4chsische Langlingen. W\u00e4hrend bei vielen Vereinen die j\u00e4hrliche Mitgliederversammlung eine l\u00e4stige Pflicht des Vereinsrechts ist,&#8230;<\/p>\n","protected":false},"author":3,"featured_media":0,"parent":0,"menu_order":0,"comment_status":"closed","ping_status":"closed","template":"","meta":{"footnotes":""},"class_list":["post-2655","page","type-page","status-publish","hentry"],"_links":{"self":[{"href":"https:\/\/police-car.com\/website\/wp-json\/wp\/v2\/pages\/2655","targetHints":{"allow":["GET"]}}],"collection":[{"href":"https:\/\/police-car.com\/website\/wp-json\/wp\/v2\/pages"}],"about":[{"href":"https:\/\/police-car.com\/website\/wp-json\/wp\/v2\/types\/page"}],"author":[{"embeddable":true,"href":"https:\/\/police-car.com\/website\/wp-json\/wp\/v2\/users\/3"}],"replies":[{"embeddable":true,"href":"https:\/\/police-car.com\/website\/wp-json\/wp\/v2\/comments?post=2655"}],"version-history":[{"count":4,"href":"https:\/\/police-car.com\/website\/wp-json\/wp\/v2\/pages\/2655\/revisions"}],"predecessor-version":[{"id":2663,"href":"https:\/\/police-car.com\/website\/wp-json\/wp\/v2\/pages\/2655\/revisions\/2663"}],"wp:attachment":[{"href":"https:\/\/police-car.com\/website\/wp-json\/wp\/v2\/media?parent=2655"}],"curies":[{"name":"wp","href":"https:\/\/api.w.org\/{rel}","templated":true}]}}