{"id":2703,"date":"2018-01-05T17:13:24","date_gmt":"2018-01-05T16:13:24","guid":{"rendered":"http:\/\/pcooa-ev.de\/website\/?page_id=2703"},"modified":"2020-11-10T20:15:13","modified_gmt":"2020-11-10T19:15:13","slug":"season-opener-v8-flyers-grenzland-willich-01-05-2015","status":"publish","type":"page","link":"https:\/\/police-car.com\/website\/season-opener-v8-flyers-grenzland-willich-01-05-2015\/","title":{"rendered":"Season Opener V8 Flyers Grenzland \u2013 Willich 01.05.2015"},"content":{"rendered":"<p>Ohne Regen, daf\u00fcr mit viel Sonne und bei angenehmen Temperaturen genossen wir den heutigen Tag beim Season Opener der V8 Flyers in Willich. Wie auch vergangenes Jahr fand das Treffen in der Innenstadt auf dem Sch\u00fctzenplatz statt. Der Police Car Owners of America European Chapter e.V. untersch\u00fctzte die V8 Flyers an der Einfahrt zum Eventgel\u00e4nde und begr\u00fc\u00dfte alle Besucher.<br \/>\nDer Andrang dabei war so gro\u00df, dass wir f\u00fcr einige Zeit die Einfahrt sperren mussten. Das ganze Konzept <span class=\"text_exposed_show\">wurde sehr gut vom Publikum angenommen und machte das Treffen zu einem gro\u00dfen Erfolg. Neben einigen Ausstellern, waren auch nat\u00fcrlich viele sch\u00f6ne US-Car Klassiker zu bewundern.<\/span><\/p>\n<div class=\"text_exposed_show\">\n<p>Auf diesem Wege m\u00f6chten wir uns bei allen Organisatoren bedanken. Ihr V8 Flyers habt dort wirklich eine sehenswerte Veranstaltung auf die Beine gestellt! Wir sehen uns mit gro\u00dfer Sicherheit 2016 wieder.<\/p>\n<div id='gallery-2' class='gallery galleryid-2703 gallery-columns-3 gallery-size-thumbnail'><dl class='gallery-item'>\n\t\t\t<dt class='gallery-icon landscape'>\n\t\t\t\t<a href='https:\/\/police-car.com\/website\/wp-content\/uploads\/2018\/01\/DSC_6641.jpg' title=\"\" data-rl_title=\"\" class=\"rl-gallery-link\" data-rl_caption=\"\" data-rel=\"lightbox-gallery-2\"><img loading=\"lazy\" decoding=\"async\" width=\"245\" height=\"184\" src=\"https:\/\/police-car.com\/website\/wp-content\/uploads\/2018\/01\/DSC_6641-245x184.jpg\" class=\"attachment-thumbnail size-thumbnail\" alt=\"\" srcset=\"https:\/\/police-car.com\/website\/wp-content\/uploads\/2018\/01\/DSC_6641-245x184.jpg 245w, https:\/\/police-car.com\/website\/wp-content\/uploads\/2018\/01\/DSC_6641-300x225.jpg 300w, https:\/\/police-car.com\/website\/wp-content\/uploads\/2018\/01\/DSC_6641.jpg 1024w\" sizes=\"auto, (max-width: 245px) 100vw, 245px\" \/><\/a>\n\t\t\t<\/dt><\/dl><dl class='gallery-item'>\n\t\t\t<dt class='gallery-icon landscape'>\n\t\t\t\t<a href='https:\/\/police-car.com\/website\/wp-content\/uploads\/2018\/01\/DSC_6581.jpg' title=\"\" data-rl_title=\"\" class=\"rl-gallery-link\" data-rl_caption=\"\" data-rel=\"lightbox-gallery-2\"><img loading=\"lazy\" decoding=\"async\" width=\"245\" height=\"184\" src=\"https:\/\/police-car.com\/website\/wp-content\/uploads\/2018\/01\/DSC_6581-245x184.jpg\" class=\"attachment-thumbnail size-thumbnail\" alt=\"\" srcset=\"https:\/\/police-car.com\/website\/wp-content\/uploads\/2018\/01\/DSC_6581-245x184.jpg 245w, https:\/\/police-car.com\/website\/wp-content\/uploads\/2018\/01\/DSC_6581-300x225.jpg 300w, https:\/\/police-car.com\/website\/wp-content\/uploads\/2018\/01\/DSC_6581.jpg 1024w\" sizes=\"auto, (max-width: 245px) 100vw, 245px\" \/><\/a>\n\t\t\t<\/dt><\/dl><dl class='gallery-item'>\n\t\t\t<dt class='gallery-icon landscape'>\n\t\t\t\t<a href='https:\/\/police-car.com\/website\/wp-content\/uploads\/2018\/01\/DSC_6609.jpg' title=\"\" data-rl_title=\"\" class=\"rl-gallery-link\" data-rl_caption=\"\" data-rel=\"lightbox-gallery-2\"><img loading=\"lazy\" decoding=\"async\" width=\"245\" height=\"184\" src=\"https:\/\/police-car.com\/website\/wp-content\/uploads\/2018\/01\/DSC_6609-245x184.jpg\" class=\"attachment-thumbnail size-thumbnail\" alt=\"\" srcset=\"https:\/\/police-car.com\/website\/wp-content\/uploads\/2018\/01\/DSC_6609-245x184.jpg 245w, https:\/\/police-car.com\/website\/wp-content\/uploads\/2018\/01\/DSC_6609-300x225.jpg 300w, https:\/\/police-car.com\/website\/wp-content\/uploads\/2018\/01\/DSC_6609.jpg 1024w\" sizes=\"auto, (max-width: 245px) 100vw, 245px\" \/><\/a>\n\t\t\t<\/dt><\/dl><br style=\"clear: both\" \/><dl class='gallery-item'>\n\t\t\t<dt class='gallery-icon landscape'>\n\t\t\t\t<a href='https:\/\/police-car.com\/website\/wp-content\/uploads\/2018\/01\/DSC_6574.jpg' title=\"\" data-rl_title=\"\" class=\"rl-gallery-link\" data-rl_caption=\"\" data-rel=\"lightbox-gallery-2\"><img loading=\"lazy\" decoding=\"async\" width=\"245\" height=\"184\" src=\"https:\/\/police-car.com\/website\/wp-content\/uploads\/2018\/01\/DSC_6574-245x184.jpg\" class=\"attachment-thumbnail size-thumbnail\" alt=\"\" srcset=\"https:\/\/police-car.com\/website\/wp-content\/uploads\/2018\/01\/DSC_6574-245x184.jpg 245w, https:\/\/police-car.com\/website\/wp-content\/uploads\/2018\/01\/DSC_6574-300x225.jpg 300w, https:\/\/police-car.com\/website\/wp-content\/uploads\/2018\/01\/DSC_6574.jpg 1024w\" sizes=\"auto, (max-width: 245px) 100vw, 245px\" \/><\/a>\n\t\t\t<\/dt><\/dl><dl class='gallery-item'>\n\t\t\t<dt class='gallery-icon portrait'>\n\t\t\t\t<a href='https:\/\/police-car.com\/website\/wp-content\/uploads\/2018\/01\/DSC_6583.jpg' title=\"\" data-rl_title=\"\" class=\"rl-gallery-link\" data-rl_caption=\"\" data-rel=\"lightbox-gallery-2\"><img loading=\"lazy\" decoding=\"async\" width=\"245\" height=\"184\" src=\"https:\/\/police-car.com\/website\/wp-content\/uploads\/2018\/01\/DSC_6583-245x184.jpg\" class=\"attachment-thumbnail size-thumbnail\" alt=\"\" \/><\/a>\n\t\t\t<\/dt><\/dl><dl class='gallery-item'>\n\t\t\t<dt class='gallery-icon portrait'>\n\t\t\t\t<a href='https:\/\/police-car.com\/website\/wp-content\/uploads\/2018\/01\/DSC_6616.jpg' title=\"\" data-rl_title=\"\" class=\"rl-gallery-link\" data-rl_caption=\"\" data-rel=\"lightbox-gallery-2\"><img loading=\"lazy\" decoding=\"async\" width=\"245\" height=\"184\" src=\"https:\/\/police-car.com\/website\/wp-content\/uploads\/2018\/01\/DSC_6616-245x184.jpg\" class=\"attachment-thumbnail size-thumbnail\" alt=\"\" \/><\/a>\n\t\t\t<\/dt><\/dl><br style=\"clear: both\" \/><dl class='gallery-item'>\n\t\t\t<dt class='gallery-icon landscape'>\n\t\t\t\t<a href='https:\/\/police-car.com\/website\/wp-content\/uploads\/2018\/01\/DSC_6591.jpg' title=\"\" data-rl_title=\"\" class=\"rl-gallery-link\" data-rl_caption=\"\" data-rel=\"lightbox-gallery-2\"><img loading=\"lazy\" decoding=\"async\" width=\"245\" height=\"184\" src=\"https:\/\/police-car.com\/website\/wp-content\/uploads\/2018\/01\/DSC_6591-245x184.jpg\" class=\"attachment-thumbnail size-thumbnail\" alt=\"\" srcset=\"https:\/\/police-car.com\/website\/wp-content\/uploads\/2018\/01\/DSC_6591-245x184.jpg 245w, https:\/\/police-car.com\/website\/wp-content\/uploads\/2018\/01\/DSC_6591-300x225.jpg 300w, https:\/\/police-car.com\/website\/wp-content\/uploads\/2018\/01\/DSC_6591.jpg 1024w\" sizes=\"auto, (max-width: 245px) 100vw, 245px\" \/><\/a>\n\t\t\t<\/dt><\/dl><dl class='gallery-item'>\n\t\t\t<dt class='gallery-icon landscape'>\n\t\t\t\t<a href='https:\/\/police-car.com\/website\/wp-content\/uploads\/2018\/01\/DSC_6594.jpg' title=\"\" data-rl_title=\"\" class=\"rl-gallery-link\" data-rl_caption=\"\" data-rel=\"lightbox-gallery-2\"><img loading=\"lazy\" decoding=\"async\" width=\"245\" height=\"184\" src=\"https:\/\/police-car.com\/website\/wp-content\/uploads\/2018\/01\/DSC_6594-245x184.jpg\" class=\"attachment-thumbnail size-thumbnail\" alt=\"\" srcset=\"https:\/\/police-car.com\/website\/wp-content\/uploads\/2018\/01\/DSC_6594-245x184.jpg 245w, https:\/\/police-car.com\/website\/wp-content\/uploads\/2018\/01\/DSC_6594-300x225.jpg 300w, https:\/\/police-car.com\/website\/wp-content\/uploads\/2018\/01\/DSC_6594.jpg 1024w\" sizes=\"auto, (max-width: 245px) 100vw, 245px\" \/><\/a>\n\t\t\t<\/dt><\/dl><dl class='gallery-item'>\n\t\t\t<dt class='gallery-icon portrait'>\n\t\t\t\t<a href='https:\/\/police-car.com\/website\/wp-content\/uploads\/2018\/01\/DSC_6595.jpg' title=\"\" data-rl_title=\"\" class=\"rl-gallery-link\" data-rl_caption=\"\" data-rel=\"lightbox-gallery-2\"><img loading=\"lazy\" decoding=\"async\" width=\"245\" height=\"184\" src=\"https:\/\/police-car.com\/website\/wp-content\/uploads\/2018\/01\/DSC_6595-245x184.jpg\" class=\"attachment-thumbnail size-thumbnail\" alt=\"\" \/><\/a>\n\t\t\t<\/dt><\/dl><br style=\"clear: both\" \/><dl class='gallery-item'>\n\t\t\t<dt class='gallery-icon landscape'>\n\t\t\t\t<a href='https:\/\/police-car.com\/website\/wp-content\/uploads\/2018\/01\/DSC_6598.jpg' title=\"\" data-rl_title=\"\" class=\"rl-gallery-link\" data-rl_caption=\"\" data-rel=\"lightbox-gallery-2\"><img loading=\"lazy\" decoding=\"async\" width=\"245\" height=\"184\" src=\"https:\/\/police-car.com\/website\/wp-content\/uploads\/2018\/01\/DSC_6598-245x184.jpg\" class=\"attachment-thumbnail size-thumbnail\" alt=\"\" srcset=\"https:\/\/police-car.com\/website\/wp-content\/uploads\/2018\/01\/DSC_6598-245x184.jpg 245w, https:\/\/police-car.com\/website\/wp-content\/uploads\/2018\/01\/DSC_6598-300x225.jpg 300w, https:\/\/police-car.com\/website\/wp-content\/uploads\/2018\/01\/DSC_6598.jpg 1024w\" sizes=\"auto, (max-width: 245px) 100vw, 245px\" \/><\/a>\n\t\t\t<\/dt><\/dl><dl class='gallery-item'>\n\t\t\t<dt class='gallery-icon portrait'>\n\t\t\t\t<a href='https:\/\/police-car.com\/website\/wp-content\/uploads\/2018\/01\/DSC_6620.jpg' title=\"\" data-rl_title=\"\" class=\"rl-gallery-link\" data-rl_caption=\"\" data-rel=\"lightbox-gallery-2\"><img loading=\"lazy\" decoding=\"async\" width=\"245\" height=\"184\" src=\"https:\/\/police-car.com\/website\/wp-content\/uploads\/2018\/01\/DSC_6620-245x184.jpg\" class=\"attachment-thumbnail size-thumbnail\" alt=\"\" \/><\/a>\n\t\t\t<\/dt><\/dl><dl class='gallery-item'>\n\t\t\t<dt class='gallery-icon portrait'>\n\t\t\t\t<a href='https:\/\/police-car.com\/website\/wp-content\/uploads\/2018\/01\/DSC_6621.jpg' title=\"\" data-rl_title=\"\" class=\"rl-gallery-link\" data-rl_caption=\"\" data-rel=\"lightbox-gallery-2\"><img loading=\"lazy\" decoding=\"async\" width=\"245\" height=\"184\" src=\"https:\/\/police-car.com\/website\/wp-content\/uploads\/2018\/01\/DSC_6621-245x184.jpg\" class=\"attachment-thumbnail size-thumbnail\" alt=\"\" \/><\/a>\n\t\t\t<\/dt><\/dl><br style=\"clear: both\" \/><dl class='gallery-item'>\n\t\t\t<dt class='gallery-icon landscape'>\n\t\t\t\t<a href='https:\/\/police-car.com\/website\/wp-content\/uploads\/2018\/01\/DSC_6626.jpg' title=\"\" data-rl_title=\"\" class=\"rl-gallery-link\" data-rl_caption=\"\" data-rel=\"lightbox-gallery-2\"><img loading=\"lazy\" decoding=\"async\" width=\"245\" height=\"184\" src=\"https:\/\/police-car.com\/website\/wp-content\/uploads\/2018\/01\/DSC_6626-245x184.jpg\" class=\"attachment-thumbnail size-thumbnail\" alt=\"\" srcset=\"https:\/\/police-car.com\/website\/wp-content\/uploads\/2018\/01\/DSC_6626-245x184.jpg 245w, https:\/\/police-car.com\/website\/wp-content\/uploads\/2018\/01\/DSC_6626-300x225.jpg 300w, https:\/\/police-car.com\/website\/wp-content\/uploads\/2018\/01\/DSC_6626.jpg 1024w\" sizes=\"auto, (max-width: 245px) 100vw, 245px\" \/><\/a>\n\t\t\t<\/dt><\/dl><dl class='gallery-item'>\n\t\t\t<dt class='gallery-icon landscape'>\n\t\t\t\t<a href='https:\/\/police-car.com\/website\/wp-content\/uploads\/2018\/01\/DSC_6629.jpg' title=\"\" data-rl_title=\"\" class=\"rl-gallery-link\" data-rl_caption=\"\" data-rel=\"lightbox-gallery-2\"><img loading=\"lazy\" decoding=\"async\" width=\"245\" height=\"184\" src=\"https:\/\/police-car.com\/website\/wp-content\/uploads\/2018\/01\/DSC_6629-245x184.jpg\" class=\"attachment-thumbnail size-thumbnail\" alt=\"\" srcset=\"https:\/\/police-car.com\/website\/wp-content\/uploads\/2018\/01\/DSC_6629-245x184.jpg 245w, https:\/\/police-car.com\/website\/wp-content\/uploads\/2018\/01\/DSC_6629-300x225.jpg 300w, https:\/\/police-car.com\/website\/wp-content\/uploads\/2018\/01\/DSC_6629.jpg 1024w\" sizes=\"auto, (max-width: 245px) 100vw, 245px\" \/><\/a>\n\t\t\t<\/dt><\/dl>\n\t\t\t<br style='clear: both' \/>\n\t\t<\/div>\n\n<\/div>\n","protected":false},"excerpt":{"rendered":"<p>Ohne Regen, daf\u00fcr mit viel Sonne und bei angenehmen Temperaturen genossen wir den heutigen Tag beim Season Opener der V8 Flyers in Willich. Wie auch vergangenes Jahr fand das Treffen in der Innenstadt auf dem&#8230;<\/p>\n","protected":false},"author":3,"featured_media":0,"parent":0,"menu_order":0,"comment_status":"closed","ping_status":"closed","template":"","meta":{"footnotes":""},"class_list":["post-2703","page","type-page","status-publish","hentry"],"_links":{"self":[{"href":"https:\/\/police-car.com\/website\/wp-json\/wp\/v2\/pages\/2703","targetHints":{"allow":["GET"]}}],"collection":[{"href":"https:\/\/police-car.com\/website\/wp-json\/wp\/v2\/pages"}],"about":[{"href":"https:\/\/police-car.com\/website\/wp-json\/wp\/v2\/types\/page"}],"author":[{"embeddable":true,"href":"https:\/\/police-car.com\/website\/wp-json\/wp\/v2\/users\/3"}],"replies":[{"embeddable":true,"href":"https:\/\/police-car.com\/website\/wp-json\/wp\/v2\/comments?post=2703"}],"version-history":[{"count":3,"href":"https:\/\/police-car.com\/website\/wp-json\/wp\/v2\/pages\/2703\/revisions"}],"predecessor-version":[{"id":2720,"href":"https:\/\/police-car.com\/website\/wp-json\/wp\/v2\/pages\/2703\/revisions\/2720"}],"wp:attachment":[{"href":"https:\/\/police-car.com\/website\/wp-json\/wp\/v2\/media?parent=2703"}],"curies":[{"name":"wp","href":"https:\/\/api.w.org\/{rel}","templated":true}]}}