{"id":2905,"date":"2018-04-11T10:46:52","date_gmt":"2018-04-11T09:46:52","guid":{"rendered":"http:\/\/pcooa-ev.de\/website\/?page_id=2905"},"modified":"2021-12-12T16:36:20","modified_gmt":"2021-12-12T15:36:20","slug":"pcooa-ec-season-opener-dortmund-07-04-2018","status":"publish","type":"page","link":"https:\/\/police-car.com\/website\/pcooa-ec-season-opener-dortmund-07-04-2018\/","title":{"rendered":"PCOOA EC Season Opener \u2013 Dortmund 07.04.2018"},"content":{"rendered":"<p>Passend zur guten Stimmung bei unserem vereinsinternen Saisonstart, war auch das gute Wetter auf unserer Seite!<\/p>\n<p>Treffpunkt war dieses Jahr wieder Dortmund, da sich dort die M\u00f6glichkeit eines idealen Veranstaltungsorts auftat.<\/p>\n<p>In den Wintermonaten waren wieder viele flei\u00dfig an ihren Fahrzeugen, so dass es viel zu erz\u00e4hlen und zeigen gab.<\/p>\n<p>Der Verein lebt durch seine Mitglieder und so freute es uns besonders, wieder ein neues (altes) Mitglied zur\u00fcck in unseren Reihen begr\u00fc\u00dfen zu k\u00f6nnen!<\/p>\n<p>Stilecht hielten wir noch eine au\u00dferordentliche Mitgliederversammlung in einer Schrauber Werkstatt ab, denn auch ein Verein will gut verwaltet sein!<\/p>\n<p>Beim Sonne tanken und mit leckerem Grillgut verging die Zeit wie im Fluge. So genossen wir unseren gem\u00fctlichen Start in die Saison 2018!<\/p>\n<p><a href=\"https:\/\/police-car.com\/website\/wp-content\/uploads\/2018\/04\/JT9842.jpg\" data-rel=\"lightbox-image-0\" data-rl_title=\"\" data-rl_caption=\"\" title=\"\"><img loading=\"lazy\" decoding=\"async\" class=\"alignleft wp-image-2931 size-large\" src=\"https:\/\/police-car.com\/website\/wp-content\/uploads\/2018\/04\/JT9842-1024x284.jpg\" alt=\"\" width=\"1024\" height=\"284\" srcset=\"https:\/\/police-car.com\/website\/wp-content\/uploads\/2018\/04\/JT9842-1024x284.jpg 1024w, https:\/\/police-car.com\/website\/wp-content\/uploads\/2018\/04\/JT9842-300x83.jpg 300w, https:\/\/police-car.com\/website\/wp-content\/uploads\/2018\/04\/JT9842.jpg 1280w\" sizes=\"auto, (max-width: 1024px) 100vw, 1024px\" \/><\/a><\/p>\n<div id='gallery-2' class='gallery galleryid-2905 gallery-columns-3 gallery-size-thumbnail'><dl class='gallery-item'>\n\t\t\t<dt class='gallery-icon landscape'>\n\t\t\t\t<a href='https:\/\/police-car.com\/website\/wp-content\/uploads\/2018\/04\/CMVG0554.jpg' title=\"\" data-rl_title=\"\" class=\"rl-gallery-link\" data-rl_caption=\"\" data-rel=\"lightbox-gallery-2\"><img loading=\"lazy\" decoding=\"async\" width=\"245\" height=\"184\" src=\"https:\/\/police-car.com\/website\/wp-content\/uploads\/2018\/04\/CMVG0554-245x184.jpg\" class=\"attachment-thumbnail size-thumbnail\" alt=\"\" srcset=\"https:\/\/police-car.com\/website\/wp-content\/uploads\/2018\/04\/CMVG0554-245x184.jpg 245w, https:\/\/police-car.com\/website\/wp-content\/uploads\/2018\/04\/CMVG0554-300x225.jpg 300w, https:\/\/police-car.com\/website\/wp-content\/uploads\/2018\/04\/CMVG0554.jpg 1024w\" sizes=\"auto, (max-width: 245px) 100vw, 245px\" \/><\/a>\n\t\t\t<\/dt><\/dl><dl class='gallery-item'>\n\t\t\t<dt class='gallery-icon landscape'>\n\t\t\t\t<a href='https:\/\/police-car.com\/website\/wp-content\/uploads\/2018\/04\/IMG_3760.jpg' title=\"\" data-rl_title=\"\" class=\"rl-gallery-link\" data-rl_caption=\"\" data-rel=\"lightbox-gallery-2\"><img loading=\"lazy\" decoding=\"async\" width=\"245\" height=\"184\" src=\"https:\/\/police-car.com\/website\/wp-content\/uploads\/2018\/04\/IMG_3760-245x184.jpg\" class=\"attachment-thumbnail size-thumbnail\" alt=\"\" srcset=\"https:\/\/police-car.com\/website\/wp-content\/uploads\/2018\/04\/IMG_3760-245x184.jpg 245w, https:\/\/police-car.com\/website\/wp-content\/uploads\/2018\/04\/IMG_3760-300x225.jpg 300w, https:\/\/police-car.com\/website\/wp-content\/uploads\/2018\/04\/IMG_3760.jpg 1024w\" sizes=\"auto, (max-width: 245px) 100vw, 245px\" \/><\/a>\n\t\t\t<\/dt><\/dl><dl class='gallery-item'>\n\t\t\t<dt class='gallery-icon landscape'>\n\t\t\t\t<a href='https:\/\/police-car.com\/website\/wp-content\/uploads\/2018\/04\/IMG_3780.jpg' title=\"\" data-rl_title=\"\" class=\"rl-gallery-link\" data-rl_caption=\"\" data-rel=\"lightbox-gallery-2\"><img loading=\"lazy\" decoding=\"async\" width=\"245\" height=\"184\" src=\"https:\/\/police-car.com\/website\/wp-content\/uploads\/2018\/04\/IMG_3780-245x184.jpg\" class=\"attachment-thumbnail size-thumbnail\" alt=\"\" srcset=\"https:\/\/police-car.com\/website\/wp-content\/uploads\/2018\/04\/IMG_3780-245x184.jpg 245w, https:\/\/police-car.com\/website\/wp-content\/uploads\/2018\/04\/IMG_3780-300x225.jpg 300w, https:\/\/police-car.com\/website\/wp-content\/uploads\/2018\/04\/IMG_3780.jpg 1024w\" sizes=\"auto, (max-width: 245px) 100vw, 245px\" \/><\/a>\n\t\t\t<\/dt><\/dl><br style=\"clear: both\" \/><dl class='gallery-item'>\n\t\t\t<dt class='gallery-icon landscape'>\n\t\t\t\t<a href='https:\/\/police-car.com\/website\/wp-content\/uploads\/2018\/04\/IMG_3766.jpg' title=\"\" data-rl_title=\"\" class=\"rl-gallery-link\" data-rl_caption=\"\" data-rel=\"lightbox-gallery-2\"><img loading=\"lazy\" decoding=\"async\" width=\"245\" height=\"184\" src=\"https:\/\/police-car.com\/website\/wp-content\/uploads\/2018\/04\/IMG_3766-245x184.jpg\" class=\"attachment-thumbnail size-thumbnail\" alt=\"\" srcset=\"https:\/\/police-car.com\/website\/wp-content\/uploads\/2018\/04\/IMG_3766-245x184.jpg 245w, https:\/\/police-car.com\/website\/wp-content\/uploads\/2018\/04\/IMG_3766-300x225.jpg 300w, https:\/\/police-car.com\/website\/wp-content\/uploads\/2018\/04\/IMG_3766.jpg 1024w\" sizes=\"auto, (max-width: 245px) 100vw, 245px\" \/><\/a>\n\t\t\t<\/dt><\/dl><dl class='gallery-item'>\n\t\t\t<dt class='gallery-icon landscape'>\n\t\t\t\t<a href='https:\/\/police-car.com\/website\/wp-content\/uploads\/2018\/04\/IMG_3770.jpg' title=\"\" data-rl_title=\"\" class=\"rl-gallery-link\" data-rl_caption=\"\" data-rel=\"lightbox-gallery-2\"><img loading=\"lazy\" decoding=\"async\" width=\"245\" height=\"184\" src=\"https:\/\/police-car.com\/website\/wp-content\/uploads\/2018\/04\/IMG_3770-245x184.jpg\" class=\"attachment-thumbnail size-thumbnail\" alt=\"\" srcset=\"https:\/\/police-car.com\/website\/wp-content\/uploads\/2018\/04\/IMG_3770-245x184.jpg 245w, https:\/\/police-car.com\/website\/wp-content\/uploads\/2018\/04\/IMG_3770-300x225.jpg 300w, https:\/\/police-car.com\/website\/wp-content\/uploads\/2018\/04\/IMG_3770.jpg 1024w\" sizes=\"auto, (max-width: 245px) 100vw, 245px\" \/><\/a>\n\t\t\t<\/dt><\/dl><dl class='gallery-item'>\n\t\t\t<dt class='gallery-icon landscape'>\n\t\t\t\t<a href='https:\/\/police-car.com\/website\/wp-content\/uploads\/2018\/04\/IMG_3769.jpg' title=\"\" data-rl_title=\"\" class=\"rl-gallery-link\" data-rl_caption=\"\" data-rel=\"lightbox-gallery-2\"><img loading=\"lazy\" decoding=\"async\" width=\"245\" height=\"184\" src=\"https:\/\/police-car.com\/website\/wp-content\/uploads\/2018\/04\/IMG_3769-245x184.jpg\" class=\"attachment-thumbnail size-thumbnail\" alt=\"\" srcset=\"https:\/\/police-car.com\/website\/wp-content\/uploads\/2018\/04\/IMG_3769-245x184.jpg 245w, https:\/\/police-car.com\/website\/wp-content\/uploads\/2018\/04\/IMG_3769-300x225.jpg 300w, https:\/\/police-car.com\/website\/wp-content\/uploads\/2018\/04\/IMG_3769.jpg 1024w\" sizes=\"auto, (max-width: 245px) 100vw, 245px\" \/><\/a>\n\t\t\t<\/dt><\/dl><br style=\"clear: both\" \/><dl class='gallery-item'>\n\t\t\t<dt class='gallery-icon landscape'>\n\t\t\t\t<a href='https:\/\/police-car.com\/website\/wp-content\/uploads\/2018\/04\/IMG_3781.jpg' title=\"\" data-rl_title=\"\" class=\"rl-gallery-link\" data-rl_caption=\"\" data-rel=\"lightbox-gallery-2\"><img loading=\"lazy\" decoding=\"async\" width=\"245\" height=\"184\" src=\"https:\/\/police-car.com\/website\/wp-content\/uploads\/2018\/04\/IMG_3781-245x184.jpg\" class=\"attachment-thumbnail size-thumbnail\" alt=\"\" srcset=\"https:\/\/police-car.com\/website\/wp-content\/uploads\/2018\/04\/IMG_3781-245x184.jpg 245w, https:\/\/police-car.com\/website\/wp-content\/uploads\/2018\/04\/IMG_3781-300x225.jpg 300w, https:\/\/police-car.com\/website\/wp-content\/uploads\/2018\/04\/IMG_3781.jpg 1024w\" sizes=\"auto, (max-width: 245px) 100vw, 245px\" \/><\/a>\n\t\t\t<\/dt><\/dl><dl class='gallery-item'>\n\t\t\t<dt class='gallery-icon landscape'>\n\t\t\t\t<a href='https:\/\/police-car.com\/website\/wp-content\/uploads\/2018\/04\/IMG_3767.jpg' title=\"\" data-rl_title=\"\" class=\"rl-gallery-link\" data-rl_caption=\"\" data-rel=\"lightbox-gallery-2\"><img loading=\"lazy\" decoding=\"async\" width=\"245\" height=\"184\" src=\"https:\/\/police-car.com\/website\/wp-content\/uploads\/2018\/04\/IMG_3767-245x184.jpg\" class=\"attachment-thumbnail size-thumbnail\" alt=\"\" srcset=\"https:\/\/police-car.com\/website\/wp-content\/uploads\/2018\/04\/IMG_3767-245x184.jpg 245w, https:\/\/police-car.com\/website\/wp-content\/uploads\/2018\/04\/IMG_3767-300x225.jpg 300w, https:\/\/police-car.com\/website\/wp-content\/uploads\/2018\/04\/IMG_3767.jpg 1024w\" sizes=\"auto, (max-width: 245px) 100vw, 245px\" \/><\/a>\n\t\t\t<\/dt><\/dl><dl class='gallery-item'>\n\t\t\t<dt class='gallery-icon landscape'>\n\t\t\t\t<a href='https:\/\/police-car.com\/website\/wp-content\/uploads\/2018\/04\/IMG_3765.jpg' title=\"\" data-rl_title=\"\" class=\"rl-gallery-link\" data-rl_caption=\"\" data-rel=\"lightbox-gallery-2\"><img loading=\"lazy\" decoding=\"async\" width=\"245\" height=\"184\" src=\"https:\/\/police-car.com\/website\/wp-content\/uploads\/2018\/04\/IMG_3765-245x184.jpg\" class=\"attachment-thumbnail size-thumbnail\" alt=\"\" srcset=\"https:\/\/police-car.com\/website\/wp-content\/uploads\/2018\/04\/IMG_3765-245x184.jpg 245w, https:\/\/police-car.com\/website\/wp-content\/uploads\/2018\/04\/IMG_3765-300x225.jpg 300w, https:\/\/police-car.com\/website\/wp-content\/uploads\/2018\/04\/IMG_3765.jpg 1024w\" sizes=\"auto, (max-width: 245px) 100vw, 245px\" \/><\/a>\n\t\t\t<\/dt><\/dl><br style=\"clear: both\" \/><dl class='gallery-item'>\n\t\t\t<dt class='gallery-icon landscape'>\n\t\t\t\t<a href='https:\/\/police-car.com\/website\/wp-content\/uploads\/2018\/04\/IMG_3777.jpg' title=\"\" data-rl_title=\"\" class=\"rl-gallery-link\" data-rl_caption=\"\" data-rel=\"lightbox-gallery-2\"><img loading=\"lazy\" decoding=\"async\" width=\"245\" height=\"184\" src=\"https:\/\/police-car.com\/website\/wp-content\/uploads\/2018\/04\/IMG_3777-245x184.jpg\" class=\"attachment-thumbnail size-thumbnail\" alt=\"\" srcset=\"https:\/\/police-car.com\/website\/wp-content\/uploads\/2018\/04\/IMG_3777-245x184.jpg 245w, https:\/\/police-car.com\/website\/wp-content\/uploads\/2018\/04\/IMG_3777-300x225.jpg 300w, https:\/\/police-car.com\/website\/wp-content\/uploads\/2018\/04\/IMG_3777.jpg 1024w\" sizes=\"auto, (max-width: 245px) 100vw, 245px\" \/><\/a>\n\t\t\t<\/dt><\/dl><dl class='gallery-item'>\n\t\t\t<dt class='gallery-icon landscape'>\n\t\t\t\t<a href='https:\/\/police-car.com\/website\/wp-content\/uploads\/2018\/04\/CZYL2458.jpg' title=\"\" data-rl_title=\"\" class=\"rl-gallery-link\" data-rl_caption=\"\" data-rel=\"lightbox-gallery-2\"><img loading=\"lazy\" decoding=\"async\" width=\"245\" height=\"184\" src=\"https:\/\/police-car.com\/website\/wp-content\/uploads\/2018\/04\/CZYL2458-245x184.jpg\" class=\"attachment-thumbnail size-thumbnail\" alt=\"\" srcset=\"https:\/\/police-car.com\/website\/wp-content\/uploads\/2018\/04\/CZYL2458-245x184.jpg 245w, https:\/\/police-car.com\/website\/wp-content\/uploads\/2018\/04\/CZYL2458-300x225.jpg 300w, https:\/\/police-car.com\/website\/wp-content\/uploads\/2018\/04\/CZYL2458.jpg 1024w\" sizes=\"auto, (max-width: 245px) 100vw, 245px\" \/><\/a>\n\t\t\t<\/dt><\/dl><dl class='gallery-item'>\n\t\t\t<dt class='gallery-icon landscape'>\n\t\t\t\t<a href='https:\/\/police-car.com\/website\/wp-content\/uploads\/2018\/04\/IMG_3771.jpg' title=\"\" data-rl_title=\"\" class=\"rl-gallery-link\" data-rl_caption=\"\" data-rel=\"lightbox-gallery-2\"><img loading=\"lazy\" decoding=\"async\" width=\"245\" height=\"184\" src=\"https:\/\/police-car.com\/website\/wp-content\/uploads\/2018\/04\/IMG_3771-245x184.jpg\" class=\"attachment-thumbnail size-thumbnail\" alt=\"\" srcset=\"https:\/\/police-car.com\/website\/wp-content\/uploads\/2018\/04\/IMG_3771-245x184.jpg 245w, https:\/\/police-car.com\/website\/wp-content\/uploads\/2018\/04\/IMG_3771-300x225.jpg 300w, https:\/\/police-car.com\/website\/wp-content\/uploads\/2018\/04\/IMG_3771.jpg 1024w\" sizes=\"auto, (max-width: 245px) 100vw, 245px\" \/><\/a>\n\t\t\t<\/dt><\/dl><br style=\"clear: both\" \/><dl class='gallery-item'>\n\t\t\t<dt class='gallery-icon landscape'>\n\t\t\t\t<a href='https:\/\/police-car.com\/website\/wp-content\/uploads\/2018\/04\/IMG_3772.jpg' title=\"\" data-rl_title=\"\" class=\"rl-gallery-link\" data-rl_caption=\"\" data-rel=\"lightbox-gallery-2\"><img loading=\"lazy\" decoding=\"async\" width=\"245\" height=\"184\" src=\"https:\/\/police-car.com\/website\/wp-content\/uploads\/2018\/04\/IMG_3772-245x184.jpg\" class=\"attachment-thumbnail size-thumbnail\" alt=\"\" srcset=\"https:\/\/police-car.com\/website\/wp-content\/uploads\/2018\/04\/IMG_3772-245x184.jpg 245w, https:\/\/police-car.com\/website\/wp-content\/uploads\/2018\/04\/IMG_3772-300x225.jpg 300w, https:\/\/police-car.com\/website\/wp-content\/uploads\/2018\/04\/IMG_3772.jpg 1024w\" sizes=\"auto, (max-width: 245px) 100vw, 245px\" \/><\/a>\n\t\t\t<\/dt><\/dl><dl class='gallery-item'>\n\t\t\t<dt class='gallery-icon landscape'>\n\t\t\t\t<a href='https:\/\/police-car.com\/website\/wp-content\/uploads\/2018\/04\/IMG_3774.jpg' title=\"\" data-rl_title=\"\" class=\"rl-gallery-link\" data-rl_caption=\"\" data-rel=\"lightbox-gallery-2\"><img loading=\"lazy\" decoding=\"async\" width=\"245\" height=\"184\" src=\"https:\/\/police-car.com\/website\/wp-content\/uploads\/2018\/04\/IMG_3774-245x184.jpg\" class=\"attachment-thumbnail size-thumbnail\" alt=\"\" srcset=\"https:\/\/police-car.com\/website\/wp-content\/uploads\/2018\/04\/IMG_3774-245x184.jpg 245w, https:\/\/police-car.com\/website\/wp-content\/uploads\/2018\/04\/IMG_3774-300x225.jpg 300w, https:\/\/police-car.com\/website\/wp-content\/uploads\/2018\/04\/IMG_3774.jpg 1024w\" sizes=\"auto, (max-width: 245px) 100vw, 245px\" \/><\/a>\n\t\t\t<\/dt><\/dl><dl class='gallery-item'>\n\t\t\t<dt class='gallery-icon landscape'>\n\t\t\t\t<a href='https:\/\/police-car.com\/website\/wp-content\/uploads\/2018\/04\/IMG_3775.jpg' title=\"\" data-rl_title=\"\" class=\"rl-gallery-link\" data-rl_caption=\"\" data-rel=\"lightbox-gallery-2\"><img loading=\"lazy\" decoding=\"async\" width=\"245\" height=\"184\" src=\"https:\/\/police-car.com\/website\/wp-content\/uploads\/2018\/04\/IMG_3775-245x184.jpg\" class=\"attachment-thumbnail size-thumbnail\" alt=\"\" srcset=\"https:\/\/police-car.com\/website\/wp-content\/uploads\/2018\/04\/IMG_3775-245x184.jpg 245w, https:\/\/police-car.com\/website\/wp-content\/uploads\/2018\/04\/IMG_3775-300x225.jpg 300w, https:\/\/police-car.com\/website\/wp-content\/uploads\/2018\/04\/IMG_3775.jpg 1024w\" sizes=\"auto, (max-width: 245px) 100vw, 245px\" \/><\/a>\n\t\t\t<\/dt><\/dl><br style=\"clear: both\" \/><dl class='gallery-item'>\n\t\t\t<dt class='gallery-icon landscape'>\n\t\t\t\t<a href='https:\/\/police-car.com\/website\/wp-content\/uploads\/2018\/04\/IMG_3776.jpg' title=\"\" data-rl_title=\"\" class=\"rl-gallery-link\" data-rl_caption=\"\" data-rel=\"lightbox-gallery-2\"><img loading=\"lazy\" decoding=\"async\" width=\"245\" height=\"184\" src=\"https:\/\/police-car.com\/website\/wp-content\/uploads\/2018\/04\/IMG_3776-245x184.jpg\" class=\"attachment-thumbnail size-thumbnail\" alt=\"\" srcset=\"https:\/\/police-car.com\/website\/wp-content\/uploads\/2018\/04\/IMG_3776-245x184.jpg 245w, https:\/\/police-car.com\/website\/wp-content\/uploads\/2018\/04\/IMG_3776-300x225.jpg 300w, https:\/\/police-car.com\/website\/wp-content\/uploads\/2018\/04\/IMG_3776.jpg 1024w\" sizes=\"auto, (max-width: 245px) 100vw, 245px\" \/><\/a>\n\t\t\t<\/dt><\/dl><dl class='gallery-item'>\n\t\t\t<dt class='gallery-icon landscape'>\n\t\t\t\t<a href='https:\/\/police-car.com\/website\/wp-content\/uploads\/2018\/04\/BFDI0575.jpg' title=\"\" data-rl_title=\"\" class=\"rl-gallery-link\" data-rl_caption=\"\" data-rel=\"lightbox-gallery-2\"><img loading=\"lazy\" decoding=\"async\" width=\"245\" height=\"184\" src=\"https:\/\/police-car.com\/website\/wp-content\/uploads\/2018\/04\/BFDI0575-245x184.jpg\" class=\"attachment-thumbnail size-thumbnail\" alt=\"\" srcset=\"https:\/\/police-car.com\/website\/wp-content\/uploads\/2018\/04\/BFDI0575-245x184.jpg 245w, https:\/\/police-car.com\/website\/wp-content\/uploads\/2018\/04\/BFDI0575-300x225.jpg 300w, https:\/\/police-car.com\/website\/wp-content\/uploads\/2018\/04\/BFDI0575.jpg 1024w\" sizes=\"auto, (max-width: 245px) 100vw, 245px\" \/><\/a>\n\t\t\t<\/dt><\/dl><dl class='gallery-item'>\n\t\t\t<dt class='gallery-icon landscape'>\n\t\t\t\t<a href='https:\/\/police-car.com\/website\/wp-content\/uploads\/2018\/04\/FESI4068.jpg' title=\"\" data-rl_title=\"\" class=\"rl-gallery-link\" data-rl_caption=\"\" data-rel=\"lightbox-gallery-2\"><img loading=\"lazy\" decoding=\"async\" width=\"245\" height=\"184\" src=\"https:\/\/police-car.com\/website\/wp-content\/uploads\/2018\/04\/FESI4068-245x184.jpg\" class=\"attachment-thumbnail size-thumbnail\" alt=\"\" srcset=\"https:\/\/police-car.com\/website\/wp-content\/uploads\/2018\/04\/FESI4068-245x184.jpg 245w, https:\/\/police-car.com\/website\/wp-content\/uploads\/2018\/04\/FESI4068-300x225.jpg 300w, https:\/\/police-car.com\/website\/wp-content\/uploads\/2018\/04\/FESI4068.jpg 1024w\" sizes=\"auto, (max-width: 245px) 100vw, 245px\" \/><\/a>\n\t\t\t<\/dt><\/dl><br style=\"clear: both\" \/>\n\t\t<\/div>\n\n","protected":false},"excerpt":{"rendered":"<p>Passend zur guten Stimmung bei unserem vereinsinternen Saisonstart, war auch das gute Wetter auf unserer Seite! Treffpunkt war dieses Jahr wieder Dortmund, da sich dort die M\u00f6glichkeit eines idealen Veranstaltungsorts auftat. In den Wintermonaten waren&#8230;<\/p>\n","protected":false},"author":3,"featured_media":0,"parent":0,"menu_order":0,"comment_status":"closed","ping_status":"closed","template":"","meta":{"footnotes":""},"class_list":["post-2905","page","type-page","status-publish","hentry"],"_links":{"self":[{"href":"https:\/\/police-car.com\/website\/wp-json\/wp\/v2\/pages\/2905","targetHints":{"allow":["GET"]}}],"collection":[{"href":"https:\/\/police-car.com\/website\/wp-json\/wp\/v2\/pages"}],"about":[{"href":"https:\/\/police-car.com\/website\/wp-json\/wp\/v2\/types\/page"}],"author":[{"embeddable":true,"href":"https:\/\/police-car.com\/website\/wp-json\/wp\/v2\/users\/3"}],"replies":[{"embeddable":true,"href":"https:\/\/police-car.com\/website\/wp-json\/wp\/v2\/comments?post=2905"}],"version-history":[{"count":14,"href":"https:\/\/police-car.com\/website\/wp-json\/wp\/v2\/pages\/2905\/revisions"}],"predecessor-version":[{"id":4168,"href":"https:\/\/police-car.com\/website\/wp-json\/wp\/v2\/pages\/2905\/revisions\/4168"}],"wp:attachment":[{"href":"https:\/\/police-car.com\/website\/wp-json\/wp\/v2\/media?parent=2905"}],"curies":[{"name":"wp","href":"https:\/\/api.w.org\/{rel}","templated":true}]}}