{"id":3617,"date":"2018-12-03T16:14:13","date_gmt":"2018-12-03T15:14:13","guid":{"rendered":"http:\/\/pcooa-ev.de\/website\/?page_id=3617"},"modified":"2021-12-12T16:31:34","modified_gmt":"2021-12-12T15:31:34","slug":"2-hagener-blaulichttag-hagen-02-09-2018","status":"publish","type":"page","link":"https:\/\/police-car.com\/website\/2-hagener-blaulichttag-hagen-02-09-2018\/","title":{"rendered":"2.Hagener Blaulichttag &#8211; Hagen 02.09.2018"},"content":{"rendered":"<p>Auf besondere Einladung der Los Angeles Police Re-enactment Group (LAPRG) unterst\u00fctzen sowohl Mitglieder der Independent Police Car Owners Europe (IPCOE) als auch wir vom Police Car Owners Of America European Chapter e.V. den 2. Hagener Blaulichttag.<\/p>\n<p>Wie bei den meisten Blaulichttagen waren auch hier die Feuerwehr, das THW, das Rote Kreuz, die Polizei und die Johanniter mit ihren Fahrzeugen sowie Ausr\u00fcstungsgegenst\u00e4nden anwesend und haben ihr K\u00f6nnen unter Beweis gestellt.<\/p>\n<p>Viele Besucher suchten unsere St\u00e4nde auf und stellten teilweise fachkundige Fragen oder schauten sich unsere Ausstellungsst\u00fccke an. Der Renner war wie so oft das Police Spielzeugmotorrad, bei dem die Kinder nie m\u00fcde wurden, die Sirenenkn\u00f6pfe zu dr\u00fccken!<br \/>\nErstmals stellten wir unsere Police Cars mittels Lautsprecher und Mikrofon vor, sodass die Zuschauer mehr \u00fcber unsere Fahrzeuge erfahren konnten.<\/p>\n<p>F\u00fcr die Besucher und f\u00fcr uns war es ein gelungener Tag!<\/p>\n<div id='gallery-2' class='gallery galleryid-3617 gallery-columns-3 gallery-size-thumbnail'><dl class='gallery-item'>\n\t\t\t<dt class='gallery-icon landscape'>\n\t\t\t\t<a href='https:\/\/police-car.com\/website\/wp-content\/uploads\/2018\/11\/photo-vi004.jpg' title=\"\" data-rl_title=\"\" class=\"rl-gallery-link\" data-rl_caption=\"\" data-rel=\"lightbox-gallery-2\"><img loading=\"lazy\" decoding=\"async\" width=\"245\" height=\"184\" src=\"https:\/\/police-car.com\/website\/wp-content\/uploads\/2018\/11\/photo-vi004-245x184.jpg\" class=\"attachment-thumbnail size-thumbnail\" alt=\"\" srcset=\"https:\/\/police-car.com\/website\/wp-content\/uploads\/2018\/11\/photo-vi004-245x184.jpg 245w, https:\/\/police-car.com\/website\/wp-content\/uploads\/2018\/11\/photo-vi004-300x225.jpg 300w, https:\/\/police-car.com\/website\/wp-content\/uploads\/2018\/11\/photo-vi004.jpg 1024w\" sizes=\"auto, (max-width: 245px) 100vw, 245px\" \/><\/a>\n\t\t\t<\/dt><\/dl><dl class='gallery-item'>\n\t\t\t<dt class='gallery-icon landscape'>\n\t\t\t\t<a href='https:\/\/police-car.com\/website\/wp-content\/uploads\/2018\/11\/IMG_4493.jpg' title=\"\" data-rl_title=\"\" class=\"rl-gallery-link\" data-rl_caption=\"\" data-rel=\"lightbox-gallery-2\"><img loading=\"lazy\" decoding=\"async\" width=\"245\" height=\"184\" src=\"https:\/\/police-car.com\/website\/wp-content\/uploads\/2018\/11\/IMG_4493-245x184.jpg\" class=\"attachment-thumbnail size-thumbnail\" alt=\"\" srcset=\"https:\/\/police-car.com\/website\/wp-content\/uploads\/2018\/11\/IMG_4493-245x184.jpg 245w, https:\/\/police-car.com\/website\/wp-content\/uploads\/2018\/11\/IMG_4493-300x225.jpg 300w, https:\/\/police-car.com\/website\/wp-content\/uploads\/2018\/11\/IMG_4493.jpg 1024w\" sizes=\"auto, (max-width: 245px) 100vw, 245px\" \/><\/a>\n\t\t\t<\/dt><\/dl><dl class='gallery-item'>\n\t\t\t<dt class='gallery-icon landscape'>\n\t\t\t\t<a href='https:\/\/police-car.com\/website\/wp-content\/uploads\/2018\/11\/photo-vi006.jpg' title=\"\" data-rl_title=\"\" class=\"rl-gallery-link\" data-rl_caption=\"\" data-rel=\"lightbox-gallery-2\"><img loading=\"lazy\" decoding=\"async\" width=\"245\" height=\"184\" src=\"https:\/\/police-car.com\/website\/wp-content\/uploads\/2018\/11\/photo-vi006-245x184.jpg\" class=\"attachment-thumbnail size-thumbnail\" alt=\"\" srcset=\"https:\/\/police-car.com\/website\/wp-content\/uploads\/2018\/11\/photo-vi006-245x184.jpg 245w, https:\/\/police-car.com\/website\/wp-content\/uploads\/2018\/11\/photo-vi006-300x225.jpg 300w, https:\/\/police-car.com\/website\/wp-content\/uploads\/2018\/11\/photo-vi006.jpg 1024w\" sizes=\"auto, (max-width: 245px) 100vw, 245px\" \/><\/a>\n\t\t\t<\/dt><\/dl><br style=\"clear: both\" \/><dl class='gallery-item'>\n\t\t\t<dt class='gallery-icon landscape'>\n\t\t\t\t<a href='https:\/\/police-car.com\/website\/wp-content\/uploads\/2018\/11\/photo-vi008.jpg' title=\"\" data-rl_title=\"\" class=\"rl-gallery-link\" data-rl_caption=\"\" data-rel=\"lightbox-gallery-2\"><img loading=\"lazy\" decoding=\"async\" width=\"245\" height=\"184\" src=\"https:\/\/police-car.com\/website\/wp-content\/uploads\/2018\/11\/photo-vi008-245x184.jpg\" class=\"attachment-thumbnail size-thumbnail\" alt=\"\" srcset=\"https:\/\/police-car.com\/website\/wp-content\/uploads\/2018\/11\/photo-vi008-245x184.jpg 245w, https:\/\/police-car.com\/website\/wp-content\/uploads\/2018\/11\/photo-vi008-300x225.jpg 300w, https:\/\/police-car.com\/website\/wp-content\/uploads\/2018\/11\/photo-vi008.jpg 1024w\" sizes=\"auto, (max-width: 245px) 100vw, 245px\" \/><\/a>\n\t\t\t<\/dt><\/dl><dl class='gallery-item'>\n\t\t\t<dt class='gallery-icon landscape'>\n\t\t\t\t<a href='https:\/\/police-car.com\/website\/wp-content\/uploads\/2018\/11\/IMG_4495.jpg' title=\"\" data-rl_title=\"\" class=\"rl-gallery-link\" data-rl_caption=\"\" data-rel=\"lightbox-gallery-2\"><img loading=\"lazy\" decoding=\"async\" width=\"245\" height=\"184\" src=\"https:\/\/police-car.com\/website\/wp-content\/uploads\/2018\/11\/IMG_4495-245x184.jpg\" class=\"attachment-thumbnail size-thumbnail\" alt=\"\" srcset=\"https:\/\/police-car.com\/website\/wp-content\/uploads\/2018\/11\/IMG_4495-245x184.jpg 245w, https:\/\/police-car.com\/website\/wp-content\/uploads\/2018\/11\/IMG_4495-300x225.jpg 300w, https:\/\/police-car.com\/website\/wp-content\/uploads\/2018\/11\/IMG_4495.jpg 1024w\" sizes=\"auto, (max-width: 245px) 100vw, 245px\" \/><\/a>\n\t\t\t<\/dt><\/dl><dl class='gallery-item'>\n\t\t\t<dt class='gallery-icon landscape'>\n\t\t\t\t<a href='https:\/\/police-car.com\/website\/wp-content\/uploads\/2018\/11\/photo-vi011.jpg' title=\"\" data-rl_title=\"\" class=\"rl-gallery-link\" data-rl_caption=\"\" data-rel=\"lightbox-gallery-2\"><img loading=\"lazy\" decoding=\"async\" width=\"245\" height=\"184\" src=\"https:\/\/police-car.com\/website\/wp-content\/uploads\/2018\/11\/photo-vi011-245x184.jpg\" class=\"attachment-thumbnail size-thumbnail\" alt=\"\" srcset=\"https:\/\/police-car.com\/website\/wp-content\/uploads\/2018\/11\/photo-vi011-245x184.jpg 245w, https:\/\/police-car.com\/website\/wp-content\/uploads\/2018\/11\/photo-vi011-300x225.jpg 300w, https:\/\/police-car.com\/website\/wp-content\/uploads\/2018\/11\/photo-vi011.jpg 1024w\" sizes=\"auto, (max-width: 245px) 100vw, 245px\" \/><\/a>\n\t\t\t<\/dt><\/dl><br style=\"clear: both\" \/><dl class='gallery-item'>\n\t\t\t<dt class='gallery-icon landscape'>\n\t\t\t\t<a href='https:\/\/police-car.com\/website\/wp-content\/uploads\/2018\/11\/photo-vi013.jpg' title=\"\" data-rl_title=\"\" class=\"rl-gallery-link\" data-rl_caption=\"\" data-rel=\"lightbox-gallery-2\"><img loading=\"lazy\" decoding=\"async\" width=\"245\" height=\"184\" src=\"https:\/\/police-car.com\/website\/wp-content\/uploads\/2018\/11\/photo-vi013-245x184.jpg\" class=\"attachment-thumbnail size-thumbnail\" alt=\"\" srcset=\"https:\/\/police-car.com\/website\/wp-content\/uploads\/2018\/11\/photo-vi013-245x184.jpg 245w, https:\/\/police-car.com\/website\/wp-content\/uploads\/2018\/11\/photo-vi013-300x225.jpg 300w, https:\/\/police-car.com\/website\/wp-content\/uploads\/2018\/11\/photo-vi013.jpg 1024w\" sizes=\"auto, (max-width: 245px) 100vw, 245px\" \/><\/a>\n\t\t\t<\/dt><\/dl><dl class='gallery-item'>\n\t\t\t<dt class='gallery-icon landscape'>\n\t\t\t\t<a href='https:\/\/police-car.com\/website\/wp-content\/uploads\/2018\/11\/photo-vi002.jpg' title=\"\" data-rl_title=\"\" class=\"rl-gallery-link\" data-rl_caption=\"\" data-rel=\"lightbox-gallery-2\"><img loading=\"lazy\" decoding=\"async\" width=\"245\" height=\"184\" src=\"https:\/\/police-car.com\/website\/wp-content\/uploads\/2018\/11\/photo-vi002-245x184.jpg\" class=\"attachment-thumbnail size-thumbnail\" alt=\"\" srcset=\"https:\/\/police-car.com\/website\/wp-content\/uploads\/2018\/11\/photo-vi002-245x184.jpg 245w, https:\/\/police-car.com\/website\/wp-content\/uploads\/2018\/11\/photo-vi002-300x225.jpg 300w, https:\/\/police-car.com\/website\/wp-content\/uploads\/2018\/11\/photo-vi002.jpg 1024w\" sizes=\"auto, (max-width: 245px) 100vw, 245px\" \/><\/a>\n\t\t\t<\/dt><\/dl><dl class='gallery-item'>\n\t\t\t<dt class='gallery-icon landscape'>\n\t\t\t\t<a href='https:\/\/police-car.com\/website\/wp-content\/uploads\/2018\/11\/photo-vi005.jpg' title=\"\" data-rl_title=\"\" class=\"rl-gallery-link\" data-rl_caption=\"\" data-rel=\"lightbox-gallery-2\"><img loading=\"lazy\" decoding=\"async\" width=\"245\" height=\"184\" src=\"https:\/\/police-car.com\/website\/wp-content\/uploads\/2018\/11\/photo-vi005-245x184.jpg\" class=\"attachment-thumbnail size-thumbnail\" alt=\"\" srcset=\"https:\/\/police-car.com\/website\/wp-content\/uploads\/2018\/11\/photo-vi005-245x184.jpg 245w, https:\/\/police-car.com\/website\/wp-content\/uploads\/2018\/11\/photo-vi005-300x225.jpg 300w, https:\/\/police-car.com\/website\/wp-content\/uploads\/2018\/11\/photo-vi005.jpg 1024w\" sizes=\"auto, (max-width: 245px) 100vw, 245px\" \/><\/a>\n\t\t\t<\/dt><\/dl><br style=\"clear: both\" \/><dl class='gallery-item'>\n\t\t\t<dt class='gallery-icon landscape'>\n\t\t\t\t<a href='https:\/\/police-car.com\/website\/wp-content\/uploads\/2018\/11\/IMG_4490.jpg' title=\"\" data-rl_title=\"\" class=\"rl-gallery-link\" data-rl_caption=\"\" data-rel=\"lightbox-gallery-2\"><img loading=\"lazy\" decoding=\"async\" width=\"245\" height=\"184\" src=\"https:\/\/police-car.com\/website\/wp-content\/uploads\/2018\/11\/IMG_4490-245x184.jpg\" class=\"attachment-thumbnail size-thumbnail\" alt=\"\" srcset=\"https:\/\/police-car.com\/website\/wp-content\/uploads\/2018\/11\/IMG_4490-245x184.jpg 245w, https:\/\/police-car.com\/website\/wp-content\/uploads\/2018\/11\/IMG_4490-300x225.jpg 300w, https:\/\/police-car.com\/website\/wp-content\/uploads\/2018\/11\/IMG_4490.jpg 1024w\" sizes=\"auto, (max-width: 245px) 100vw, 245px\" \/><\/a>\n\t\t\t<\/dt><\/dl><dl class='gallery-item'>\n\t\t\t<dt class='gallery-icon landscape'>\n\t\t\t\t<a href='https:\/\/police-car.com\/website\/wp-content\/uploads\/2018\/11\/IMG_4487.jpg' title=\"\" data-rl_title=\"\" class=\"rl-gallery-link\" data-rl_caption=\"\" data-rel=\"lightbox-gallery-2\"><img loading=\"lazy\" decoding=\"async\" width=\"245\" height=\"184\" src=\"https:\/\/police-car.com\/website\/wp-content\/uploads\/2018\/11\/IMG_4487-245x184.jpg\" class=\"attachment-thumbnail size-thumbnail\" alt=\"\" srcset=\"https:\/\/police-car.com\/website\/wp-content\/uploads\/2018\/11\/IMG_4487-245x184.jpg 245w, https:\/\/police-car.com\/website\/wp-content\/uploads\/2018\/11\/IMG_4487-300x225.jpg 300w, https:\/\/police-car.com\/website\/wp-content\/uploads\/2018\/11\/IMG_4487.jpg 1024w\" sizes=\"auto, (max-width: 245px) 100vw, 245px\" \/><\/a>\n\t\t\t<\/dt><\/dl><dl class='gallery-item'>\n\t\t\t<dt class='gallery-icon landscape'>\n\t\t\t\t<a href='https:\/\/police-car.com\/website\/wp-content\/uploads\/2018\/11\/photo-vi007.jpg' title=\"\" data-rl_title=\"\" class=\"rl-gallery-link\" data-rl_caption=\"\" data-rel=\"lightbox-gallery-2\"><img loading=\"lazy\" decoding=\"async\" width=\"245\" height=\"184\" src=\"https:\/\/police-car.com\/website\/wp-content\/uploads\/2018\/11\/photo-vi007-245x184.jpg\" class=\"attachment-thumbnail size-thumbnail\" alt=\"\" srcset=\"https:\/\/police-car.com\/website\/wp-content\/uploads\/2018\/11\/photo-vi007-245x184.jpg 245w, https:\/\/police-car.com\/website\/wp-content\/uploads\/2018\/11\/photo-vi007-300x225.jpg 300w, https:\/\/police-car.com\/website\/wp-content\/uploads\/2018\/11\/photo-vi007.jpg 1024w\" sizes=\"auto, (max-width: 245px) 100vw, 245px\" \/><\/a>\n\t\t\t<\/dt><\/dl><br style=\"clear: both\" \/><dl class='gallery-item'>\n\t\t\t<dt class='gallery-icon landscape'>\n\t\t\t\t<a href='https:\/\/police-car.com\/website\/wp-content\/uploads\/2018\/11\/IMG_4485.jpg' title=\"\" data-rl_title=\"\" class=\"rl-gallery-link\" data-rl_caption=\"\" data-rel=\"lightbox-gallery-2\"><img loading=\"lazy\" decoding=\"async\" width=\"245\" height=\"184\" src=\"https:\/\/police-car.com\/website\/wp-content\/uploads\/2018\/11\/IMG_4485-245x184.jpg\" class=\"attachment-thumbnail size-thumbnail\" alt=\"\" srcset=\"https:\/\/police-car.com\/website\/wp-content\/uploads\/2018\/11\/IMG_4485-245x184.jpg 245w, https:\/\/police-car.com\/website\/wp-content\/uploads\/2018\/11\/IMG_4485-300x225.jpg 300w, https:\/\/police-car.com\/website\/wp-content\/uploads\/2018\/11\/IMG_4485.jpg 1024w\" sizes=\"auto, (max-width: 245px) 100vw, 245px\" \/><\/a>\n\t\t\t<\/dt><\/dl><dl class='gallery-item'>\n\t\t\t<dt class='gallery-icon landscape'>\n\t\t\t\t<a href='https:\/\/police-car.com\/website\/wp-content\/uploads\/2018\/11\/IMG_4486.jpg' title=\"\" data-rl_title=\"\" class=\"rl-gallery-link\" data-rl_caption=\"\" data-rel=\"lightbox-gallery-2\"><img loading=\"lazy\" decoding=\"async\" width=\"245\" height=\"184\" src=\"https:\/\/police-car.com\/website\/wp-content\/uploads\/2018\/11\/IMG_4486-245x184.jpg\" class=\"attachment-thumbnail size-thumbnail\" alt=\"\" srcset=\"https:\/\/police-car.com\/website\/wp-content\/uploads\/2018\/11\/IMG_4486-245x184.jpg 245w, https:\/\/police-car.com\/website\/wp-content\/uploads\/2018\/11\/IMG_4486-300x225.jpg 300w, https:\/\/police-car.com\/website\/wp-content\/uploads\/2018\/11\/IMG_4486.jpg 1024w\" sizes=\"auto, (max-width: 245px) 100vw, 245px\" \/><\/a>\n\t\t\t<\/dt><\/dl><dl class='gallery-item'>\n\t\t\t<dt class='gallery-icon landscape'>\n\t\t\t\t<a href='https:\/\/police-car.com\/website\/wp-content\/uploads\/2018\/11\/IMG_4489.jpg' title=\"\" data-rl_title=\"\" class=\"rl-gallery-link\" data-rl_caption=\"\" data-rel=\"lightbox-gallery-2\"><img loading=\"lazy\" decoding=\"async\" width=\"245\" height=\"184\" src=\"https:\/\/police-car.com\/website\/wp-content\/uploads\/2018\/11\/IMG_4489-245x184.jpg\" class=\"attachment-thumbnail size-thumbnail\" alt=\"\" srcset=\"https:\/\/police-car.com\/website\/wp-content\/uploads\/2018\/11\/IMG_4489-245x184.jpg 245w, https:\/\/police-car.com\/website\/wp-content\/uploads\/2018\/11\/IMG_4489-300x225.jpg 300w, https:\/\/police-car.com\/website\/wp-content\/uploads\/2018\/11\/IMG_4489.jpg 1024w\" sizes=\"auto, (max-width: 245px) 100vw, 245px\" \/><\/a>\n\t\t\t<\/dt><\/dl><br style=\"clear: both\" \/><dl class='gallery-item'>\n\t\t\t<dt class='gallery-icon landscape'>\n\t\t\t\t<a href='https:\/\/police-car.com\/website\/wp-content\/uploads\/2018\/11\/photo-vi003.jpg' title=\"\" data-rl_title=\"\" class=\"rl-gallery-link\" data-rl_caption=\"\" data-rel=\"lightbox-gallery-2\"><img loading=\"lazy\" decoding=\"async\" width=\"245\" height=\"184\" src=\"https:\/\/police-car.com\/website\/wp-content\/uploads\/2018\/11\/photo-vi003-245x184.jpg\" class=\"attachment-thumbnail size-thumbnail\" alt=\"\" srcset=\"https:\/\/police-car.com\/website\/wp-content\/uploads\/2018\/11\/photo-vi003-245x184.jpg 245w, https:\/\/police-car.com\/website\/wp-content\/uploads\/2018\/11\/photo-vi003-300x225.jpg 300w, https:\/\/police-car.com\/website\/wp-content\/uploads\/2018\/11\/photo-vi003.jpg 1024w\" sizes=\"auto, (max-width: 245px) 100vw, 245px\" \/><\/a>\n\t\t\t<\/dt><\/dl><dl class='gallery-item'>\n\t\t\t<dt class='gallery-icon landscape'>\n\t\t\t\t<a href='https:\/\/police-car.com\/website\/wp-content\/uploads\/2018\/11\/IMG_4497.jpg' title=\"\" data-rl_title=\"\" class=\"rl-gallery-link\" data-rl_caption=\"\" data-rel=\"lightbox-gallery-2\"><img loading=\"lazy\" decoding=\"async\" width=\"245\" height=\"184\" src=\"https:\/\/police-car.com\/website\/wp-content\/uploads\/2018\/11\/IMG_4497-245x184.jpg\" class=\"attachment-thumbnail size-thumbnail\" alt=\"\" srcset=\"https:\/\/police-car.com\/website\/wp-content\/uploads\/2018\/11\/IMG_4497-245x184.jpg 245w, https:\/\/police-car.com\/website\/wp-content\/uploads\/2018\/11\/IMG_4497-300x225.jpg 300w, https:\/\/police-car.com\/website\/wp-content\/uploads\/2018\/11\/IMG_4497.jpg 1024w\" sizes=\"auto, (max-width: 245px) 100vw, 245px\" \/><\/a>\n\t\t\t<\/dt><\/dl><dl class='gallery-item'>\n\t\t\t<dt class='gallery-icon portrait'>\n\t\t\t\t<a href='https:\/\/police-car.com\/website\/wp-content\/uploads\/2018\/11\/IMG_4482.jpg' title=\"\" data-rl_title=\"\" class=\"rl-gallery-link\" data-rl_caption=\"\" data-rel=\"lightbox-gallery-2\"><img loading=\"lazy\" decoding=\"async\" width=\"245\" height=\"184\" src=\"https:\/\/police-car.com\/website\/wp-content\/uploads\/2018\/11\/IMG_4482-245x184.jpg\" class=\"attachment-thumbnail size-thumbnail\" alt=\"\" \/><\/a>\n\t\t\t<\/dt><\/dl><br style=\"clear: both\" \/>\n\t\t<\/div>\n\n","protected":false},"excerpt":{"rendered":"<p>Auf besondere Einladung der Los Angeles Police Re-enactment Group (LAPRG) unterst\u00fctzen sowohl Mitglieder der Independent Police Car Owners Europe (IPCOE) als auch wir vom Police Car Owners Of America European Chapter e.V. den 2. Hagener&#8230;<\/p>\n","protected":false},"author":3,"featured_media":0,"parent":0,"menu_order":0,"comment_status":"closed","ping_status":"closed","template":"","meta":{"footnotes":""},"class_list":["post-3617","page","type-page","status-publish","hentry"],"_links":{"self":[{"href":"https:\/\/police-car.com\/website\/wp-json\/wp\/v2\/pages\/3617","targetHints":{"allow":["GET"]}}],"collection":[{"href":"https:\/\/police-car.com\/website\/wp-json\/wp\/v2\/pages"}],"about":[{"href":"https:\/\/police-car.com\/website\/wp-json\/wp\/v2\/types\/page"}],"author":[{"embeddable":true,"href":"https:\/\/police-car.com\/website\/wp-json\/wp\/v2\/users\/3"}],"replies":[{"embeddable":true,"href":"https:\/\/police-car.com\/website\/wp-json\/wp\/v2\/comments?post=3617"}],"version-history":[{"count":6,"href":"https:\/\/police-car.com\/website\/wp-json\/wp\/v2\/pages\/3617\/revisions"}],"predecessor-version":[{"id":4160,"href":"https:\/\/police-car.com\/website\/wp-json\/wp\/v2\/pages\/3617\/revisions\/4160"}],"wp:attachment":[{"href":"https:\/\/police-car.com\/website\/wp-json\/wp\/v2\/media?parent=3617"}],"curies":[{"name":"wp","href":"https:\/\/api.w.org\/{rel}","templated":true}]}}