{"id":3796,"date":"2019-06-13T09:42:40","date_gmt":"2019-06-13T08:42:40","guid":{"rendered":"http:\/\/pcooa-ev.de\/website\/?page_id=3796"},"modified":"2021-12-12T16:30:09","modified_gmt":"2021-12-12T15:30:09","slug":"blaulichtmeile-moenchengladbach-28-04-2019","status":"publish","type":"page","link":"https:\/\/police-car.com\/website\/blaulichtmeile-moenchengladbach-28-04-2019\/","title":{"rendered":"Blaulichtmeile &#8211; M\u00f6nchengladbach 28.04.2019"},"content":{"rendered":"<p>Nach drei Jahren Pause lud uns der Verein \u201eSicher-Miteinander e.V.\u201c wieder zu seiner Blaulichtmeile nach M\u00f6nchengladbach ein. Dieses Jahr fand die Meile an einem v\u00f6llig neuen Veranstaltungsort in der M\u00f6nchengladbacher Innenstadt statt.<\/p>\n<p>Unser Stellplatz h\u00e4tte nicht besser sein k\u00f6nnen, so fand uns das interessierte Publikum direkt vor dem Einkaufszentrum in mitten der Einkaufsstra\u00dfe. Das Wetter war etwas unbest\u00e4ndig, aber es blieb trocken und die Leute zog es auf die Meile.<\/p>\n<p>Unz\u00e4hlige interessierte Fragen durften wir beantworten und gef\u00fchlt jeder Dritte konnte uns eine Geschichte zu der Polizei in den USA erz\u00e4hlen, die er live erlebt hat.<br \/>\nWie immer waren die Polizei, DLRG, THW, DRK, Feuerwehr usw. auf der Meile vertreten. Die Bundespolizei warnte vor den Gefahren der Starkstromleitung \u00fcber Bahnschienen und erkl\u00e4rte eindrucksvoll wie lebensgef\u00e4hrlich diese sein k\u00f6nnen.<\/p>\n<p>&nbsp;<\/p>\n<div id='gallery-2' class='gallery galleryid-3796 gallery-columns-3 gallery-size-thumbnail'><dl class='gallery-item'>\n\t\t\t<dt class='gallery-icon landscape'>\n\t\t\t\t<a href='https:\/\/police-car.com\/website\/wp-content\/uploads\/2019\/06\/IMG_7431.jpg' title=\"\" data-rl_title=\"\" class=\"rl-gallery-link\" data-rl_caption=\"\" data-rel=\"lightbox-gallery-2\"><img loading=\"lazy\" decoding=\"async\" width=\"245\" height=\"184\" src=\"https:\/\/police-car.com\/website\/wp-content\/uploads\/2019\/06\/IMG_7431-245x184.jpg\" class=\"attachment-thumbnail size-thumbnail\" alt=\"\" srcset=\"https:\/\/police-car.com\/website\/wp-content\/uploads\/2019\/06\/IMG_7431-245x184.jpg 245w, https:\/\/police-car.com\/website\/wp-content\/uploads\/2019\/06\/IMG_7431-300x225.jpg 300w, https:\/\/police-car.com\/website\/wp-content\/uploads\/2019\/06\/IMG_7431.jpg 1024w\" sizes=\"auto, (max-width: 245px) 100vw, 245px\" \/><\/a>\n\t\t\t<\/dt><\/dl><dl class='gallery-item'>\n\t\t\t<dt class='gallery-icon landscape'>\n\t\t\t\t<a href='https:\/\/police-car.com\/website\/wp-content\/uploads\/2019\/06\/IMG_7426.jpg' title=\"\" data-rl_title=\"\" class=\"rl-gallery-link\" data-rl_caption=\"\" data-rel=\"lightbox-gallery-2\"><img loading=\"lazy\" decoding=\"async\" width=\"245\" height=\"184\" src=\"https:\/\/police-car.com\/website\/wp-content\/uploads\/2019\/06\/IMG_7426-245x184.jpg\" class=\"attachment-thumbnail size-thumbnail\" alt=\"\" srcset=\"https:\/\/police-car.com\/website\/wp-content\/uploads\/2019\/06\/IMG_7426-245x184.jpg 245w, https:\/\/police-car.com\/website\/wp-content\/uploads\/2019\/06\/IMG_7426-300x225.jpg 300w, https:\/\/police-car.com\/website\/wp-content\/uploads\/2019\/06\/IMG_7426.jpg 1024w\" sizes=\"auto, (max-width: 245px) 100vw, 245px\" \/><\/a>\n\t\t\t<\/dt><\/dl><dl class='gallery-item'>\n\t\t\t<dt class='gallery-icon landscape'>\n\t\t\t\t<a href='https:\/\/police-car.com\/website\/wp-content\/uploads\/2019\/06\/58576534_10213617423298275_937563976005320704_o.jpg' title=\"\" data-rl_title=\"\" class=\"rl-gallery-link\" data-rl_caption=\"\" data-rel=\"lightbox-gallery-2\"><img loading=\"lazy\" decoding=\"async\" width=\"245\" height=\"184\" src=\"https:\/\/police-car.com\/website\/wp-content\/uploads\/2019\/06\/58576534_10213617423298275_937563976005320704_o-245x184.jpg\" class=\"attachment-thumbnail size-thumbnail\" alt=\"\" srcset=\"https:\/\/police-car.com\/website\/wp-content\/uploads\/2019\/06\/58576534_10213617423298275_937563976005320704_o-245x184.jpg 245w, https:\/\/police-car.com\/website\/wp-content\/uploads\/2019\/06\/58576534_10213617423298275_937563976005320704_o-300x225.jpg 300w, https:\/\/police-car.com\/website\/wp-content\/uploads\/2019\/06\/58576534_10213617423298275_937563976005320704_o.jpg 1024w\" sizes=\"auto, (max-width: 245px) 100vw, 245px\" \/><\/a>\n\t\t\t<\/dt><\/dl><br style=\"clear: both\" \/><dl class='gallery-item'>\n\t\t\t<dt class='gallery-icon landscape'>\n\t\t\t\t<a href='https:\/\/police-car.com\/website\/wp-content\/uploads\/2019\/06\/58580494_10213617401897740_7037021520396288000_o.jpg' title=\"\" data-rl_title=\"\" class=\"rl-gallery-link\" data-rl_caption=\"\" data-rel=\"lightbox-gallery-2\"><img loading=\"lazy\" decoding=\"async\" width=\"245\" height=\"184\" src=\"https:\/\/police-car.com\/website\/wp-content\/uploads\/2019\/06\/58580494_10213617401897740_7037021520396288000_o-245x184.jpg\" class=\"attachment-thumbnail size-thumbnail\" alt=\"\" \/><\/a>\n\t\t\t<\/dt><\/dl><dl class='gallery-item'>\n\t\t\t<dt class='gallery-icon landscape'>\n\t\t\t\t<a href='https:\/\/police-car.com\/website\/wp-content\/uploads\/2019\/06\/58852883_10213617425458329_4461102734157807616_o.jpg' title=\"\" data-rl_title=\"\" class=\"rl-gallery-link\" data-rl_caption=\"\" data-rel=\"lightbox-gallery-2\"><img loading=\"lazy\" decoding=\"async\" width=\"245\" height=\"184\" src=\"https:\/\/police-car.com\/website\/wp-content\/uploads\/2019\/06\/58852883_10213617425458329_4461102734157807616_o-245x184.jpg\" class=\"attachment-thumbnail size-thumbnail\" alt=\"\" srcset=\"https:\/\/police-car.com\/website\/wp-content\/uploads\/2019\/06\/58852883_10213617425458329_4461102734157807616_o-245x184.jpg 245w, https:\/\/police-car.com\/website\/wp-content\/uploads\/2019\/06\/58852883_10213617425458329_4461102734157807616_o-300x225.jpg 300w, https:\/\/police-car.com\/website\/wp-content\/uploads\/2019\/06\/58852883_10213617425458329_4461102734157807616_o.jpg 1024w\" sizes=\"auto, (max-width: 245px) 100vw, 245px\" \/><\/a>\n\t\t\t<\/dt><\/dl><dl class='gallery-item'>\n\t\t\t<dt class='gallery-icon landscape'>\n\t\t\t\t<a href='https:\/\/police-car.com\/website\/wp-content\/uploads\/2019\/06\/58610194_10213617396657609_8941511470865186816_o.jpg' title=\"\" data-rl_title=\"\" class=\"rl-gallery-link\" data-rl_caption=\"\" data-rel=\"lightbox-gallery-2\"><img loading=\"lazy\" decoding=\"async\" width=\"245\" height=\"184\" src=\"https:\/\/police-car.com\/website\/wp-content\/uploads\/2019\/06\/58610194_10213617396657609_8941511470865186816_o-245x184.jpg\" class=\"attachment-thumbnail size-thumbnail\" alt=\"\" srcset=\"https:\/\/police-car.com\/website\/wp-content\/uploads\/2019\/06\/58610194_10213617396657609_8941511470865186816_o-245x184.jpg 245w, https:\/\/police-car.com\/website\/wp-content\/uploads\/2019\/06\/58610194_10213617396657609_8941511470865186816_o-300x225.jpg 300w, https:\/\/police-car.com\/website\/wp-content\/uploads\/2019\/06\/58610194_10213617396657609_8941511470865186816_o.jpg 1024w\" sizes=\"auto, (max-width: 245px) 100vw, 245px\" \/><\/a>\n\t\t\t<\/dt><\/dl><br style=\"clear: both\" \/><dl class='gallery-item'>\n\t\t\t<dt class='gallery-icon landscape'>\n\t\t\t\t<a href='https:\/\/police-car.com\/website\/wp-content\/uploads\/2019\/06\/58698498_10213617438778662_9212493851061649408_o.jpg' title=\"\" data-rl_title=\"\" class=\"rl-gallery-link\" data-rl_caption=\"\" data-rel=\"lightbox-gallery-2\"><img loading=\"lazy\" decoding=\"async\" width=\"245\" height=\"184\" src=\"https:\/\/police-car.com\/website\/wp-content\/uploads\/2019\/06\/58698498_10213617438778662_9212493851061649408_o-245x184.jpg\" class=\"attachment-thumbnail size-thumbnail\" alt=\"\" srcset=\"https:\/\/police-car.com\/website\/wp-content\/uploads\/2019\/06\/58698498_10213617438778662_9212493851061649408_o-245x184.jpg 245w, https:\/\/police-car.com\/website\/wp-content\/uploads\/2019\/06\/58698498_10213617438778662_9212493851061649408_o-300x225.jpg 300w, https:\/\/police-car.com\/website\/wp-content\/uploads\/2019\/06\/58698498_10213617438778662_9212493851061649408_o.jpg 1024w\" sizes=\"auto, (max-width: 245px) 100vw, 245px\" \/><\/a>\n\t\t\t<\/dt><\/dl><dl class='gallery-item'>\n\t\t\t<dt class='gallery-icon landscape'>\n\t\t\t\t<a href='https:\/\/police-car.com\/website\/wp-content\/uploads\/2019\/06\/IMG_7432.jpg' title=\"\" data-rl_title=\"\" class=\"rl-gallery-link\" data-rl_caption=\"\" data-rel=\"lightbox-gallery-2\"><img loading=\"lazy\" decoding=\"async\" width=\"245\" height=\"184\" src=\"https:\/\/police-car.com\/website\/wp-content\/uploads\/2019\/06\/IMG_7432-245x184.jpg\" class=\"attachment-thumbnail size-thumbnail\" alt=\"\" srcset=\"https:\/\/police-car.com\/website\/wp-content\/uploads\/2019\/06\/IMG_7432-245x184.jpg 245w, https:\/\/police-car.com\/website\/wp-content\/uploads\/2019\/06\/IMG_7432-300x225.jpg 300w, https:\/\/police-car.com\/website\/wp-content\/uploads\/2019\/06\/IMG_7432.jpg 1024w\" sizes=\"auto, (max-width: 245px) 100vw, 245px\" \/><\/a>\n\t\t\t<\/dt><\/dl><dl class='gallery-item'>\n\t\t\t<dt class='gallery-icon landscape'>\n\t\t\t\t<a href='https:\/\/police-car.com\/website\/wp-content\/uploads\/2019\/06\/58994552_10213617396297600_4450450824421703680_o.jpg' title=\"\" data-rl_title=\"\" class=\"rl-gallery-link\" data-rl_caption=\"\" data-rel=\"lightbox-gallery-2\"><img loading=\"lazy\" decoding=\"async\" width=\"245\" height=\"184\" src=\"https:\/\/police-car.com\/website\/wp-content\/uploads\/2019\/06\/58994552_10213617396297600_4450450824421703680_o-245x184.jpg\" class=\"attachment-thumbnail size-thumbnail\" alt=\"\" srcset=\"https:\/\/police-car.com\/website\/wp-content\/uploads\/2019\/06\/58994552_10213617396297600_4450450824421703680_o-245x184.jpg 245w, https:\/\/police-car.com\/website\/wp-content\/uploads\/2019\/06\/58994552_10213617396297600_4450450824421703680_o-300x225.jpg 300w, https:\/\/police-car.com\/website\/wp-content\/uploads\/2019\/06\/58994552_10213617396297600_4450450824421703680_o.jpg 1024w\" sizes=\"auto, (max-width: 245px) 100vw, 245px\" \/><\/a>\n\t\t\t<\/dt><\/dl><br style=\"clear: both\" \/><dl class='gallery-item'>\n\t\t\t<dt class='gallery-icon portrait'>\n\t\t\t\t<a href='https:\/\/police-car.com\/website\/wp-content\/uploads\/2019\/06\/IMG-20190428-WA0008.jpg' title=\"\" data-rl_title=\"\" class=\"rl-gallery-link\" data-rl_caption=\"\" data-rel=\"lightbox-gallery-2\"><img loading=\"lazy\" decoding=\"async\" width=\"245\" height=\"184\" src=\"https:\/\/police-car.com\/website\/wp-content\/uploads\/2019\/06\/IMG-20190428-WA0008-245x184.jpg\" class=\"attachment-thumbnail size-thumbnail\" alt=\"\" \/><\/a>\n\t\t\t<\/dt><\/dl><dl class='gallery-item'>\n\t\t\t<dt class='gallery-icon landscape'>\n\t\t\t\t<a href='https:\/\/police-car.com\/website\/wp-content\/uploads\/2019\/06\/58444359_10213617432018493_4012356893145038848_o.jpg' title=\"\" data-rl_title=\"\" class=\"rl-gallery-link\" data-rl_caption=\"\" data-rel=\"lightbox-gallery-2\"><img loading=\"lazy\" decoding=\"async\" width=\"245\" height=\"184\" src=\"https:\/\/police-car.com\/website\/wp-content\/uploads\/2019\/06\/58444359_10213617432018493_4012356893145038848_o-245x184.jpg\" class=\"attachment-thumbnail size-thumbnail\" alt=\"\" srcset=\"https:\/\/police-car.com\/website\/wp-content\/uploads\/2019\/06\/58444359_10213617432018493_4012356893145038848_o-245x184.jpg 245w, https:\/\/police-car.com\/website\/wp-content\/uploads\/2019\/06\/58444359_10213617432018493_4012356893145038848_o-300x225.jpg 300w, https:\/\/police-car.com\/website\/wp-content\/uploads\/2019\/06\/58444359_10213617432018493_4012356893145038848_o.jpg 1024w\" sizes=\"auto, (max-width: 245px) 100vw, 245px\" \/><\/a>\n\t\t\t<\/dt><\/dl><dl class='gallery-item'>\n\t\t\t<dt class='gallery-icon landscape'>\n\t\t\t\t<a href='https:\/\/police-car.com\/website\/wp-content\/uploads\/2019\/06\/IMG_7433.jpg' title=\"\" data-rl_title=\"\" class=\"rl-gallery-link\" data-rl_caption=\"\" data-rel=\"lightbox-gallery-2\"><img loading=\"lazy\" decoding=\"async\" width=\"245\" height=\"184\" src=\"https:\/\/police-car.com\/website\/wp-content\/uploads\/2019\/06\/IMG_7433-245x184.jpg\" class=\"attachment-thumbnail size-thumbnail\" alt=\"\" srcset=\"https:\/\/police-car.com\/website\/wp-content\/uploads\/2019\/06\/IMG_7433-245x184.jpg 245w, https:\/\/police-car.com\/website\/wp-content\/uploads\/2019\/06\/IMG_7433-300x225.jpg 300w, https:\/\/police-car.com\/website\/wp-content\/uploads\/2019\/06\/IMG_7433.jpg 1024w\" sizes=\"auto, (max-width: 245px) 100vw, 245px\" \/><\/a>\n\t\t\t<\/dt><\/dl><br style=\"clear: both\" \/><dl class='gallery-item'>\n\t\t\t<dt class='gallery-icon landscape'>\n\t\t\t\t<a href='https:\/\/police-car.com\/website\/wp-content\/uploads\/2019\/06\/IMG_7434.jpg' title=\"\" data-rl_title=\"\" class=\"rl-gallery-link\" data-rl_caption=\"\" data-rel=\"lightbox-gallery-2\"><img loading=\"lazy\" decoding=\"async\" width=\"245\" height=\"184\" src=\"https:\/\/police-car.com\/website\/wp-content\/uploads\/2019\/06\/IMG_7434-245x184.jpg\" class=\"attachment-thumbnail size-thumbnail\" alt=\"\" srcset=\"https:\/\/police-car.com\/website\/wp-content\/uploads\/2019\/06\/IMG_7434-245x184.jpg 245w, https:\/\/police-car.com\/website\/wp-content\/uploads\/2019\/06\/IMG_7434-300x225.jpg 300w, https:\/\/police-car.com\/website\/wp-content\/uploads\/2019\/06\/IMG_7434.jpg 1024w\" sizes=\"auto, (max-width: 245px) 100vw, 245px\" \/><\/a>\n\t\t\t<\/dt><\/dl><dl class='gallery-item'>\n\t\t\t<dt class='gallery-icon landscape'>\n\t\t\t\t<a href='https:\/\/police-car.com\/website\/wp-content\/uploads\/2019\/06\/IMG_7443.jpg' title=\"\" data-rl_title=\"\" class=\"rl-gallery-link\" data-rl_caption=\"\" data-rel=\"lightbox-gallery-2\"><img loading=\"lazy\" decoding=\"async\" width=\"245\" height=\"184\" src=\"https:\/\/police-car.com\/website\/wp-content\/uploads\/2019\/06\/IMG_7443-245x184.jpg\" class=\"attachment-thumbnail size-thumbnail\" alt=\"\" srcset=\"https:\/\/police-car.com\/website\/wp-content\/uploads\/2019\/06\/IMG_7443-245x184.jpg 245w, https:\/\/police-car.com\/website\/wp-content\/uploads\/2019\/06\/IMG_7443-300x225.jpg 300w, https:\/\/police-car.com\/website\/wp-content\/uploads\/2019\/06\/IMG_7443.jpg 1024w\" sizes=\"auto, (max-width: 245px) 100vw, 245px\" \/><\/a>\n\t\t\t<\/dt><\/dl><dl class='gallery-item'>\n\t\t\t<dt class='gallery-icon landscape'>\n\t\t\t\t<a href='https:\/\/police-car.com\/website\/wp-content\/uploads\/2019\/06\/58695712_10213617449738936_4229804722199986176_o.jpg' title=\"\" data-rl_title=\"\" class=\"rl-gallery-link\" data-rl_caption=\"\" data-rel=\"lightbox-gallery-2\"><img loading=\"lazy\" decoding=\"async\" width=\"245\" height=\"184\" src=\"https:\/\/police-car.com\/website\/wp-content\/uploads\/2019\/06\/58695712_10213617449738936_4229804722199986176_o-245x184.jpg\" class=\"attachment-thumbnail size-thumbnail\" alt=\"\" srcset=\"https:\/\/police-car.com\/website\/wp-content\/uploads\/2019\/06\/58695712_10213617449738936_4229804722199986176_o-245x184.jpg 245w, https:\/\/police-car.com\/website\/wp-content\/uploads\/2019\/06\/58695712_10213617449738936_4229804722199986176_o-300x225.jpg 300w, https:\/\/police-car.com\/website\/wp-content\/uploads\/2019\/06\/58695712_10213617449738936_4229804722199986176_o.jpg 1024w\" sizes=\"auto, (max-width: 245px) 100vw, 245px\" \/><\/a>\n\t\t\t<\/dt><\/dl><br style=\"clear: both\" \/><dl class='gallery-item'>\n\t\t\t<dt class='gallery-icon landscape'>\n\t\t\t\t<a href='https:\/\/police-car.com\/website\/wp-content\/uploads\/2019\/06\/58549668_10213617451098970_759889790379229184_o.jpg' title=\"\" data-rl_title=\"\" class=\"rl-gallery-link\" data-rl_caption=\"\" data-rel=\"lightbox-gallery-2\"><img loading=\"lazy\" decoding=\"async\" width=\"245\" height=\"184\" src=\"https:\/\/police-car.com\/website\/wp-content\/uploads\/2019\/06\/58549668_10213617451098970_759889790379229184_o-245x184.jpg\" class=\"attachment-thumbnail size-thumbnail\" alt=\"\" srcset=\"https:\/\/police-car.com\/website\/wp-content\/uploads\/2019\/06\/58549668_10213617451098970_759889790379229184_o-245x184.jpg 245w, https:\/\/police-car.com\/website\/wp-content\/uploads\/2019\/06\/58549668_10213617451098970_759889790379229184_o-300x225.jpg 300w, https:\/\/police-car.com\/website\/wp-content\/uploads\/2019\/06\/58549668_10213617451098970_759889790379229184_o.jpg 1024w\" sizes=\"auto, (max-width: 245px) 100vw, 245px\" \/><\/a>\n\t\t\t<\/dt><\/dl><dl class='gallery-item'>\n\t\t\t<dt class='gallery-icon landscape'>\n\t\t\t\t<a href='https:\/\/police-car.com\/website\/wp-content\/uploads\/2019\/06\/58755127_10213617453579032_5125735170728525824_o.jpg' title=\"\" data-rl_title=\"\" class=\"rl-gallery-link\" data-rl_caption=\"\" data-rel=\"lightbox-gallery-2\"><img loading=\"lazy\" decoding=\"async\" width=\"245\" height=\"184\" src=\"https:\/\/police-car.com\/website\/wp-content\/uploads\/2019\/06\/58755127_10213617453579032_5125735170728525824_o-245x184.jpg\" class=\"attachment-thumbnail size-thumbnail\" alt=\"\" srcset=\"https:\/\/police-car.com\/website\/wp-content\/uploads\/2019\/06\/58755127_10213617453579032_5125735170728525824_o-245x184.jpg 245w, https:\/\/police-car.com\/website\/wp-content\/uploads\/2019\/06\/58755127_10213617453579032_5125735170728525824_o-300x225.jpg 300w, https:\/\/police-car.com\/website\/wp-content\/uploads\/2019\/06\/58755127_10213617453579032_5125735170728525824_o.jpg 1024w\" sizes=\"auto, (max-width: 245px) 100vw, 245px\" \/><\/a>\n\t\t\t<\/dt><\/dl><dl class='gallery-item'>\n\t\t\t<dt class='gallery-icon landscape'>\n\t\t\t\t<a href='https:\/\/police-car.com\/website\/wp-content\/uploads\/2019\/06\/IMG_7445.jpg' title=\"\" data-rl_title=\"\" class=\"rl-gallery-link\" data-rl_caption=\"\" data-rel=\"lightbox-gallery-2\"><img loading=\"lazy\" decoding=\"async\" width=\"245\" height=\"184\" src=\"https:\/\/police-car.com\/website\/wp-content\/uploads\/2019\/06\/IMG_7445-245x184.jpg\" class=\"attachment-thumbnail size-thumbnail\" alt=\"\" srcset=\"https:\/\/police-car.com\/website\/wp-content\/uploads\/2019\/06\/IMG_7445-245x184.jpg 245w, https:\/\/police-car.com\/website\/wp-content\/uploads\/2019\/06\/IMG_7445-300x225.jpg 300w, https:\/\/police-car.com\/website\/wp-content\/uploads\/2019\/06\/IMG_7445.jpg 1024w\" sizes=\"auto, (max-width: 245px) 100vw, 245px\" \/><\/a>\n\t\t\t<\/dt><\/dl><br style=\"clear: both\" \/><dl class='gallery-item'>\n\t\t\t<dt class='gallery-icon landscape'>\n\t\t\t\t<a href='https:\/\/police-car.com\/website\/wp-content\/uploads\/2019\/06\/59051872_10213617452939016_3152019521498251264_o.jpg' title=\"\" data-rl_title=\"\" class=\"rl-gallery-link\" data-rl_caption=\"\" data-rel=\"lightbox-gallery-2\"><img loading=\"lazy\" decoding=\"async\" width=\"245\" height=\"184\" src=\"https:\/\/police-car.com\/website\/wp-content\/uploads\/2019\/06\/59051872_10213617452939016_3152019521498251264_o-245x184.jpg\" class=\"attachment-thumbnail size-thumbnail\" alt=\"\" srcset=\"https:\/\/police-car.com\/website\/wp-content\/uploads\/2019\/06\/59051872_10213617452939016_3152019521498251264_o-245x184.jpg 245w, https:\/\/police-car.com\/website\/wp-content\/uploads\/2019\/06\/59051872_10213617452939016_3152019521498251264_o-300x225.jpg 300w, https:\/\/police-car.com\/website\/wp-content\/uploads\/2019\/06\/59051872_10213617452939016_3152019521498251264_o.jpg 1024w\" sizes=\"auto, (max-width: 245px) 100vw, 245px\" \/><\/a>\n\t\t\t<\/dt><\/dl><dl class='gallery-item'>\n\t\t\t<dt class='gallery-icon landscape'>\n\t\t\t\t<a href='https:\/\/police-car.com\/website\/wp-content\/uploads\/2019\/06\/IMG_7427.jpg' title=\"\" data-rl_title=\"\" class=\"rl-gallery-link\" data-rl_caption=\"\" data-rel=\"lightbox-gallery-2\"><img loading=\"lazy\" decoding=\"async\" width=\"245\" height=\"184\" src=\"https:\/\/police-car.com\/website\/wp-content\/uploads\/2019\/06\/IMG_7427-245x184.jpg\" class=\"attachment-thumbnail size-thumbnail\" alt=\"\" srcset=\"https:\/\/police-car.com\/website\/wp-content\/uploads\/2019\/06\/IMG_7427-245x184.jpg 245w, https:\/\/police-car.com\/website\/wp-content\/uploads\/2019\/06\/IMG_7427-300x225.jpg 300w, https:\/\/police-car.com\/website\/wp-content\/uploads\/2019\/06\/IMG_7427.jpg 1024w\" sizes=\"auto, (max-width: 245px) 100vw, 245px\" \/><\/a>\n\t\t\t<\/dt><\/dl><dl class='gallery-item'>\n\t\t\t<dt class='gallery-icon landscape'>\n\t\t\t\t<a href='https:\/\/police-car.com\/website\/wp-content\/uploads\/2019\/06\/IMG_7439.jpg' title=\"\" data-rl_title=\"\" class=\"rl-gallery-link\" data-rl_caption=\"\" data-rel=\"lightbox-gallery-2\"><img loading=\"lazy\" decoding=\"async\" width=\"245\" height=\"184\" src=\"https:\/\/police-car.com\/website\/wp-content\/uploads\/2019\/06\/IMG_7439-245x184.jpg\" class=\"attachment-thumbnail size-thumbnail\" alt=\"\" srcset=\"https:\/\/police-car.com\/website\/wp-content\/uploads\/2019\/06\/IMG_7439-245x184.jpg 245w, https:\/\/police-car.com\/website\/wp-content\/uploads\/2019\/06\/IMG_7439-300x225.jpg 300w, https:\/\/police-car.com\/website\/wp-content\/uploads\/2019\/06\/IMG_7439.jpg 1024w\" sizes=\"auto, (max-width: 245px) 100vw, 245px\" \/><\/a>\n\t\t\t<\/dt><\/dl><br style=\"clear: both\" \/><dl class='gallery-item'>\n\t\t\t<dt class='gallery-icon landscape'>\n\t\t\t\t<a href='https:\/\/police-car.com\/website\/wp-content\/uploads\/2019\/06\/IMG_7441.jpg' title=\"\" data-rl_title=\"\" class=\"rl-gallery-link\" data-rl_caption=\"\" data-rel=\"lightbox-gallery-2\"><img loading=\"lazy\" decoding=\"async\" width=\"245\" height=\"184\" src=\"https:\/\/police-car.com\/website\/wp-content\/uploads\/2019\/06\/IMG_7441-245x184.jpg\" class=\"attachment-thumbnail size-thumbnail\" alt=\"\" srcset=\"https:\/\/police-car.com\/website\/wp-content\/uploads\/2019\/06\/IMG_7441-245x184.jpg 245w, https:\/\/police-car.com\/website\/wp-content\/uploads\/2019\/06\/IMG_7441-300x225.jpg 300w, https:\/\/police-car.com\/website\/wp-content\/uploads\/2019\/06\/IMG_7441.jpg 1024w\" sizes=\"auto, (max-width: 245px) 100vw, 245px\" \/><\/a>\n\t\t\t<\/dt><\/dl><dl class='gallery-item'>\n\t\t\t<dt class='gallery-icon landscape'>\n\t\t\t\t<a href='https:\/\/police-car.com\/website\/wp-content\/uploads\/2019\/06\/IMG_7435.jpg' title=\"\" data-rl_title=\"\" class=\"rl-gallery-link\" data-rl_caption=\"\" data-rel=\"lightbox-gallery-2\"><img loading=\"lazy\" decoding=\"async\" width=\"245\" height=\"184\" src=\"https:\/\/police-car.com\/website\/wp-content\/uploads\/2019\/06\/IMG_7435-245x184.jpg\" class=\"attachment-thumbnail size-thumbnail\" alt=\"\" srcset=\"https:\/\/police-car.com\/website\/wp-content\/uploads\/2019\/06\/IMG_7435-245x184.jpg 245w, https:\/\/police-car.com\/website\/wp-content\/uploads\/2019\/06\/IMG_7435-300x225.jpg 300w, https:\/\/police-car.com\/website\/wp-content\/uploads\/2019\/06\/IMG_7435.jpg 1024w\" sizes=\"auto, (max-width: 245px) 100vw, 245px\" \/><\/a>\n\t\t\t<\/dt><\/dl><dl class='gallery-item'>\n\t\t\t<dt class='gallery-icon landscape'>\n\t\t\t\t<a href='https:\/\/police-car.com\/website\/wp-content\/uploads\/2019\/06\/IMG_7436.jpg' title=\"\" data-rl_title=\"\" class=\"rl-gallery-link\" data-rl_caption=\"\" data-rel=\"lightbox-gallery-2\"><img loading=\"lazy\" decoding=\"async\" width=\"245\" height=\"184\" src=\"https:\/\/police-car.com\/website\/wp-content\/uploads\/2019\/06\/IMG_7436-245x184.jpg\" class=\"attachment-thumbnail size-thumbnail\" alt=\"\" srcset=\"https:\/\/police-car.com\/website\/wp-content\/uploads\/2019\/06\/IMG_7436-245x184.jpg 245w, https:\/\/police-car.com\/website\/wp-content\/uploads\/2019\/06\/IMG_7436-300x225.jpg 300w, https:\/\/police-car.com\/website\/wp-content\/uploads\/2019\/06\/IMG_7436.jpg 1024w\" sizes=\"auto, (max-width: 245px) 100vw, 245px\" \/><\/a>\n\t\t\t<\/dt><\/dl><br style=\"clear: both\" \/>\n\t\t<\/div>\n\n","protected":false},"excerpt":{"rendered":"<p>Nach drei Jahren Pause lud uns der Verein \u201eSicher-Miteinander e.V.\u201c wieder zu seiner Blaulichtmeile nach M\u00f6nchengladbach ein. Dieses Jahr fand die Meile an einem v\u00f6llig neuen Veranstaltungsort in der M\u00f6nchengladbacher Innenstadt statt. Unser Stellplatz h\u00e4tte&#8230;<\/p>\n","protected":false},"author":3,"featured_media":0,"parent":0,"menu_order":0,"comment_status":"closed","ping_status":"closed","template":"","meta":{"footnotes":""},"class_list":["post-3796","page","type-page","status-publish","hentry"],"_links":{"self":[{"href":"https:\/\/police-car.com\/website\/wp-json\/wp\/v2\/pages\/3796","targetHints":{"allow":["GET"]}}],"collection":[{"href":"https:\/\/police-car.com\/website\/wp-json\/wp\/v2\/pages"}],"about":[{"href":"https:\/\/police-car.com\/website\/wp-json\/wp\/v2\/types\/page"}],"author":[{"embeddable":true,"href":"https:\/\/police-car.com\/website\/wp-json\/wp\/v2\/users\/3"}],"replies":[{"embeddable":true,"href":"https:\/\/police-car.com\/website\/wp-json\/wp\/v2\/comments?post=3796"}],"version-history":[{"count":5,"href":"https:\/\/police-car.com\/website\/wp-json\/wp\/v2\/pages\/3796\/revisions"}],"predecessor-version":[{"id":4158,"href":"https:\/\/police-car.com\/website\/wp-json\/wp\/v2\/pages\/3796\/revisions\/4158"}],"wp:attachment":[{"href":"https:\/\/police-car.com\/website\/wp-json\/wp\/v2\/media?parent=3796"}],"curies":[{"name":"wp","href":"https:\/\/api.w.org\/{rel}","templated":true}]}}