{"id":3851,"date":"2020-01-20T20:46:27","date_gmt":"2020-01-20T19:46:27","guid":{"rendered":"http:\/\/pcooa-ev.de\/website\/?page_id=3851"},"modified":"2021-12-12T16:28:29","modified_gmt":"2021-12-12T15:28:29","slug":"2-american-horsepower-show-dinslaken-30-06-2019","status":"publish","type":"page","link":"https:\/\/police-car.com\/website\/2-american-horsepower-show-dinslaken-30-06-2019\/","title":{"rendered":"2. American Horsepower Show Dinslaken 30.06.2019"},"content":{"rendered":"<p>Die Folge der gelungenen Premiere im letzten Jahr zum 10-j\u00e4hrigen Jubil\u00e4um des AmeriCar US-Car Online-Magazins f\u00fchrte folgerichtig zu einer erneuten Horsepower Show in Dinslaken. Erneut nutzen wir die Chance den interessierten Besuchern an unserem Stand und auf der Pr\u00e4sentationsb\u00fchne verschiedenen US Police vorzustellen. Dabei bot die Trabrennbahn wieder eine gute Kulisse, um die amerikanische Horsepower zu zeigen.<\/p>\n<div id='gallery-2' class='gallery galleryid-3851 gallery-columns-3 gallery-size-thumbnail'><dl class='gallery-item'>\n\t\t\t<dt class='gallery-icon landscape'>\n\t\t\t\t<a href='https:\/\/police-car.com\/website\/wp-content\/uploads\/2020\/01\/ERBX7644.jpg' title=\"\" data-rl_title=\"\" class=\"rl-gallery-link\" data-rl_caption=\"\" data-rel=\"lightbox-gallery-2\"><img loading=\"lazy\" decoding=\"async\" width=\"245\" height=\"184\" src=\"https:\/\/police-car.com\/website\/wp-content\/uploads\/2020\/01\/ERBX7644-245x184.jpg\" class=\"attachment-thumbnail size-thumbnail\" alt=\"\" srcset=\"https:\/\/police-car.com\/website\/wp-content\/uploads\/2020\/01\/ERBX7644-245x184.jpg 245w, https:\/\/police-car.com\/website\/wp-content\/uploads\/2020\/01\/ERBX7644-300x225.jpg 300w, https:\/\/police-car.com\/website\/wp-content\/uploads\/2020\/01\/ERBX7644.jpg 1024w\" sizes=\"auto, (max-width: 245px) 100vw, 245px\" \/><\/a>\n\t\t\t<\/dt><\/dl><dl class='gallery-item'>\n\t\t\t<dt class='gallery-icon landscape'>\n\t\t\t\t<a href='https:\/\/police-car.com\/website\/wp-content\/uploads\/2020\/01\/FWIO8588.jpg' title=\"\" data-rl_title=\"\" class=\"rl-gallery-link\" data-rl_caption=\"\" data-rel=\"lightbox-gallery-2\"><img loading=\"lazy\" decoding=\"async\" width=\"245\" height=\"184\" src=\"https:\/\/police-car.com\/website\/wp-content\/uploads\/2020\/01\/FWIO8588-245x184.jpg\" class=\"attachment-thumbnail size-thumbnail\" alt=\"\" srcset=\"https:\/\/police-car.com\/website\/wp-content\/uploads\/2020\/01\/FWIO8588-245x184.jpg 245w, https:\/\/police-car.com\/website\/wp-content\/uploads\/2020\/01\/FWIO8588-300x225.jpg 300w, https:\/\/police-car.com\/website\/wp-content\/uploads\/2020\/01\/FWIO8588.jpg 1024w\" sizes=\"auto, (max-width: 245px) 100vw, 245px\" \/><\/a>\n\t\t\t<\/dt><\/dl><dl class='gallery-item'>\n\t\t\t<dt class='gallery-icon landscape'>\n\t\t\t\t<a href='https:\/\/police-car.com\/website\/wp-content\/uploads\/2020\/01\/AGQL7382.jpg' title=\"\" data-rl_title=\"\" class=\"rl-gallery-link\" data-rl_caption=\"\" data-rel=\"lightbox-gallery-2\"><img loading=\"lazy\" decoding=\"async\" width=\"245\" height=\"184\" src=\"https:\/\/police-car.com\/website\/wp-content\/uploads\/2020\/01\/AGQL7382-245x184.jpg\" class=\"attachment-thumbnail size-thumbnail\" alt=\"\" srcset=\"https:\/\/police-car.com\/website\/wp-content\/uploads\/2020\/01\/AGQL7382-245x184.jpg 245w, https:\/\/police-car.com\/website\/wp-content\/uploads\/2020\/01\/AGQL7382-300x225.jpg 300w, https:\/\/police-car.com\/website\/wp-content\/uploads\/2020\/01\/AGQL7382.jpg 1024w\" sizes=\"auto, (max-width: 245px) 100vw, 245px\" \/><\/a>\n\t\t\t<\/dt><\/dl><br style=\"clear: both\" \/><dl class='gallery-item'>\n\t\t\t<dt class='gallery-icon portrait'>\n\t\t\t\t<a href='https:\/\/police-car.com\/website\/wp-content\/uploads\/2020\/01\/EOWA8119.jpg' title=\"\" data-rl_title=\"\" class=\"rl-gallery-link\" data-rl_caption=\"\" data-rel=\"lightbox-gallery-2\"><img loading=\"lazy\" decoding=\"async\" width=\"245\" height=\"184\" src=\"https:\/\/police-car.com\/website\/wp-content\/uploads\/2020\/01\/EOWA8119-245x184.jpg\" class=\"attachment-thumbnail size-thumbnail\" alt=\"\" \/><\/a>\n\t\t\t<\/dt><\/dl><dl class='gallery-item'>\n\t\t\t<dt class='gallery-icon landscape'>\n\t\t\t\t<a href='https:\/\/police-car.com\/website\/wp-content\/uploads\/2020\/01\/PHOTO-2019-06-30-15-00-05.jpg' title=\"\" data-rl_title=\"\" class=\"rl-gallery-link\" data-rl_caption=\"\" data-rel=\"lightbox-gallery-2\"><img loading=\"lazy\" decoding=\"async\" width=\"245\" height=\"184\" src=\"https:\/\/police-car.com\/website\/wp-content\/uploads\/2020\/01\/PHOTO-2019-06-30-15-00-05-245x184.jpg\" class=\"attachment-thumbnail size-thumbnail\" alt=\"\" srcset=\"https:\/\/police-car.com\/website\/wp-content\/uploads\/2020\/01\/PHOTO-2019-06-30-15-00-05-245x184.jpg 245w, https:\/\/police-car.com\/website\/wp-content\/uploads\/2020\/01\/PHOTO-2019-06-30-15-00-05-300x225.jpg 300w, https:\/\/police-car.com\/website\/wp-content\/uploads\/2020\/01\/PHOTO-2019-06-30-15-00-05.jpg 1024w\" sizes=\"auto, (max-width: 245px) 100vw, 245px\" \/><\/a>\n\t\t\t<\/dt><\/dl><dl class='gallery-item'>\n\t\t\t<dt class='gallery-icon landscape'>\n\t\t\t\t<a href='https:\/\/police-car.com\/website\/wp-content\/uploads\/2020\/01\/PHOTO-2019-06-30-15-00-05-2.jpg' title=\"\" data-rl_title=\"\" class=\"rl-gallery-link\" data-rl_caption=\"\" data-rel=\"lightbox-gallery-2\"><img loading=\"lazy\" decoding=\"async\" width=\"245\" height=\"184\" src=\"https:\/\/police-car.com\/website\/wp-content\/uploads\/2020\/01\/PHOTO-2019-06-30-15-00-05-2-245x184.jpg\" class=\"attachment-thumbnail size-thumbnail\" alt=\"\" srcset=\"https:\/\/police-car.com\/website\/wp-content\/uploads\/2020\/01\/PHOTO-2019-06-30-15-00-05-2-245x184.jpg 245w, https:\/\/police-car.com\/website\/wp-content\/uploads\/2020\/01\/PHOTO-2019-06-30-15-00-05-2-300x225.jpg 300w, https:\/\/police-car.com\/website\/wp-content\/uploads\/2020\/01\/PHOTO-2019-06-30-15-00-05-2.jpg 1024w\" sizes=\"auto, (max-width: 245px) 100vw, 245px\" \/><\/a>\n\t\t\t<\/dt><\/dl><br style=\"clear: both\" \/><dl class='gallery-item'>\n\t\t\t<dt class='gallery-icon landscape'>\n\t\t\t\t<a href='https:\/\/police-car.com\/website\/wp-content\/uploads\/2020\/01\/PHOTO-2019-06-30-15-00-06-2.jpg' title=\"\" data-rl_title=\"\" class=\"rl-gallery-link\" data-rl_caption=\"\" data-rel=\"lightbox-gallery-2\"><img loading=\"lazy\" decoding=\"async\" width=\"245\" height=\"184\" src=\"https:\/\/police-car.com\/website\/wp-content\/uploads\/2020\/01\/PHOTO-2019-06-30-15-00-06-2-245x184.jpg\" class=\"attachment-thumbnail size-thumbnail\" alt=\"\" srcset=\"https:\/\/police-car.com\/website\/wp-content\/uploads\/2020\/01\/PHOTO-2019-06-30-15-00-06-2-245x184.jpg 245w, https:\/\/police-car.com\/website\/wp-content\/uploads\/2020\/01\/PHOTO-2019-06-30-15-00-06-2-300x225.jpg 300w, https:\/\/police-car.com\/website\/wp-content\/uploads\/2020\/01\/PHOTO-2019-06-30-15-00-06-2.jpg 1024w\" sizes=\"auto, (max-width: 245px) 100vw, 245px\" \/><\/a>\n\t\t\t<\/dt><\/dl><dl class='gallery-item'>\n\t\t\t<dt class='gallery-icon landscape'>\n\t\t\t\t<a href='https:\/\/police-car.com\/website\/wp-content\/uploads\/2020\/01\/ANKH9395.jpg' title=\"\" data-rl_title=\"\" class=\"rl-gallery-link\" data-rl_caption=\"\" data-rel=\"lightbox-gallery-2\"><img loading=\"lazy\" decoding=\"async\" width=\"245\" height=\"184\" src=\"https:\/\/police-car.com\/website\/wp-content\/uploads\/2020\/01\/ANKH9395-245x184.jpg\" class=\"attachment-thumbnail size-thumbnail\" alt=\"\" srcset=\"https:\/\/police-car.com\/website\/wp-content\/uploads\/2020\/01\/ANKH9395-245x184.jpg 245w, https:\/\/police-car.com\/website\/wp-content\/uploads\/2020\/01\/ANKH9395-300x225.jpg 300w, https:\/\/police-car.com\/website\/wp-content\/uploads\/2020\/01\/ANKH9395.jpg 1024w\" sizes=\"auto, (max-width: 245px) 100vw, 245px\" \/><\/a>\n\t\t\t<\/dt><\/dl><dl class='gallery-item'>\n\t\t\t<dt class='gallery-icon landscape'>\n\t\t\t\t<a href='https:\/\/police-car.com\/website\/wp-content\/uploads\/2020\/01\/ATFR7464.jpg' title=\"\" data-rl_title=\"\" class=\"rl-gallery-link\" data-rl_caption=\"\" data-rel=\"lightbox-gallery-2\"><img loading=\"lazy\" decoding=\"async\" width=\"245\" height=\"184\" src=\"https:\/\/police-car.com\/website\/wp-content\/uploads\/2020\/01\/ATFR7464-245x184.jpg\" class=\"attachment-thumbnail size-thumbnail\" alt=\"\" srcset=\"https:\/\/police-car.com\/website\/wp-content\/uploads\/2020\/01\/ATFR7464-245x184.jpg 245w, https:\/\/police-car.com\/website\/wp-content\/uploads\/2020\/01\/ATFR7464-300x225.jpg 300w, https:\/\/police-car.com\/website\/wp-content\/uploads\/2020\/01\/ATFR7464.jpg 1024w\" sizes=\"auto, (max-width: 245px) 100vw, 245px\" \/><\/a>\n\t\t\t<\/dt><\/dl><br style=\"clear: both\" \/><dl class='gallery-item'>\n\t\t\t<dt class='gallery-icon landscape'>\n\t\t\t\t<a href='https:\/\/police-car.com\/website\/wp-content\/uploads\/2020\/01\/SUYD6856.jpg' title=\"\" data-rl_title=\"\" class=\"rl-gallery-link\" data-rl_caption=\"\" data-rel=\"lightbox-gallery-2\"><img loading=\"lazy\" decoding=\"async\" width=\"245\" height=\"184\" src=\"https:\/\/police-car.com\/website\/wp-content\/uploads\/2020\/01\/SUYD6856-245x184.jpg\" class=\"attachment-thumbnail size-thumbnail\" alt=\"\" srcset=\"https:\/\/police-car.com\/website\/wp-content\/uploads\/2020\/01\/SUYD6856-245x184.jpg 245w, https:\/\/police-car.com\/website\/wp-content\/uploads\/2020\/01\/SUYD6856-300x225.jpg 300w, https:\/\/police-car.com\/website\/wp-content\/uploads\/2020\/01\/SUYD6856.jpg 1024w\" sizes=\"auto, (max-width: 245px) 100vw, 245px\" \/><\/a>\n\t\t\t<\/dt><\/dl><dl class='gallery-item'>\n\t\t\t<dt class='gallery-icon landscape'>\n\t\t\t\t<a href='https:\/\/police-car.com\/website\/wp-content\/uploads\/2020\/01\/XDPK2191.jpg' title=\"\" data-rl_title=\"\" class=\"rl-gallery-link\" data-rl_caption=\"\" data-rel=\"lightbox-gallery-2\"><img loading=\"lazy\" decoding=\"async\" width=\"245\" height=\"184\" src=\"https:\/\/police-car.com\/website\/wp-content\/uploads\/2020\/01\/XDPK2191-245x184.jpg\" class=\"attachment-thumbnail size-thumbnail\" alt=\"\" srcset=\"https:\/\/police-car.com\/website\/wp-content\/uploads\/2020\/01\/XDPK2191-245x184.jpg 245w, https:\/\/police-car.com\/website\/wp-content\/uploads\/2020\/01\/XDPK2191-300x225.jpg 300w, https:\/\/police-car.com\/website\/wp-content\/uploads\/2020\/01\/XDPK2191.jpg 1024w\" sizes=\"auto, (max-width: 245px) 100vw, 245px\" \/><\/a>\n\t\t\t<\/dt><\/dl>\n\t\t\t<br style='clear: both' \/>\n\t\t<\/div>\n\n","protected":false},"excerpt":{"rendered":"<p>Die Folge der gelungenen Premiere im letzten Jahr zum 10-j\u00e4hrigen Jubil\u00e4um des AmeriCar US-Car Online-Magazins f\u00fchrte folgerichtig zu einer erneuten Horsepower Show in Dinslaken. Erneut nutzen wir die Chance den interessierten Besuchern an unserem Stand&#8230;<\/p>\n","protected":false},"author":3,"featured_media":0,"parent":0,"menu_order":0,"comment_status":"closed","ping_status":"closed","template":"","meta":{"footnotes":""},"class_list":["post-3851","page","type-page","status-publish","hentry"],"_links":{"self":[{"href":"https:\/\/police-car.com\/website\/wp-json\/wp\/v2\/pages\/3851","targetHints":{"allow":["GET"]}}],"collection":[{"href":"https:\/\/police-car.com\/website\/wp-json\/wp\/v2\/pages"}],"about":[{"href":"https:\/\/police-car.com\/website\/wp-json\/wp\/v2\/types\/page"}],"author":[{"embeddable":true,"href":"https:\/\/police-car.com\/website\/wp-json\/wp\/v2\/users\/3"}],"replies":[{"embeddable":true,"href":"https:\/\/police-car.com\/website\/wp-json\/wp\/v2\/comments?post=3851"}],"version-history":[{"count":4,"href":"https:\/\/police-car.com\/website\/wp-json\/wp\/v2\/pages\/3851\/revisions"}],"predecessor-version":[{"id":4153,"href":"https:\/\/police-car.com\/website\/wp-json\/wp\/v2\/pages\/3851\/revisions\/4153"}],"wp:attachment":[{"href":"https:\/\/police-car.com\/website\/wp-json\/wp\/v2\/media?parent=3851"}],"curies":[{"name":"wp","href":"https:\/\/api.w.org\/{rel}","templated":true}]}}