{"id":3858,"date":"2020-01-20T21:02:13","date_gmt":"2020-01-20T20:02:13","guid":{"rendered":"http:\/\/pcooa-ev.de\/website\/?page_id=3858"},"modified":"2021-12-12T16:29:13","modified_gmt":"2021-12-12T15:29:13","slug":"sommerfest-des-zollfahndungsamt-hamburg-20-06-2019","status":"publish","type":"page","link":"https:\/\/police-car.com\/website\/sommerfest-des-zollfahndungsamt-hamburg-20-06-2019\/","title":{"rendered":"Sommerfest des Zollfahndungsamt &#8211; Hamburg 20.06.2019"},"content":{"rendered":"<p>Im Juni 2019 unterst\u00fctzten wir erneut sehr gerne das beh\u00f6rdeninterne Sommerfest des Zollfahndungsamt Hamburg. Was vor einigen Jahren begann, ist mittlerweile schon zu einer liebgewonnen Tradition geworden. Als besonderes Erlebnis dieses Sommerfestes wird unseren Mitgliedern sicherlich das Zusammentreffen mit Beamten der U.S. Customs and Border Protection in Erinnerung bleiben, die \u00fcber ihre Eins\u00e4tze in einem Modell unserer ausgestellten Fahrzeuge berichteten. Wir bedanken uns beim Zollfahndungsamt Hamburg f\u00fcr die tolle Gastfreundschaft und freuen uns darauf, das Sommerfest auch in Zukunft zu unterst\u00fctzen.<\/p>\n<div id='gallery-2' class='gallery galleryid-3858 gallery-columns-3 gallery-size-thumbnail'><dl class='gallery-item'>\n\t\t\t<dt class='gallery-icon landscape'>\n\t\t\t\t<a href='https:\/\/police-car.com\/website\/wp-content\/uploads\/2020\/01\/IMG_8041.jpg' title=\"\" data-rl_title=\"\" class=\"rl-gallery-link\" data-rl_caption=\"\" data-rel=\"lightbox-gallery-2\"><img loading=\"lazy\" decoding=\"async\" width=\"245\" height=\"184\" src=\"https:\/\/police-car.com\/website\/wp-content\/uploads\/2020\/01\/IMG_8041-245x184.jpg\" class=\"attachment-thumbnail size-thumbnail\" alt=\"\" srcset=\"https:\/\/police-car.com\/website\/wp-content\/uploads\/2020\/01\/IMG_8041-245x184.jpg 245w, https:\/\/police-car.com\/website\/wp-content\/uploads\/2020\/01\/IMG_8041-300x225.jpg 300w, https:\/\/police-car.com\/website\/wp-content\/uploads\/2020\/01\/IMG_8041.jpg 1024w\" sizes=\"auto, (max-width: 245px) 100vw, 245px\" \/><\/a>\n\t\t\t<\/dt><\/dl><dl class='gallery-item'>\n\t\t\t<dt class='gallery-icon landscape'>\n\t\t\t\t<a href='https:\/\/police-car.com\/website\/wp-content\/uploads\/2020\/01\/IMG_8050.jpg' title=\"\" data-rl_title=\"\" class=\"rl-gallery-link\" data-rl_caption=\"\" data-rel=\"lightbox-gallery-2\"><img loading=\"lazy\" decoding=\"async\" width=\"245\" height=\"184\" src=\"https:\/\/police-car.com\/website\/wp-content\/uploads\/2020\/01\/IMG_8050-245x184.jpg\" class=\"attachment-thumbnail size-thumbnail\" alt=\"\" srcset=\"https:\/\/police-car.com\/website\/wp-content\/uploads\/2020\/01\/IMG_8050-245x184.jpg 245w, https:\/\/police-car.com\/website\/wp-content\/uploads\/2020\/01\/IMG_8050-300x225.jpg 300w, https:\/\/police-car.com\/website\/wp-content\/uploads\/2020\/01\/IMG_8050.jpg 1024w\" sizes=\"auto, (max-width: 245px) 100vw, 245px\" \/><\/a>\n\t\t\t<\/dt><\/dl><dl class='gallery-item'>\n\t\t\t<dt class='gallery-icon landscape'>\n\t\t\t\t<a href='https:\/\/police-car.com\/website\/wp-content\/uploads\/2020\/01\/IMG_8043.jpg' title=\"\" data-rl_title=\"\" class=\"rl-gallery-link\" data-rl_caption=\"\" data-rel=\"lightbox-gallery-2\"><img loading=\"lazy\" decoding=\"async\" width=\"245\" height=\"184\" src=\"https:\/\/police-car.com\/website\/wp-content\/uploads\/2020\/01\/IMG_8043-245x184.jpg\" class=\"attachment-thumbnail size-thumbnail\" alt=\"\" srcset=\"https:\/\/police-car.com\/website\/wp-content\/uploads\/2020\/01\/IMG_8043-245x184.jpg 245w, https:\/\/police-car.com\/website\/wp-content\/uploads\/2020\/01\/IMG_8043-300x225.jpg 300w, https:\/\/police-car.com\/website\/wp-content\/uploads\/2020\/01\/IMG_8043.jpg 1024w\" sizes=\"auto, (max-width: 245px) 100vw, 245px\" \/><\/a>\n\t\t\t<\/dt><\/dl><br style=\"clear: both\" \/><dl class='gallery-item'>\n\t\t\t<dt class='gallery-icon portrait'>\n\t\t\t\t<a href='https:\/\/police-car.com\/website\/wp-content\/uploads\/2020\/01\/IMG_8044.jpg' title=\"\" data-rl_title=\"\" class=\"rl-gallery-link\" data-rl_caption=\"\" data-rel=\"lightbox-gallery-2\"><img loading=\"lazy\" decoding=\"async\" width=\"245\" height=\"184\" src=\"https:\/\/police-car.com\/website\/wp-content\/uploads\/2020\/01\/IMG_8044-245x184.jpg\" class=\"attachment-thumbnail size-thumbnail\" alt=\"\" \/><\/a>\n\t\t\t<\/dt><\/dl><dl class='gallery-item'>\n\t\t\t<dt class='gallery-icon landscape'>\n\t\t\t\t<a href='https:\/\/police-car.com\/website\/wp-content\/uploads\/2020\/01\/IMG_8048.jpg' title=\"\" data-rl_title=\"\" class=\"rl-gallery-link\" data-rl_caption=\"\" data-rel=\"lightbox-gallery-2\"><img loading=\"lazy\" decoding=\"async\" width=\"245\" height=\"184\" src=\"https:\/\/police-car.com\/website\/wp-content\/uploads\/2020\/01\/IMG_8048-245x184.jpg\" class=\"attachment-thumbnail size-thumbnail\" alt=\"\" srcset=\"https:\/\/police-car.com\/website\/wp-content\/uploads\/2020\/01\/IMG_8048-245x184.jpg 245w, https:\/\/police-car.com\/website\/wp-content\/uploads\/2020\/01\/IMG_8048-300x225.jpg 300w, https:\/\/police-car.com\/website\/wp-content\/uploads\/2020\/01\/IMG_8048.jpg 1024w\" sizes=\"auto, (max-width: 245px) 100vw, 245px\" \/><\/a>\n\t\t\t<\/dt><\/dl>\n\t\t\t<br style='clear: both' \/>\n\t\t<\/div>\n\n","protected":false},"excerpt":{"rendered":"<p>Im Juni 2019 unterst\u00fctzten wir erneut sehr gerne das beh\u00f6rdeninterne Sommerfest des Zollfahndungsamt Hamburg. Was vor einigen Jahren begann, ist mittlerweile schon zu einer liebgewonnen Tradition geworden. Als besonderes Erlebnis dieses Sommerfestes wird unseren Mitgliedern&#8230;<\/p>\n","protected":false},"author":3,"featured_media":0,"parent":0,"menu_order":0,"comment_status":"closed","ping_status":"closed","template":"","meta":{"footnotes":""},"class_list":["post-3858","page","type-page","status-publish","hentry"],"_links":{"self":[{"href":"https:\/\/police-car.com\/website\/wp-json\/wp\/v2\/pages\/3858","targetHints":{"allow":["GET"]}}],"collection":[{"href":"https:\/\/police-car.com\/website\/wp-json\/wp\/v2\/pages"}],"about":[{"href":"https:\/\/police-car.com\/website\/wp-json\/wp\/v2\/types\/page"}],"author":[{"embeddable":true,"href":"https:\/\/police-car.com\/website\/wp-json\/wp\/v2\/users\/3"}],"replies":[{"embeddable":true,"href":"https:\/\/police-car.com\/website\/wp-json\/wp\/v2\/comments?post=3858"}],"version-history":[{"count":6,"href":"https:\/\/police-car.com\/website\/wp-json\/wp\/v2\/pages\/3858\/revisions"}],"predecessor-version":[{"id":4155,"href":"https:\/\/police-car.com\/website\/wp-json\/wp\/v2\/pages\/3858\/revisions\/4155"}],"wp:attachment":[{"href":"https:\/\/police-car.com\/website\/wp-json\/wp\/v2\/media?parent=3858"}],"curies":[{"name":"wp","href":"https:\/\/api.w.org\/{rel}","templated":true}]}}