{"id":3861,"date":"2019-08-13T15:34:11","date_gmt":"2019-08-13T14:34:11","guid":{"rendered":"http:\/\/pcooa-ev.de\/website\/?page_id=3861"},"modified":"2021-12-12T16:32:13","modified_gmt":"2021-12-12T15:32:13","slug":"sommerfest-des-zollfahndungsamt-hamburg-30-08-2018","status":"publish","type":"page","link":"https:\/\/police-car.com\/website\/sommerfest-des-zollfahndungsamt-hamburg-30-08-2018\/","title":{"rendered":"Sommerfest des Zollfahndungsamt &#8211; Hamburg 30.08.2018"},"content":{"rendered":"<p>Leider bei Regen, statt Sonnenschein fand im August das beh\u00f6rdeninterne Sommerfest des Zollfahndungsamt Hamburg statt. Der durchweg guten Stimmung tat das schlechte Wetter jedoch keinen Abbruch. Ein besonders erw\u00e4hnenswertes Highlight f\u00fcr unsere Mitglieder war die dargebotene \u00dcbung einer Spezialeinheit des Zollfahndungsamt Hamburg.<\/p>\n<div id='gallery-2' class='gallery galleryid-3861 gallery-columns-3 gallery-size-thumbnail'><dl class='gallery-item'>\n\t\t\t<dt class='gallery-icon landscape'>\n\t\t\t\t<a href='https:\/\/police-car.com\/website\/wp-content\/uploads\/2019\/08\/IMG_6688.jpg' title=\"\" data-rl_title=\"\" class=\"rl-gallery-link\" data-rl_caption=\"\" data-rel=\"lightbox-gallery-2\"><img loading=\"lazy\" decoding=\"async\" width=\"245\" height=\"184\" src=\"https:\/\/police-car.com\/website\/wp-content\/uploads\/2019\/08\/IMG_6688-245x184.jpg\" class=\"attachment-thumbnail size-thumbnail\" alt=\"\" srcset=\"https:\/\/police-car.com\/website\/wp-content\/uploads\/2019\/08\/IMG_6688-245x184.jpg 245w, https:\/\/police-car.com\/website\/wp-content\/uploads\/2019\/08\/IMG_6688-300x225.jpg 300w, https:\/\/police-car.com\/website\/wp-content\/uploads\/2019\/08\/IMG_6688.jpg 1024w\" sizes=\"auto, (max-width: 245px) 100vw, 245px\" \/><\/a>\n\t\t\t<\/dt><\/dl><dl class='gallery-item'>\n\t\t\t<dt class='gallery-icon landscape'>\n\t\t\t\t<a href='https:\/\/police-car.com\/website\/wp-content\/uploads\/2019\/08\/IMG_6704.jpg' title=\"\" data-rl_title=\"\" class=\"rl-gallery-link\" data-rl_caption=\"\" data-rel=\"lightbox-gallery-2\"><img loading=\"lazy\" decoding=\"async\" width=\"245\" height=\"184\" src=\"https:\/\/police-car.com\/website\/wp-content\/uploads\/2019\/08\/IMG_6704-245x184.jpg\" class=\"attachment-thumbnail size-thumbnail\" alt=\"\" srcset=\"https:\/\/police-car.com\/website\/wp-content\/uploads\/2019\/08\/IMG_6704-245x184.jpg 245w, https:\/\/police-car.com\/website\/wp-content\/uploads\/2019\/08\/IMG_6704-300x225.jpg 300w, https:\/\/police-car.com\/website\/wp-content\/uploads\/2019\/08\/IMG_6704.jpg 1024w\" sizes=\"auto, (max-width: 245px) 100vw, 245px\" \/><\/a>\n\t\t\t<\/dt><\/dl><dl class='gallery-item'>\n\t\t\t<dt class='gallery-icon landscape'>\n\t\t\t\t<a href='https:\/\/police-car.com\/website\/wp-content\/uploads\/2019\/08\/IMG_6709.jpg' title=\"\" data-rl_title=\"\" class=\"rl-gallery-link\" data-rl_caption=\"\" data-rel=\"lightbox-gallery-2\"><img loading=\"lazy\" decoding=\"async\" width=\"245\" height=\"184\" src=\"https:\/\/police-car.com\/website\/wp-content\/uploads\/2019\/08\/IMG_6709-245x184.jpg\" class=\"attachment-thumbnail size-thumbnail\" alt=\"\" srcset=\"https:\/\/police-car.com\/website\/wp-content\/uploads\/2019\/08\/IMG_6709-245x184.jpg 245w, https:\/\/police-car.com\/website\/wp-content\/uploads\/2019\/08\/IMG_6709-300x225.jpg 300w, https:\/\/police-car.com\/website\/wp-content\/uploads\/2019\/08\/IMG_6709.jpg 1024w\" sizes=\"auto, (max-width: 245px) 100vw, 245px\" \/><\/a>\n\t\t\t<\/dt><\/dl><br style=\"clear: both\" \/><dl class='gallery-item'>\n\t\t\t<dt class='gallery-icon landscape'>\n\t\t\t\t<a href='https:\/\/police-car.com\/website\/wp-content\/uploads\/2019\/08\/IMG_6658.jpg' title=\"\" data-rl_title=\"\" class=\"rl-gallery-link\" data-rl_caption=\"\" data-rel=\"lightbox-gallery-2\"><img loading=\"lazy\" decoding=\"async\" width=\"245\" height=\"184\" src=\"https:\/\/police-car.com\/website\/wp-content\/uploads\/2019\/08\/IMG_6658-245x184.jpg\" class=\"attachment-thumbnail size-thumbnail\" alt=\"\" srcset=\"https:\/\/police-car.com\/website\/wp-content\/uploads\/2019\/08\/IMG_6658-245x184.jpg 245w, https:\/\/police-car.com\/website\/wp-content\/uploads\/2019\/08\/IMG_6658-300x225.jpg 300w, https:\/\/police-car.com\/website\/wp-content\/uploads\/2019\/08\/IMG_6658.jpg 1024w\" sizes=\"auto, (max-width: 245px) 100vw, 245px\" \/><\/a>\n\t\t\t<\/dt><\/dl><dl class='gallery-item'>\n\t\t\t<dt class='gallery-icon landscape'>\n\t\t\t\t<a href='https:\/\/police-car.com\/website\/wp-content\/uploads\/2019\/08\/IMG_6651.jpg' title=\"\" data-rl_title=\"\" class=\"rl-gallery-link\" data-rl_caption=\"\" data-rel=\"lightbox-gallery-2\"><img loading=\"lazy\" decoding=\"async\" width=\"245\" height=\"184\" src=\"https:\/\/police-car.com\/website\/wp-content\/uploads\/2019\/08\/IMG_6651-245x184.jpg\" class=\"attachment-thumbnail size-thumbnail\" alt=\"\" srcset=\"https:\/\/police-car.com\/website\/wp-content\/uploads\/2019\/08\/IMG_6651-245x184.jpg 245w, https:\/\/police-car.com\/website\/wp-content\/uploads\/2019\/08\/IMG_6651-300x225.jpg 300w, https:\/\/police-car.com\/website\/wp-content\/uploads\/2019\/08\/IMG_6651.jpg 1024w\" sizes=\"auto, (max-width: 245px) 100vw, 245px\" \/><\/a>\n\t\t\t<\/dt><\/dl><dl class='gallery-item'>\n\t\t\t<dt class='gallery-icon landscape'>\n\t\t\t\t<a href='https:\/\/police-car.com\/website\/wp-content\/uploads\/2019\/08\/IMG_6652.jpg' title=\"\" data-rl_title=\"\" class=\"rl-gallery-link\" data-rl_caption=\"\" data-rel=\"lightbox-gallery-2\"><img loading=\"lazy\" decoding=\"async\" width=\"245\" height=\"184\" src=\"https:\/\/police-car.com\/website\/wp-content\/uploads\/2019\/08\/IMG_6652-245x184.jpg\" class=\"attachment-thumbnail size-thumbnail\" alt=\"\" srcset=\"https:\/\/police-car.com\/website\/wp-content\/uploads\/2019\/08\/IMG_6652-245x184.jpg 245w, https:\/\/police-car.com\/website\/wp-content\/uploads\/2019\/08\/IMG_6652-300x225.jpg 300w, https:\/\/police-car.com\/website\/wp-content\/uploads\/2019\/08\/IMG_6652.jpg 1024w\" sizes=\"auto, (max-width: 245px) 100vw, 245px\" \/><\/a>\n\t\t\t<\/dt><\/dl><br style=\"clear: both\" \/><dl class='gallery-item'>\n\t\t\t<dt class='gallery-icon landscape'>\n\t\t\t\t<a href='https:\/\/police-car.com\/website\/wp-content\/uploads\/2019\/08\/IMG_6656.jpg' title=\"\" data-rl_title=\"\" class=\"rl-gallery-link\" data-rl_caption=\"\" data-rel=\"lightbox-gallery-2\"><img loading=\"lazy\" decoding=\"async\" width=\"245\" height=\"184\" src=\"https:\/\/police-car.com\/website\/wp-content\/uploads\/2019\/08\/IMG_6656-245x184.jpg\" class=\"attachment-thumbnail size-thumbnail\" alt=\"\" srcset=\"https:\/\/police-car.com\/website\/wp-content\/uploads\/2019\/08\/IMG_6656-245x184.jpg 245w, https:\/\/police-car.com\/website\/wp-content\/uploads\/2019\/08\/IMG_6656-300x225.jpg 300w, https:\/\/police-car.com\/website\/wp-content\/uploads\/2019\/08\/IMG_6656.jpg 1024w\" sizes=\"auto, (max-width: 245px) 100vw, 245px\" \/><\/a>\n\t\t\t<\/dt><\/dl>\n\t\t\t<br style='clear: both' \/>\n\t\t<\/div>\n\n","protected":false},"excerpt":{"rendered":"<p>Leider bei Regen, statt Sonnenschein fand im August das beh\u00f6rdeninterne Sommerfest des Zollfahndungsamt Hamburg statt. Der durchweg guten Stimmung tat das schlechte Wetter jedoch keinen Abbruch. Ein besonders erw\u00e4hnenswertes Highlight f\u00fcr unsere Mitglieder war die&#8230;<\/p>\n","protected":false},"author":3,"featured_media":0,"parent":0,"menu_order":0,"comment_status":"closed","ping_status":"closed","template":"","meta":{"footnotes":""},"class_list":["post-3861","page","type-page","status-publish","hentry"],"_links":{"self":[{"href":"https:\/\/police-car.com\/website\/wp-json\/wp\/v2\/pages\/3861","targetHints":{"allow":["GET"]}}],"collection":[{"href":"https:\/\/police-car.com\/website\/wp-json\/wp\/v2\/pages"}],"about":[{"href":"https:\/\/police-car.com\/website\/wp-json\/wp\/v2\/types\/page"}],"author":[{"embeddable":true,"href":"https:\/\/police-car.com\/website\/wp-json\/wp\/v2\/users\/3"}],"replies":[{"embeddable":true,"href":"https:\/\/police-car.com\/website\/wp-json\/wp\/v2\/comments?post=3861"}],"version-history":[{"count":4,"href":"https:\/\/police-car.com\/website\/wp-json\/wp\/v2\/pages\/3861\/revisions"}],"predecessor-version":[{"id":4162,"href":"https:\/\/police-car.com\/website\/wp-json\/wp\/v2\/pages\/3861\/revisions\/4162"}],"wp:attachment":[{"href":"https:\/\/police-car.com\/website\/wp-json\/wp\/v2\/media?parent=3861"}],"curies":[{"name":"wp","href":"https:\/\/api.w.org\/{rel}","templated":true}]}}