{"id":4029,"date":"2020-12-06T15:37:06","date_gmt":"2020-12-06T14:37:06","guid":{"rendered":"https:\/\/police-car.com\/website\/?page_id=4029"},"modified":"2025-01-09T04:27:40","modified_gmt":"2025-01-09T03:27:40","slug":"downloads","status":"publish","type":"page","link":"https:\/\/police-car.com\/website\/downloads\/","title":{"rendered":"Downloads"},"content":{"rendered":"<p>Unser aktueller Vereinsflyer zum downloaden:<\/p>\n<p><a href=\"https:\/\/www.police-car.com\/downloads\/PCOOAFlyer.pdf\"><img loading=\"lazy\" decoding=\"async\" class=\"alignnone wp-image-4059 size-large\" src=\"https:\/\/police-car.com\/website\/wp-content\/uploads\/2020\/12\/Link-Flyer-1024x486.jpg\" alt=\"click!\" width=\"1024\" height=\"486\" srcset=\"https:\/\/police-car.com\/website\/wp-content\/uploads\/2020\/12\/Link-Flyer-1024x486.jpg 1024w, https:\/\/police-car.com\/website\/wp-content\/uploads\/2020\/12\/Link-Flyer-300x142.jpg 300w, https:\/\/police-car.com\/website\/wp-content\/uploads\/2020\/12\/Link-Flyer.jpg 1190w\" sizes=\"auto, (max-width: 1024px) 100vw, 1024px\" \/><\/a><\/p>\n<hr \/>\n<p>Die Verwendung der Bilder ist nur f\u00fcr den privaten Gebrauch gestattet. Eine gewerbliche Verwendung ist untersagt! Sie d\u00fcrfen weder abge\u00e4ndert, noch d\u00fcrfen Ausschnitte raus kopiert werden.<br \/>\nDas Urheberrecht liegt beim Police Car Owners of America European Chapter e.V.<\/p>\n<p>Zum Download bitte auf das jeweilige Bild klicken.<\/p>\n<p><a href=\"https:\/\/www.police-car.com\/downloads\/poster\/American-Classic-Meets-European-Hightech.zip\"><img loading=\"lazy\" decoding=\"async\" class=\"alignnone wp-image-4037 size-full\" src=\"https:\/\/police-car.com\/website\/wp-content\/uploads\/2020\/12\/CHPheli.jpg\" alt=\"\" width=\"746\" height=\"527\" srcset=\"https:\/\/police-car.com\/website\/wp-content\/uploads\/2020\/12\/CHPheli-300x213.jpg 300w, https:\/\/police-car.com\/website\/wp-content\/uploads\/2020\/12\/CHPheli-750x530.jpg 750w, https:\/\/police-car.com\/website\/wp-content\/uploads\/2020\/12\/CHPheli-620x438.jpg 620w, https:\/\/police-car.com\/website\/wp-content\/uploads\/2020\/12\/CHPheli-400x283.jpg 400w\" sizes=\"auto, (max-width: 746px) 100vw, 746px\" \/><\/a><a href=\"http:\/\/https:\/\/www.police-car.com\/downloads\/poster\/Collecting-Since-1997.zip\"><img loading=\"lazy\" decoding=\"async\" class=\"alignnone wp-image-4573 size-full\" src=\"https:\/\/police-car.com\/website\/wp-content\/uploads\/2025\/01\/Collecting-Since-1997.jpg\" alt=\"\" width=\"746\" height=\"527\" srcset=\"https:\/\/police-car.com\/website\/wp-content\/uploads\/2025\/01\/Collecting-Since-1997-300x213.jpg 300w, https:\/\/police-car.com\/website\/wp-content\/uploads\/2025\/01\/Collecting-Since-1997-750x530.jpg 750w, https:\/\/police-car.com\/website\/wp-content\/uploads\/2025\/01\/Collecting-Since-1997-620x438.jpg 620w, https:\/\/police-car.com\/website\/wp-content\/uploads\/2025\/01\/Collecting-Since-1997-400x283.jpg 400w\" sizes=\"auto, (max-width: 746px) 100vw, 746px\" \/><\/a><a href=\"https:\/\/www.police-car.com\/downloads\/poster\/Are-You-Ready-For-The-Ride.zip\"><img loading=\"lazy\" decoding=\"async\" class=\"alignnone wp-image-4041 size-full\" src=\"https:\/\/police-car.com\/website\/wp-content\/uploads\/2020\/12\/NYPD-Harley.jpg\" alt=\"\" width=\"746\" height=\"527\" srcset=\"https:\/\/police-car.com\/website\/wp-content\/uploads\/2020\/12\/NYPD-Harley.jpg 746w, https:\/\/police-car.com\/website\/wp-content\/uploads\/2020\/12\/NYPD-Harley-300x212.jpg 300w, https:\/\/police-car.com\/website\/wp-content\/uploads\/2020\/12\/NYPD-Harley-620x439.jpg 620w, https:\/\/police-car.com\/website\/wp-content\/uploads\/2020\/12\/NYPD-Harley-400x283.jpg 400w\" sizes=\"auto, (max-width: 746px) 100vw, 746px\" \/><\/a><a href=\"https:\/\/www.police-car.com\/downloads\/poster\/Always-On-Duty.zip\"><img loading=\"lazy\" decoding=\"async\" class=\"alignnone wp-image-4042 size-full\" src=\"https:\/\/police-car.com\/website\/wp-content\/uploads\/2020\/12\/Richardsoncrown.jpg\" alt=\"\" width=\"746\" height=\"527\" srcset=\"https:\/\/police-car.com\/website\/wp-content\/uploads\/2020\/12\/Richardsoncrown.jpg 746w, https:\/\/police-car.com\/website\/wp-content\/uploads\/2020\/12\/Richardsoncrown-300x212.jpg 300w, https:\/\/police-car.com\/website\/wp-content\/uploads\/2020\/12\/Richardsoncrown-620x439.jpg 620w, https:\/\/police-car.com\/website\/wp-content\/uploads\/2020\/12\/Richardsoncrown-400x283.jpg 400w\" sizes=\"auto, (max-width: 746px) 100vw, 746px\" \/><\/a><\/p>\n","protected":false},"excerpt":{"rendered":"<p>Unser aktueller Vereinsflyer zum downloaden: Die Verwendung der Bilder ist nur f\u00fcr den privaten Gebrauch gestattet. Eine gewerbliche Verwendung ist untersagt! Sie d\u00fcrfen weder abge\u00e4ndert, noch d\u00fcrfen Ausschnitte raus kopiert werden. Das Urheberrecht liegt beim&#8230;<\/p>\n","protected":false},"author":3,"featured_media":0,"parent":0,"menu_order":0,"comment_status":"closed","ping_status":"closed","template":"","meta":{"footnotes":""},"class_list":["post-4029","page","type-page","status-publish","hentry"],"_links":{"self":[{"href":"https:\/\/police-car.com\/website\/wp-json\/wp\/v2\/pages\/4029","targetHints":{"allow":["GET"]}}],"collection":[{"href":"https:\/\/police-car.com\/website\/wp-json\/wp\/v2\/pages"}],"about":[{"href":"https:\/\/police-car.com\/website\/wp-json\/wp\/v2\/types\/page"}],"author":[{"embeddable":true,"href":"https:\/\/police-car.com\/website\/wp-json\/wp\/v2\/users\/3"}],"replies":[{"embeddable":true,"href":"https:\/\/police-car.com\/website\/wp-json\/wp\/v2\/comments?post=4029"}],"version-history":[{"count":32,"href":"https:\/\/police-car.com\/website\/wp-json\/wp\/v2\/pages\/4029\/revisions"}],"predecessor-version":[{"id":4576,"href":"https:\/\/police-car.com\/website\/wp-json\/wp\/v2\/pages\/4029\/revisions\/4576"}],"wp:attachment":[{"href":"https:\/\/police-car.com\/website\/wp-json\/wp\/v2\/media?parent=4029"}],"curies":[{"name":"wp","href":"https:\/\/api.w.org\/{rel}","templated":true}]}}